{"id":642335,"date":"2022-10-18T11:06:40","date_gmt":"2022-10-18T08:06:40","guid":{"rendered":"http:\/\/games.tactic.net\/tuote\/larsen-butterflies-maxi\/"},"modified":"2023-10-19T15:20:14","modified_gmt":"2023-10-19T12:20:14","slug":"larsen-butterflies-maxi","status":"publish","type":"product","link":"https:\/\/games.tactic.net\/pl\/tuote\/larsen-butterflies-maxi\/","title":{"rendered":"Larsen Maxi Butterflies 42 el. uk\u0142adanka"},"content":{"rendered":"<p>Uk\u0142adanka Maxi (36.5&#215;28.5 cm) z grubej tektury ze specjalnymi kszta\u0142tami, dzi\u0119ki kt\u00f3rym uczymy si\u0119 nie tylko cierpliwo\u015bci ale te\u017c j\u0119zyk\u00f3w, matematyki, geografii oraz wiedzy og\u00f3lnej. <\/p>\n<p>Ten letni ogr\u00f3d m\u00f3wi g\u0142o\u015bniej ni\u017celi s\u0142owa z r\u00f3\u017cnorodnymi kwiatami i motylami. Ta 42-elementowa uk\u0142adanka demonstruje prawdziwe pi\u0119kno z min. sk\u0105pymi motylami miedzianymi, \u017ca\u0142obnikiem, ciemnozielonym, pomara\u0144czowym czubkiem, pawiem, ma\u0142ym \u017c\u00f3\u0142wiem, otoczone polami kwiatowymi pe\u0142nymi storczyk\u00f3w, mniszk\u00f3w, nagietk\u00f3w bagiennych, zaj\u0105czk\u00f3w, eustomy sercowej, stokrotek, pierwiosnk\u00f3w, poziomek le\u015bnych, bzu pospolitego, fio\u0142k\u00f3w psich, lilii, kwiat\u00f3w kuku\u0142ki, czerwonych koniczyn i astr\u00f3w. W\u015br\u00f3d \u015bwie\u017cych kwiat\u00f3w mo\u017cemy znale\u017a\u0107 paj\u0105ka krzy\u017caka, odwa\u017cn\u0105 wa\u017ck\u0119, jask\u00f3\u0142k\u0119 dym\u00f3wk\u0119, g\u0105sienic\u0119, \u015blimaka gajowego, biedronk\u0119 i mr\u00f3wk\u0119. Co charakterystyczne, wiele element\u00f3w uk\u0142adanki ma kszta\u0142t r\u00f3\u017cnych gatunk\u00f3w motyli gotowych do wysokiego lotu przez letnie pola. Ta jasna i kolorowa ilustracja pola kwiatowego sprawi, \u017ce b\u0142yskawicznie pomy\u015blisz o \u015bwie\u017cej letniej bryzie!<\/p>\n<p>Firma Larsen od 75 lat tworzy wysokiej jako\u015bci uk\u0142adanki z grubej (4mm) tektury. Nasz\u0105 ide\u0105 zawsze by\u0142o tworzenie wysokiej jako\u015bci produkt\u00f3w dla dzieci, kt\u00f3re s\u0105 zar\u00f3wno zabawne, jak i edukacyjne. Znajdujemy si\u0119 w Flekkefjord, idyllicznym miasteczku w po\u0142udniowej Norwegii, w po\u0142owie drogi mi\u0119dzy Kristiansand i Stavanger. Cieszymy si\u0119 \u017ce, dzi\u0119ki wsp\u00f3\u0142pracy z fi\u0144ska firm\u0105 Tactic Oy, mo\u017cemy oferowa\u0107 Pa\u0144stwu najwy\u017csz\u0105 jako\u015b\u0107 r\u00f3wnie\u017c w Polsce. <\/p>\n<p>Uk\u0142adanki Larsen odznaczaj\u0105 si\u0119<br \/>\n-nietypowymi i jedynymi w swoim rodzaju wykrojnikami, kt\u00f3re sprawiaj\u0105 wielk\u0105 przyjemno\u015b\u0107 z uk\u0142adania.<br \/>\n-produkcj\u0105 w Norwegii i wysok\u0105 jako\u015bci\u0105.<br \/>\n-starann\u0105 selekcj\u0105 obrazk\u00f3w dla ka\u017cdego wieku<br \/>\n-edukacyjnym charakterem uk\u0142adanek<br \/>\n-zlokalizowanymi wzorami na wiele rynk\u00f3w. <\/p>\n","protected":false},"excerpt":{"rendered":"<p>Uk\u0142adanka Maxi (36.5&#215;28.5 cm) z grubej tektury ze specjalnymi kszta\u0142tami, dzi\u0119ki kt\u00f3rym uczymy si\u0119 nie tylko cierpliwo\u015bci ale te\u017c j\u0119zyk\u00f3w, matematyki, geografii oraz wiedzy og\u00f3lnej. Ten letni ogr\u00f3d m\u00f3wi g\u0142o\u015bniej ni\u017celi s\u0142owa z r\u00f3\u017cnorodnymi kwiatami i motylami. Ta 42-elementowa uk\u0142adanka demonstruje prawdziwe pi\u0119kno z min. sk\u0105pymi motylami miedzianymi, \u017ca\u0142obnikiem, ciemnozielonym, pomara\u0144czowym czubkiem, pawiem, ma\u0142ym \u017c\u00f3\u0142wiem, [&hellip;]<\/p>\n","protected":false},"featured_media":0,"template":"","meta":{"content-type":"","_monsterinsights_skip_tracking":false,"_monsterinsights_sitenote_active":false,"_monsterinsights_sitenote_note":"","_monsterinsights_sitenote_category":0},"product_brand":[],"product_cat":[1793],"product_tag":[1234,995,991],"brand":[],"target-group":[],"discontinued":[],"class_list":{"0":"post-642335","1":"product","2":"type-product","3":"status-publish","5":"product_cat-puzzle-dla-dzieci-puzzle","6":"product_tag-laczenie-pl","7":"product_tag-wieloosobowe","8":"product_tag-zabawa","10":"first","11":"instock","12":"taxable","13":"shipping-taxable","14":"product-type-simple"},"aioseo_notices":[],"_links":{"self":[{"href":"https:\/\/games.tactic.net\/pl\/wp-json\/wp\/v2\/product\/642335","targetHints":{"allow":["GET"]}}],"collection":[{"href":"https:\/\/games.tactic.net\/pl\/wp-json\/wp\/v2\/product"}],"about":[{"href":"https:\/\/games.tactic.net\/pl\/wp-json\/wp\/v2\/types\/product"}],"wp:attachment":[{"href":"https:\/\/games.tactic.net\/pl\/wp-json\/wp\/v2\/media?parent=642335"}],"wp:term":[{"taxonomy":"product_brand","embeddable":true,"href":"https:\/\/games.tactic.net\/pl\/wp-json\/wp\/v2\/product_brand?post=642335"},{"taxonomy":"product_cat","embeddable":true,"href":"https:\/\/games.tactic.net\/pl\/wp-json\/wp\/v2\/product_cat?post=642335"},{"taxonomy":"product_tag","embeddable":true,"href":"https:\/\/games.tactic.net\/pl\/wp-json\/wp\/v2\/product_tag?post=642335"},{"taxonomy":"brand","embeddable":true,"href":"https:\/\/games.tactic.net\/pl\/wp-json\/wp\/v2\/brand?post=642335"},{"taxonomy":"target-group","embeddable":true,"href":"https:\/\/games.tactic.net\/pl\/wp-json\/wp\/v2\/target-group?post=642335"},{"taxonomy":"discontinued","embeddable":true,"href":"https:\/\/games.tactic.net\/pl\/wp-json\/wp\/v2\/discontinued?post=642335"}],"curies":[{"name":"wp","href":"https:\/\/api.w.org\/{rel}","templated":true}]}}