{"id":642262,"date":"2022-10-18T11:05:36","date_gmt":"2022-10-18T08:05:36","guid":{"rendered":"http:\/\/games.tactic.net\/tuote\/larsen-farm-animals-maxi\/"},"modified":"2023-10-19T15:30:21","modified_gmt":"2023-10-19T12:30:21","slug":"larsen-farm-animals-maxi","status":"publish","type":"product","link":"https:\/\/games.tactic.net\/pl\/tuote\/larsen-farm-animals-maxi\/","title":{"rendered":"Larsen Maxi Farm Animals 23 el. uk\u0142adanka"},"content":{"rendered":"<p>Uk\u0142adanka Maxi (36.5&#215;28.5 cm) z grubej tektury ze specjalnymi kszta\u0142tami, dzi\u0119ki kt\u00f3rym uczymy si\u0119 nie tylko cierpliwo\u015bci ale te\u017c j\u0119zyk\u00f3w, matematyki, geografii oraz wiedzy og\u00f3lnej. <\/p>\n<p>Czy pomo\u017cesz sprowadzi\u0107 kacz\u0105tka z powrotem do matki w ich naturalnym \u015brodowisku? Ta ciep\u0142a i przytulna uk\u0142adanka ze scenami z farmy \u0142\u0105czy wszystkie zwierz\u0119ta. Zwierz\u0119ta w uk\u0142adance mog\u0105 cieszy\u0107 si\u0119 \u015bwie\u017c\u0105 traw\u0105, towarzystwem rodziny, miejscem do w\u0119dr\u00f3wki i \u015bwie\u017cym powietrzem. Uk\u0142adanka zawiera 23 elementy, dzi\u0119ki czemu jest \u0142atwiejsza do u\u0142o\u017cenia dla m\u0142odszych dzieci. Ko\u0144 i \u017arebak z przyjemno\u015bci\u0105 obserwuj\u0105 wszystko, co dzieje si\u0119 w ich stajni, podczas gdy krowa i jej ciel\u0119 zerkaj\u0105 zza p\u0142otu. Puszysta, we\u0142niana owieczka stoi silna i pilnuje swoich jagni\u0105t, upewniaj\u0105c si\u0119, \u017ce s\u0105 blisko. Idealnie r\u00f3\u017cowe prosi\u0119ta swobodnie kr\u0105\u017c\u0105 po farmie, podczas gdy kogut przygotowuje si\u0119 do swojego koguta o 6 rano! Dwie jask\u00f3\u0142ki pot\u0119\u017cnie szybuj\u0105 po niebie w ten jasny i wczesny poranek, podczas gdy sowa siedzi z powrotem na gzymsie okna cierpliwie czekaj\u0105c na noc, aby ponownie si\u0119 pojawi\u0107. Jak kacz\u0105tka gromadz\u0105 si\u0119 wok\u00f3\u0142 mamy kaczki w ma\u0142ym stawie, kot Colin siedzi niespokojnie na drzewie. Co mo\u017ce sprawi\u0107, \u017ce Colin do\u0142\u0105czy do reszty farmerskiej rodziny?<\/p>\n<p>Firma Larsen od 75 lat tworzy wysokiej jako\u015bci uk\u0142adanki z grubej (4mm) tektury. Nasz\u0105 ide\u0105 zawsze by\u0142o tworzenie wysokiej jako\u015bci produkt\u00f3w dla dzieci, kt\u00f3re s\u0105 zar\u00f3wno zabawne, jak i edukacyjne. Znajdujemy si\u0119 w Flekkefjord, idyllicznym miasteczku w po\u0142udniowej Norwegii, w po\u0142owie drogi mi\u0119dzy Kristiansand i Stavanger. Cieszymy si\u0119 \u017ce, dzi\u0119ki wsp\u00f3\u0142pracy z fi\u0144ska firm\u0105 Tactic Oy, mo\u017cemy oferowa\u0107 Pa\u0144stwu najwy\u017csz\u0105 jako\u015b\u0107 r\u00f3wnie\u017c w Polsce. <\/p>\n<p>Uk\u0142adanki Larsen odznaczaj\u0105 si\u0119<br \/>\n-nietypowymi i jedynymi w swoim rodzaju wykrojnikami, kt\u00f3re sprawiaj\u0105 wielk\u0105 przyjemno\u015b\u0107 z uk\u0142adania.<br \/>\n-produkcj\u0105 w Norwegii i wysok\u0105 jako\u015bci\u0105.<br \/>\n-starann\u0105 selekcj\u0105 obrazk\u00f3w dla ka\u017cdego wieku<br \/>\n-edukacyjnym charakterem uk\u0142adanek<br \/>\n-zlokalizowanymi wzorami na wiele rynk\u00f3w. <\/p>\n","protected":false},"excerpt":{"rendered":"<p>Uk\u0142adanka Maxi (36.5&#215;28.5 cm) z grubej tektury ze specjalnymi kszta\u0142tami, dzi\u0119ki kt\u00f3rym uczymy si\u0119 nie tylko cierpliwo\u015bci ale te\u017c j\u0119zyk\u00f3w, matematyki, geografii oraz wiedzy og\u00f3lnej. Czy pomo\u017cesz sprowadzi\u0107 kacz\u0105tka z powrotem do matki w ich naturalnym \u015brodowisku? Ta ciep\u0142a i przytulna uk\u0142adanka ze scenami z farmy \u0142\u0105czy wszystkie zwierz\u0119ta. Zwierz\u0119ta w uk\u0142adance mog\u0105 cieszy\u0107 si\u0119 [&hellip;]<\/p>\n","protected":false},"featured_media":0,"template":"","meta":{"content-type":"","_monsterinsights_skip_tracking":false,"_monsterinsights_sitenote_active":false,"_monsterinsights_sitenote_note":"","_monsterinsights_sitenote_category":0},"product_brand":[],"product_cat":[1793],"product_tag":[1234,995,991],"brand":[],"target-group":[],"discontinued":[],"class_list":{"0":"post-642262","1":"product","2":"type-product","3":"status-publish","5":"product_cat-puzzle-dla-dzieci-puzzle","6":"product_tag-laczenie-pl","7":"product_tag-wieloosobowe","8":"product_tag-zabawa","10":"first","11":"instock","12":"taxable","13":"shipping-taxable","14":"product-type-simple"},"aioseo_notices":[],"_links":{"self":[{"href":"https:\/\/games.tactic.net\/pl\/wp-json\/wp\/v2\/product\/642262","targetHints":{"allow":["GET"]}}],"collection":[{"href":"https:\/\/games.tactic.net\/pl\/wp-json\/wp\/v2\/product"}],"about":[{"href":"https:\/\/games.tactic.net\/pl\/wp-json\/wp\/v2\/types\/product"}],"wp:attachment":[{"href":"https:\/\/games.tactic.net\/pl\/wp-json\/wp\/v2\/media?parent=642262"}],"wp:term":[{"taxonomy":"product_brand","embeddable":true,"href":"https:\/\/games.tactic.net\/pl\/wp-json\/wp\/v2\/product_brand?post=642262"},{"taxonomy":"product_cat","embeddable":true,"href":"https:\/\/games.tactic.net\/pl\/wp-json\/wp\/v2\/product_cat?post=642262"},{"taxonomy":"product_tag","embeddable":true,"href":"https:\/\/games.tactic.net\/pl\/wp-json\/wp\/v2\/product_tag?post=642262"},{"taxonomy":"brand","embeddable":true,"href":"https:\/\/games.tactic.net\/pl\/wp-json\/wp\/v2\/brand?post=642262"},{"taxonomy":"target-group","embeddable":true,"href":"https:\/\/games.tactic.net\/pl\/wp-json\/wp\/v2\/target-group?post=642262"},{"taxonomy":"discontinued","embeddable":true,"href":"https:\/\/games.tactic.net\/pl\/wp-json\/wp\/v2\/discontinued?post=642262"}],"curies":[{"name":"wp","href":"https:\/\/api.w.org\/{rel}","templated":true}]}}