{"id":642189,"date":"2022-10-18T11:04:30","date_gmt":"2022-10-18T08:04:30","guid":{"rendered":"http:\/\/games.tactic.net\/tuote\/larsen-whale-reef-maxi\/"},"modified":"2023-10-19T16:32:33","modified_gmt":"2023-10-19T13:32:33","slug":"larsen-whale-reef-maxi","status":"publish","type":"product","link":"https:\/\/games.tactic.net\/pl\/tuote\/larsen-whale-reef-maxi\/","title":{"rendered":"Larsen Maxi Whale Reef 66 el. uk\u0142adanka"},"content":{"rendered":"<p>Uk\u0142adanka Maxi (36.5&#215;28.5 cm) z grubej tektury ze specjalnymi kszta\u0142tami, dzi\u0119ki kt\u00f3rym uczymy si\u0119 nie tylko cierpliwo\u015bci ale te\u017c j\u0119zyk\u00f3w, matematyki, geografii oraz wiedzy og\u00f3lnej. <\/p>\n<p>Eksploruj w oceanie, nurkuj\u0105c w ruchu, podczas gdy ryby po\u015bwi\u0119caj\u0105 ca\u0142y czas na p\u0142ywanie&#8230; pod powierzchni\u0105 morza. Ta nienaganna uk\u0142adanka z raf\u0105 koralow\u0105 zawiera 66 element\u00f3w i najlepiej nadaje si\u0119 dla starszych dzieci. G\u0142\u00f3wny motyw to Ocean Spokojny, kt\u00f3ry jest pi\u0119knie zilustrowany przyci\u0105gaj\u0105cymi wzrok kolorami, skupiaj\u0105c si\u0119 na kreatywnych koralowcach i wszystkich rybach w dole. W uk\u0142adance znajduj\u0105 si\u0119 min. lataj\u0105ce ryby, albatros w\u0119drowny, pelikan, , albatros czarnobrewy, wielki niebieski wieloryb, skacz\u0105ca meduza, tu\u0144czyk, \u017c\u00f3\u0142w sk\u00f3rzasty, manta, gigantyczna ka\u0142amarnica, zebrafish, niebieski rekin, o\u015bmiornica, i wielki bia\u0142y rekin otoczony przez rozgwiazdy i koralowce. Czy potrafisz rozpozna\u0107 wszystkie ryby? A mo\u017ce w\u015br\u00f3d koralowc\u00f3w ukrywaj\u0105 si\u0119 jakie\u015b.<\/p>\n<p>Firma Larsen od 75 lat tworzy wysokiej jako\u015bci uk\u0142adanki z grubej (4mm) tektury. Nasz\u0105 ide\u0105 zawsze by\u0142o tworzenie wysokiej jako\u015bci produkt\u00f3w dla dzieci, kt\u00f3re s\u0105 zar\u00f3wno zabawne, jak i edukacyjne. Znajdujemy si\u0119 w Flekkefjord, idyllicznym miasteczku w po\u0142udniowej Norwegii, w po\u0142owie drogi mi\u0119dzy Kristiansand i Stavanger. Cieszymy si\u0119 \u017ce, dzi\u0119ki wsp\u00f3\u0142pracy z fi\u0144ska firm\u0105 Tactic Oy, mo\u017cemy oferowa\u0107 Pa\u0144stwu najwy\u017csz\u0105 jako\u015b\u0107 r\u00f3wnie\u017c w Polsce. <\/p>\n<p>Uk\u0142adanki Larsen odznaczaj\u0105 si\u0119<br \/>\n-nietypowymi i jedynymi w swoim rodzaju wykrojnikami, kt\u00f3re sprawiaj\u0105 wielk\u0105 przyjemno\u015b\u0107 z uk\u0142adania.<br \/>\n-produkcj\u0105 w Norwegii i wysok\u0105 jako\u015bci\u0105.<br \/>\n-starann\u0105 selekcj\u0105 obrazk\u00f3w dla ka\u017cdego wieku<br \/>\n-edukacyjnym charakterem uk\u0142adanek<br \/>\n-zlokalizowanymi wzorami na wiele rynk\u00f3w. <\/p>\n","protected":false},"excerpt":{"rendered":"<p>Uk\u0142adanka Maxi (36.5&#215;28.5 cm) z grubej tektury ze specjalnymi kszta\u0142tami, dzi\u0119ki kt\u00f3rym uczymy si\u0119 nie tylko cierpliwo\u015bci ale te\u017c j\u0119zyk\u00f3w, matematyki, geografii oraz wiedzy og\u00f3lnej. Eksploruj w oceanie, nurkuj\u0105c w ruchu, podczas gdy ryby po\u015bwi\u0119caj\u0105 ca\u0142y czas na p\u0142ywanie&#8230; pod powierzchni\u0105 morza. Ta nienaganna uk\u0142adanka z raf\u0105 koralow\u0105 zawiera 66 element\u00f3w i najlepiej nadaje si\u0119 [&hellip;]<\/p>\n","protected":false},"featured_media":0,"template":"","meta":{"content-type":"","_monsterinsights_skip_tracking":false,"_monsterinsights_sitenote_active":false,"_monsterinsights_sitenote_note":"","_monsterinsights_sitenote_category":0},"product_brand":[],"product_cat":[1793],"product_tag":[346,995,991],"brand":[],"target-group":[],"discontinued":[],"class_list":{"0":"post-642189","1":"product","2":"type-product","3":"status-publish","5":"product_cat-puzzle-dla-dzieci-puzzle","6":"product_tag-laczenie","7":"product_tag-wieloosobowe","8":"product_tag-zabawa","10":"first","11":"outofstock","12":"taxable","13":"shipping-taxable","14":"product-type-simple"},"aioseo_notices":[],"_links":{"self":[{"href":"https:\/\/games.tactic.net\/pl\/wp-json\/wp\/v2\/product\/642189","targetHints":{"allow":["GET"]}}],"collection":[{"href":"https:\/\/games.tactic.net\/pl\/wp-json\/wp\/v2\/product"}],"about":[{"href":"https:\/\/games.tactic.net\/pl\/wp-json\/wp\/v2\/types\/product"}],"wp:attachment":[{"href":"https:\/\/games.tactic.net\/pl\/wp-json\/wp\/v2\/media?parent=642189"}],"wp:term":[{"taxonomy":"product_brand","embeddable":true,"href":"https:\/\/games.tactic.net\/pl\/wp-json\/wp\/v2\/product_brand?post=642189"},{"taxonomy":"product_cat","embeddable":true,"href":"https:\/\/games.tactic.net\/pl\/wp-json\/wp\/v2\/product_cat?post=642189"},{"taxonomy":"product_tag","embeddable":true,"href":"https:\/\/games.tactic.net\/pl\/wp-json\/wp\/v2\/product_tag?post=642189"},{"taxonomy":"brand","embeddable":true,"href":"https:\/\/games.tactic.net\/pl\/wp-json\/wp\/v2\/brand?post=642189"},{"taxonomy":"target-group","embeddable":true,"href":"https:\/\/games.tactic.net\/pl\/wp-json\/wp\/v2\/target-group?post=642189"},{"taxonomy":"discontinued","embeddable":true,"href":"https:\/\/games.tactic.net\/pl\/wp-json\/wp\/v2\/discontinued?post=642189"}],"curies":[{"name":"wp","href":"https:\/\/api.w.org\/{rel}","templated":true}]}}