{"id":641840,"date":"2022-10-18T10:55:36","date_gmt":"2022-10-18T07:55:36","guid":{"rendered":"http:\/\/games.tactic.net\/tuote\/larsen-south-american-rainforest-maxi\/"},"modified":"2023-10-19T16:29:07","modified_gmt":"2023-10-19T13:29:07","slug":"larsen-south-american-rainforest-maxi","status":"publish","type":"product","link":"https:\/\/games.tactic.net\/pl\/tuote\/larsen-south-american-rainforest-maxi\/","title":{"rendered":"Larsen Maxi South American Rainforest 70 el. uk\u0142adanka"},"content":{"rendered":"<p>Uk\u0142adanka Maxi (36.5&#215;28.5 cm) z grubej tektury ze specjalnymi kszta\u0142tami, dzi\u0119ki kt\u00f3rym uczymy si\u0119 nie tylko cierpliwo\u015bci ale te\u017c j\u0119zyk\u00f3w, matematyki, geografii oraz wiedzy og\u00f3lnej. <\/p>\n<p>Po\u0142udniowoameryka\u0144ski las deszczowy to ekosystem, kt\u00f3ry jest pe\u0142en wielu nowych ro\u015blin i zwierz\u0105t. Jasne kolorowe papugi odpoczywaj\u0105 na drzewach, gdy zielone w\u0119\u017ce zwijaj\u0105 si\u0119 wok\u00f3\u0142 ga\u0142\u0119zi. Inne ptaki odpoczywaj\u0105 i lataj\u0105 w powietrzu nad innymi stworzeniami. Ciekawska ma\u0142pa bada lian\u0119, a leniwiec j\u0105 obserwuje. Czy potrafisz znale\u017a\u0107 \u017cuka i motyla? P\u0142ochliwy jele\u0144 przemyka przez podszycie za wyleguj\u0105cym si\u0119 jaguarem. \u017baba przygl\u0105da si\u0119 temu i przygotowuje si\u0119 do zjedzenia przek\u0105ski. Kt\u00f3rego owada zje najpierw?<\/p>\n<p>Firma Larsen od 75 lat tworzy wysokiej jako\u015bci uk\u0142adanki z grubej (4mm) tektury. Nasz\u0105 ide\u0105 zawsze by\u0142o tworzenie wysokiej jako\u015bci produkt\u00f3w dla dzieci, kt\u00f3re s\u0105 zar\u00f3wno zabawne, jak i edukacyjne. Znajdujemy si\u0119 w Flekkefjord, idyllicznym miasteczku w po\u0142udniowej Norwegii, w po\u0142owie drogi mi\u0119dzy Kristiansand i Stavanger. Cieszymy si\u0119 \u017ce, dzi\u0119ki wsp\u00f3\u0142pracy z fi\u0144ska firm\u0105 Tactic Oy, mo\u017cemy oferowa\u0107 Pa\u0144stwu najwy\u017csz\u0105 jako\u015b\u0107 r\u00f3wnie\u017c w Polsce. <\/p>\n<p>Uk\u0142adanki Larsen odznaczaj\u0105 si\u0119<br \/>\n-nietypowymi i jedynymi w swoim rodzaju wykrojnikami, kt\u00f3re sprawiaj\u0105 wielk\u0105 przyjemno\u015b\u0107 z uk\u0142adania.<br \/>\n-produkcj\u0105 w Norwegii i wysok\u0105 jako\u015bci\u0105.<br \/>\n-starann\u0105 selekcj\u0105 obrazk\u00f3w dla ka\u017cdego wieku<br \/>\n-edukacyjnym charakterem uk\u0142adanek<br \/>\n-zlokalizowanymi wzorami na wiele rynk\u00f3w. <\/p>\n","protected":false},"excerpt":{"rendered":"<p>Uk\u0142adanka Maxi (36.5&#215;28.5 cm) z grubej tektury ze specjalnymi kszta\u0142tami, dzi\u0119ki kt\u00f3rym uczymy si\u0119 nie tylko cierpliwo\u015bci ale te\u017c j\u0119zyk\u00f3w, matematyki, geografii oraz wiedzy og\u00f3lnej. Po\u0142udniowoameryka\u0144ski las deszczowy to ekosystem, kt\u00f3ry jest pe\u0142en wielu nowych ro\u015blin i zwierz\u0105t. Jasne kolorowe papugi odpoczywaj\u0105 na drzewach, gdy zielone w\u0119\u017ce zwijaj\u0105 si\u0119 wok\u00f3\u0142 ga\u0142\u0119zi. Inne ptaki odpoczywaj\u0105 i [&hellip;]<\/p>\n","protected":false},"featured_media":0,"template":"","meta":{"content-type":"","_monsterinsights_skip_tracking":false,"_monsterinsights_sitenote_active":false,"_monsterinsights_sitenote_note":"","_monsterinsights_sitenote_category":0},"product_brand":[],"product_cat":[1793],"product_tag":[1234,995,991],"brand":[],"target-group":[],"discontinued":[],"class_list":{"0":"post-641840","1":"product","2":"type-product","3":"status-publish","5":"product_cat-puzzle-dla-dzieci-puzzle","6":"product_tag-laczenie-pl","7":"product_tag-wieloosobowe","8":"product_tag-zabawa","10":"first","11":"instock","12":"taxable","13":"shipping-taxable","14":"product-type-simple"},"aioseo_notices":[],"_links":{"self":[{"href":"https:\/\/games.tactic.net\/pl\/wp-json\/wp\/v2\/product\/641840","targetHints":{"allow":["GET"]}}],"collection":[{"href":"https:\/\/games.tactic.net\/pl\/wp-json\/wp\/v2\/product"}],"about":[{"href":"https:\/\/games.tactic.net\/pl\/wp-json\/wp\/v2\/types\/product"}],"wp:attachment":[{"href":"https:\/\/games.tactic.net\/pl\/wp-json\/wp\/v2\/media?parent=641840"}],"wp:term":[{"taxonomy":"product_brand","embeddable":true,"href":"https:\/\/games.tactic.net\/pl\/wp-json\/wp\/v2\/product_brand?post=641840"},{"taxonomy":"product_cat","embeddable":true,"href":"https:\/\/games.tactic.net\/pl\/wp-json\/wp\/v2\/product_cat?post=641840"},{"taxonomy":"product_tag","embeddable":true,"href":"https:\/\/games.tactic.net\/pl\/wp-json\/wp\/v2\/product_tag?post=641840"},{"taxonomy":"brand","embeddable":true,"href":"https:\/\/games.tactic.net\/pl\/wp-json\/wp\/v2\/brand?post=641840"},{"taxonomy":"target-group","embeddable":true,"href":"https:\/\/games.tactic.net\/pl\/wp-json\/wp\/v2\/target-group?post=641840"},{"taxonomy":"discontinued","embeddable":true,"href":"https:\/\/games.tactic.net\/pl\/wp-json\/wp\/v2\/discontinued?post=641840"}],"curies":[{"name":"wp","href":"https:\/\/api.w.org\/{rel}","templated":true}]}}