{"id":641694,"date":"2022-10-18T10:52:32","date_gmt":"2022-10-18T07:52:32","guid":{"rendered":"http:\/\/games.tactic.net\/tuote\/larsen-puzzle-1-10-maxi\/"},"modified":"2023-10-19T16:24:57","modified_gmt":"2023-10-19T13:24:57","slug":"larsen-puzzle-1-10-maxi","status":"publish","type":"product","link":"https:\/\/games.tactic.net\/pl\/tuote\/larsen-puzzle-1-10-maxi\/","title":{"rendered":"Larsen Maxi 1-10 10 el. uk\u0142adanka"},"content":{"rendered":"<p>Uk\u0142adanka Maxi (36.5&#215;28.5 cm) z grubej tektury ze specjalnymi kszta\u0142tami, dzi\u0119ki kt\u00f3rym uczymy si\u0119 nie tylko cierpliwo\u015bci ale te\u017c j\u0119zyk\u00f3w, matematyki, geografii oraz wiedzy og\u00f3lnej. <\/p>\n<p>Jeden \u017c\u00f3\u0142ty rower, dwa czerwone jab\u0142ka, trzy k\u0142\u00f3c\u0105ce si\u0119 kaczki, cztery soczyste winogrona i pi\u0119\u0107 odbijaj\u0105cych si\u0119 pi\u0142eczek, chodz\u0105cych w g\u00f3r\u0119 i w d\u00f3\u0142 oraz uderzaj\u0105cych o pod\u0142og\u0119. Sze\u015b\u0107 kremowych jogurt\u00f3w, 7 gadatliwych papug, 8 fioletowych kwiat\u00f3w, ale nie ma pomara\u0144czowych marchewek! Jest jednak 9 pomara\u0144czowych owoc\u00f3w, 10 \u015bwiatowych globus\u00f3w, w sam raz dla mnie i dla Ciebie ! Ta uk\u0142adanka zach\u0119ca i promuje rozpoznawanie liczb. Ka\u017cdy element uk\u0142adanki jest starannie wyeksponowany z liczb\u0105 i pasuje tylko we w\u0142a\u015bciwe miejsce. Ilustracja przedstawiaj\u0105ca liczb\u0119 jest wy\u015bwietlana w poprzek ramki, bezpo\u015brednio pod wy\u017cszym rz\u0119dem. Liczby s\u0105 w jasnych, przyci\u0105gaj\u0105cych wzrok kolorach, z zakrzywion\u0105 kraw\u0119dzi\u0105. Uk\u0142adanka zawiera 10 zakrzywionych element\u00f3w, kt\u00f3re najlepiej nadaj\u0105 si\u0119 dla m\u0142odszych dzieci ucz\u0105cych si\u0119 liczb od 1 do 10.<\/p>\n<p>Firma Larsen od 75 lat tworzy wysokiej jako\u015bci uk\u0142adanki z grubej (4mm) tektury. Nasz\u0105 ide\u0105 zawsze by\u0142o tworzenie wysokiej jako\u015bci produkt\u00f3w dla dzieci, kt\u00f3re s\u0105 zar\u00f3wno zabawne, jak i edukacyjne. Znajdujemy si\u0119 w Flekkefjord, idyllicznym miasteczku w po\u0142udniowej Norwegii, w po\u0142owie drogi mi\u0119dzy Kristiansand i Stavanger. Cieszymy si\u0119 \u017ce, dzi\u0119ki wsp\u00f3\u0142pracy z fi\u0144ska firm\u0105 Tactic Oy, mo\u017cemy oferowa\u0107 Pa\u0144stwu najwy\u017csz\u0105 jako\u015b\u0107 r\u00f3wnie\u017c w Polsce. <\/p>\n<p>Uk\u0142adanki Larsen odznaczaj\u0105 si\u0119<br \/>\n-nietypowymi i jedynymi w swoim rodzaju wykrojnikami, kt\u00f3re sprawiaj\u0105 wielk\u0105 przyjemno\u015b\u0107 z uk\u0142adania.<br \/>\n-produkcj\u0105 w Norwegii i wysok\u0105 jako\u015bci\u0105.<br \/>\n-starann\u0105 selekcj\u0105 obrazk\u00f3w dla ka\u017cdego wieku<br \/>\n-edukacyjnym charakterem uk\u0142adanek<br \/>\n-zlokalizowanymi wzorami na wiele rynk\u00f3w. <\/p>\n","protected":false},"excerpt":{"rendered":"<p>Uk\u0142adanka Maxi (36.5&#215;28.5 cm) z grubej tektury ze specjalnymi kszta\u0142tami, dzi\u0119ki kt\u00f3rym uczymy si\u0119 nie tylko cierpliwo\u015bci ale te\u017c j\u0119zyk\u00f3w, matematyki, geografii oraz wiedzy og\u00f3lnej. Jeden \u017c\u00f3\u0142ty rower, dwa czerwone jab\u0142ka, trzy k\u0142\u00f3c\u0105ce si\u0119 kaczki, cztery soczyste winogrona i pi\u0119\u0107 odbijaj\u0105cych si\u0119 pi\u0142eczek, chodz\u0105cych w g\u00f3r\u0119 i w d\u00f3\u0142 oraz uderzaj\u0105cych o pod\u0142og\u0119. Sze\u015b\u0107 kremowych [&hellip;]<\/p>\n","protected":false},"featured_media":0,"template":"","meta":{"content-type":"","_monsterinsights_skip_tracking":false,"_monsterinsights_sitenote_active":false,"_monsterinsights_sitenote_note":"","_monsterinsights_sitenote_category":0},"product_brand":[],"product_cat":[1793],"product_tag":[1234,897,991],"brand":[],"target-group":[],"discontinued":[],"class_list":{"0":"post-641694","1":"product","2":"type-product","3":"status-publish","5":"product_cat-puzzle-dla-dzieci-puzzle","6":"product_tag-laczenie-pl","7":"product_tag-taktyka","8":"product_tag-zabawa","10":"first","11":"instock","12":"taxable","13":"shipping-taxable","14":"product-type-simple"},"aioseo_notices":[],"_links":{"self":[{"href":"https:\/\/games.tactic.net\/pl\/wp-json\/wp\/v2\/product\/641694","targetHints":{"allow":["GET"]}}],"collection":[{"href":"https:\/\/games.tactic.net\/pl\/wp-json\/wp\/v2\/product"}],"about":[{"href":"https:\/\/games.tactic.net\/pl\/wp-json\/wp\/v2\/types\/product"}],"wp:attachment":[{"href":"https:\/\/games.tactic.net\/pl\/wp-json\/wp\/v2\/media?parent=641694"}],"wp:term":[{"taxonomy":"product_brand","embeddable":true,"href":"https:\/\/games.tactic.net\/pl\/wp-json\/wp\/v2\/product_brand?post=641694"},{"taxonomy":"product_cat","embeddable":true,"href":"https:\/\/games.tactic.net\/pl\/wp-json\/wp\/v2\/product_cat?post=641694"},{"taxonomy":"product_tag","embeddable":true,"href":"https:\/\/games.tactic.net\/pl\/wp-json\/wp\/v2\/product_tag?post=641694"},{"taxonomy":"brand","embeddable":true,"href":"https:\/\/games.tactic.net\/pl\/wp-json\/wp\/v2\/brand?post=641694"},{"taxonomy":"target-group","embeddable":true,"href":"https:\/\/games.tactic.net\/pl\/wp-json\/wp\/v2\/target-group?post=641694"},{"taxonomy":"discontinued","embeddable":true,"href":"https:\/\/games.tactic.net\/pl\/wp-json\/wp\/v2\/discontinued?post=641694"}],"curies":[{"name":"wp","href":"https:\/\/api.w.org\/{rel}","templated":true}]}}