{"id":641621,"date":"2022-10-18T10:50:23","date_gmt":"2022-10-18T07:50:23","guid":{"rendered":"http:\/\/games.tactic.net\/tuote\/larsen-1-20-puzzle-maxi\/"},"modified":"2023-10-19T15:43:02","modified_gmt":"2023-10-19T12:43:02","slug":"larsen-1-20-puzzle-maxi","status":"publish","type":"product","link":"https:\/\/games.tactic.net\/pl\/tuote\/larsen-1-20-puzzle-maxi\/","title":{"rendered":"Larsen Maxi 1-20 20 el. uk\u0142adanka"},"content":{"rendered":"<p>Uk\u0142adanka Maxi (36.5&#215;28.5 cm) z grubej tektury ze specjalnymi kszta\u0142tami, dzi\u0119ki kt\u00f3rym uczymy si\u0119 nie tylko cierpliwo\u015bci ale te\u017c j\u0119zyk\u00f3w, matematyki, geografii oraz wiedzy og\u00f3lnej. <\/p>\n<p>Je\u015bli jeste\u015b szcz\u0119\u015bliwy i wiesz o tym poka\u017c r\u0119k\u0119, je\u015bli potrafisz liczy\u0107 od 1 do 20 powiedz MOG\u0118! U\u017cyj r\u0105k, aby pokaza\u0107 i pokaza\u0107 matematyka g\u0142\u0119boko w sobie, rozwi\u0105zuj\u0105c t\u0119 \u0142amig\u0142\u00f3wk\u0119 tak szybko, jak to mo\u017cliwe! Do\u0142\u0105cz do zabawy z liczbami dzi\u0119ki tej edukacyjnej uk\u0142adance matematycznej. Nauczysz si\u0119 liczy\u0107 od 1 do 20 i jak dodawa\u0107 do siebie, aby stworzy\u0107 pewne liczby. Ta kolorowa i wci\u0105gaj\u0105ca uk\u0142adanka jest wy\u015bwietlana w 4 rz\u0119dach puzzli, z ilustracjami d\u0142oni pomi\u0119dzy rz\u0119dami puzzli odci\u015bni\u0119tymi na ramce. Ka\u017cda ilustracja d\u0142oni ma inne kolorowe t\u0142o, aby przyci\u0105gn\u0105\u0107 uwag\u0119 malucha. Pokazuj\u0105 one prawid\u0142ow\u0105 liczb\u0119 palc\u00f3w, aby umo\u017cliwi\u0107 dziecku wizualn\u0105 nauk\u0119. Uk\u0142adanka zawiera 20 element\u00f3w o zakrzywionych kraw\u0119dziach, wszystkie w jaskrawych kolorach i z numerami, i najlepiej nadaje si\u0119 dla m\u0142odszych dzieci ucz\u0105cych si\u0119 liczy\u0107.<\/p>\n<p>Firma Larsen od 75 lat tworzy wysokiej jako\u015bci uk\u0142adanki z grubej (4mm) tektury. Nasz\u0105 ide\u0105 zawsze by\u0142o tworzenie wysokiej jako\u015bci produkt\u00f3w dla dzieci, kt\u00f3re s\u0105 zar\u00f3wno zabawne, jak i edukacyjne. Znajdujemy si\u0119 w Flekkefjord, idyllicznym miasteczku w po\u0142udniowej Norwegii, w po\u0142owie drogi mi\u0119dzy Kristiansand i Stavanger. Cieszymy si\u0119 \u017ce, dzi\u0119ki wsp\u00f3\u0142pracy z fi\u0144ska firm\u0105 Tactic Oy, mo\u017cemy oferowa\u0107 Pa\u0144stwu najwy\u017csz\u0105 jako\u015b\u0107 r\u00f3wnie\u017c w Polsce. <\/p>\n<p>Uk\u0142adanki Larsen odznaczaj\u0105 si\u0119<br \/>\n-nietypowymi i jedynymi w swoim rodzaju wykrojnikami, kt\u00f3re sprawiaj\u0105 wielk\u0105 przyjemno\u015b\u0107 z uk\u0142adania.<br \/>\n-produkcj\u0105 w Norwegii i wysok\u0105 jako\u015bci\u0105.<br \/>\n-starann\u0105 selekcj\u0105 obrazk\u00f3w dla ka\u017cdego wieku<br \/>\n-edukacyjnym charakterem uk\u0142adanek<br \/>\n-zlokalizowanymi wzorami na wiele rynk\u00f3w. <\/p>\n","protected":false},"excerpt":{"rendered":"<p>Uk\u0142adanka Maxi (36.5&#215;28.5 cm) z grubej tektury ze specjalnymi kszta\u0142tami, dzi\u0119ki kt\u00f3rym uczymy si\u0119 nie tylko cierpliwo\u015bci ale te\u017c j\u0119zyk\u00f3w, matematyki, geografii oraz wiedzy og\u00f3lnej. Je\u015bli jeste\u015b szcz\u0119\u015bliwy i wiesz o tym poka\u017c r\u0119k\u0119, je\u015bli potrafisz liczy\u0107 od 1 do 20 powiedz MOG\u0118! U\u017cyj r\u0105k, aby pokaza\u0107 i pokaza\u0107 matematyka g\u0142\u0119boko w sobie, rozwi\u0105zuj\u0105c t\u0119 [&hellip;]<\/p>\n","protected":false},"featured_media":0,"template":"","meta":{"content-type":"","_monsterinsights_skip_tracking":false,"_monsterinsights_sitenote_active":false,"_monsterinsights_sitenote_note":"","_monsterinsights_sitenote_category":0},"product_brand":[],"product_cat":[1793],"product_tag":[1234,995,991],"brand":[],"target-group":[],"discontinued":[],"class_list":{"0":"post-641621","1":"product","2":"type-product","3":"status-publish","5":"product_cat-puzzle-dla-dzieci-puzzle","6":"product_tag-laczenie-pl","7":"product_tag-wieloosobowe","8":"product_tag-zabawa","10":"first","11":"instock","12":"taxable","13":"shipping-taxable","14":"product-type-simple"},"aioseo_notices":[],"_links":{"self":[{"href":"https:\/\/games.tactic.net\/pl\/wp-json\/wp\/v2\/product\/641621","targetHints":{"allow":["GET"]}}],"collection":[{"href":"https:\/\/games.tactic.net\/pl\/wp-json\/wp\/v2\/product"}],"about":[{"href":"https:\/\/games.tactic.net\/pl\/wp-json\/wp\/v2\/types\/product"}],"wp:attachment":[{"href":"https:\/\/games.tactic.net\/pl\/wp-json\/wp\/v2\/media?parent=641621"}],"wp:term":[{"taxonomy":"product_brand","embeddable":true,"href":"https:\/\/games.tactic.net\/pl\/wp-json\/wp\/v2\/product_brand?post=641621"},{"taxonomy":"product_cat","embeddable":true,"href":"https:\/\/games.tactic.net\/pl\/wp-json\/wp\/v2\/product_cat?post=641621"},{"taxonomy":"product_tag","embeddable":true,"href":"https:\/\/games.tactic.net\/pl\/wp-json\/wp\/v2\/product_tag?post=641621"},{"taxonomy":"brand","embeddable":true,"href":"https:\/\/games.tactic.net\/pl\/wp-json\/wp\/v2\/brand?post=641621"},{"taxonomy":"target-group","embeddable":true,"href":"https:\/\/games.tactic.net\/pl\/wp-json\/wp\/v2\/target-group?post=641621"},{"taxonomy":"discontinued","embeddable":true,"href":"https:\/\/games.tactic.net\/pl\/wp-json\/wp\/v2\/discontinued?post=641621"}],"curies":[{"name":"wp","href":"https:\/\/api.w.org\/{rel}","templated":true}]}}