{"id":641475,"date":"2022-10-18T10:44:33","date_gmt":"2022-10-18T07:44:33","guid":{"rendered":"http:\/\/games.tactic.net\/tuote\/larsen-1-100-puzzle-maxi\/"},"modified":"2023-10-19T15:05:05","modified_gmt":"2023-10-19T12:05:05","slug":"larsen-1-100-puzzle-maxi","status":"publish","type":"product","link":"https:\/\/games.tactic.net\/pl\/tuote\/larsen-1-100-puzzle-maxi\/","title":{"rendered":"Larsen Maxi 1-100 100 el. uk\u0142adanka"},"content":{"rendered":"<p>Uk\u0142adanka Maxi (36.5&#215;28.5 cm) z grubej tektury ze specjalnymi kszta\u0142tami, dzi\u0119ki kt\u00f3rym uczymy si\u0119 nie tylko cierpliwo\u015bci ale te\u017c j\u0119zyk\u00f3w, matematyki, geografii oraz wiedzy og\u00f3lnej. <\/p>\n<p>Od 1- 100, czyli 100 z powrotem do 1, licz ka\u017cdy element uk\u0142adanki w miar\u0119 up\u0142ywu czasu. Naucz si\u0119 sekwencji, od lewej do prawej, wszystkie liczby s\u0105 w wyra\u017anym zasi\u0119gu wzroku. Policz z powrotem od 100, z powrotem do numeru 1, u\u017cyj rymu, aby pom\u00f3c ci w nauce i za\u015bpiewaj piosenk\u0119 o liczbie! Ta matematyczna \u0142amig\u0142\u00f3wka jest w komplecie ze 100 zaz\u0119biaj\u0105cymi si\u0119 kawa\u0142kami. Ka\u017cdy kawa\u0142ek uk\u0142adanki ma indywidualne numery na nich i jest niestandardowo wyci\u0119ty, aby pasowa\u0142 do w\u0142a\u015bciwego miejsca w ramce. Twoje dziecko b\u0119dzie w stanie liczy\u0107 od 1-100 w kr\u00f3tkim czasie i z pewno\u015bci\u0105 b\u0119dzie w stanie wy\u015bwietli\u0107 ulepszone umiej\u0119tno\u015bci koordynacji r\u0105k i oczu. Ta uk\u0142adanka jest przeznaczona dla ka\u017cdego, kto uczy si\u0119 liczy\u0107, ale najlepiej nadaje si\u0119 dla nieco starszych dzieci ucz\u0105cych si\u0119 liczy\u0107 do 100.<\/p>\n<p>Firma Larsen od 75 lat tworzy wysokiej jako\u015bci uk\u0142adanki z grubej (4mm) tektury. Nasz\u0105 ide\u0105 zawsze by\u0142o tworzenie wysokiej jako\u015bci produkt\u00f3w dla dzieci, kt\u00f3re s\u0105 zar\u00f3wno zabawne, jak i edukacyjne. Znajdujemy si\u0119 w Flekkefjord, idyllicznym miasteczku w po\u0142udniowej Norwegii, w po\u0142owie drogi mi\u0119dzy Kristiansand i Stavanger. Cieszymy si\u0119 \u017ce, dzi\u0119ki wsp\u00f3\u0142pracy z fi\u0144ska firm\u0105 Tactic Oy, mo\u017cemy oferowa\u0107 Pa\u0144stwu najwy\u017csz\u0105 jako\u015b\u0107 r\u00f3wnie\u017c w Polsce. <\/p>\n<p>Uk\u0142adanki Larsen odznaczaj\u0105 si\u0119<br \/>\n-nietypowymi i jedynymi w swoim rodzaju wykrojnikami, kt\u00f3re sprawiaj\u0105 wielk\u0105 przyjemno\u015b\u0107 z uk\u0142adania.<br \/>\n-produkcj\u0105 w Norwegii i wysok\u0105 jako\u015bci\u0105.<br \/>\n-starann\u0105 selekcj\u0105 obrazk\u00f3w dla ka\u017cdego wieku<br \/>\n-edukacyjnym charakterem uk\u0142adanek<br \/>\n-zlokalizowanymi wzorami na wiele rynk\u00f3w. <\/p>\n","protected":false},"excerpt":{"rendered":"<p>Uk\u0142adanka Maxi (36.5&#215;28.5 cm) z grubej tektury ze specjalnymi kszta\u0142tami, dzi\u0119ki kt\u00f3rym uczymy si\u0119 nie tylko cierpliwo\u015bci ale te\u017c j\u0119zyk\u00f3w, matematyki, geografii oraz wiedzy og\u00f3lnej. Od 1- 100, czyli 100 z powrotem do 1, licz ka\u017cdy element uk\u0142adanki w miar\u0119 up\u0142ywu czasu. Naucz si\u0119 sekwencji, od lewej do prawej, wszystkie liczby s\u0105 w wyra\u017anym zasi\u0119gu [&hellip;]<\/p>\n","protected":false},"featured_media":0,"template":"","meta":{"content-type":"","_monsterinsights_skip_tracking":false,"_monsterinsights_sitenote_active":false,"_monsterinsights_sitenote_note":"","_monsterinsights_sitenote_category":0},"product_brand":[],"product_cat":[1793],"product_tag":[1234,995,991],"brand":[],"target-group":[],"discontinued":[],"class_list":{"0":"post-641475","1":"product","2":"type-product","3":"status-publish","5":"product_cat-puzzle-dla-dzieci-puzzle","6":"product_tag-laczenie-pl","7":"product_tag-wieloosobowe","8":"product_tag-zabawa","10":"first","11":"instock","12":"taxable","13":"shipping-taxable","14":"product-type-simple"},"aioseo_notices":[],"_links":{"self":[{"href":"https:\/\/games.tactic.net\/pl\/wp-json\/wp\/v2\/product\/641475","targetHints":{"allow":["GET"]}}],"collection":[{"href":"https:\/\/games.tactic.net\/pl\/wp-json\/wp\/v2\/product"}],"about":[{"href":"https:\/\/games.tactic.net\/pl\/wp-json\/wp\/v2\/types\/product"}],"wp:attachment":[{"href":"https:\/\/games.tactic.net\/pl\/wp-json\/wp\/v2\/media?parent=641475"}],"wp:term":[{"taxonomy":"product_brand","embeddable":true,"href":"https:\/\/games.tactic.net\/pl\/wp-json\/wp\/v2\/product_brand?post=641475"},{"taxonomy":"product_cat","embeddable":true,"href":"https:\/\/games.tactic.net\/pl\/wp-json\/wp\/v2\/product_cat?post=641475"},{"taxonomy":"product_tag","embeddable":true,"href":"https:\/\/games.tactic.net\/pl\/wp-json\/wp\/v2\/product_tag?post=641475"},{"taxonomy":"brand","embeddable":true,"href":"https:\/\/games.tactic.net\/pl\/wp-json\/wp\/v2\/brand?post=641475"},{"taxonomy":"target-group","embeddable":true,"href":"https:\/\/games.tactic.net\/pl\/wp-json\/wp\/v2\/target-group?post=641475"},{"taxonomy":"discontinued","embeddable":true,"href":"https:\/\/games.tactic.net\/pl\/wp-json\/wp\/v2\/discontinued?post=641475"}],"curies":[{"name":"wp","href":"https:\/\/api.w.org\/{rel}","templated":true}]}}