{"id":641402,"date":"2022-10-18T10:42:06","date_gmt":"2022-10-18T07:42:06","guid":{"rendered":"http:\/\/games.tactic.net\/tuote\/larsen-multi-puzzle-maxi\/"},"modified":"2022-10-18T10:42:06","modified_gmt":"2022-10-18T07:42:06","slug":"larsen-multi-puzzle-maxi","status":"publish","type":"product","link":"https:\/\/games.tactic.net\/pl\/tuote\/larsen-multi-puzzle-maxi\/","title":{"rendered":"Larsen Maxi Multi 58 el. uk\u0142adanka"},"content":{"rendered":"<p>Uk\u0142adanka Maxi (36.5&#215;28.5 cm) z grubej tektury ze specjalnymi kszta\u0142tami, dzi\u0119ki kt\u00f3rym uczymy si\u0119 nie tylko cierpliwo\u015bci ale te\u017c j\u0119zyk\u00f3w, matematyki, geografii oraz wiedzy og\u00f3lnej. <\/p>\n<p>Baw si\u0119 matematyk\u0105 z t\u0105 edukacyjn\u0105 \u0142amig\u0142\u00f3wk\u0105 mno\u017cenia. W tej uk\u0142adance znajdziesz 36 &#8222;problem\u00f3w&#8221; wydrukowanych na ka\u017cdym kawa\u0142ku. Odpowiedzi s\u0105 nadrukowane na ramce, bezpo\u015brednio pod spodem. Ka\u017cda liczba i problem s\u0105 wydrukowane w jasnych, neonowych kolorach, aby przyku\u0107 uwag\u0119 \u0142amig\u0142\u00f3wkowicz\u00f3w. Du\u017ca nakrapiana ilustracja biedronki jest umieszczona na dole po lewej stronie ramki. W komplecie  znajduje si\u0119 58 element\u00f3w o zakrzywionych kraw\u0119dziach. Na dolnej po\u0142owie uk\u0142adanki znajdziesz pozosta\u0142e 22 kawa\u0142ki z odpowiedziami lub liczbami na nich, kt\u00f3re odnosz\u0105 si\u0119 do &#8222;problemu&#8221; wydrukowanego na ramce. Ka\u017cdy kawa\u0142ek uk\u0142adanki jest niestandardowo wyci\u0119ty, aby pasowa\u0142 do w\u0142a\u015bciwego miejsca w podstawce. Ta uk\u0142adanka najlepiej nadaje si\u0119 dla nieco starszych dzieci, ucz\u0105cych si\u0119 mno\u017cenia.<\/p>\n<p>Firma Larsen od 75 lat tworzy wysokiej jako\u015bci uk\u0142adanki z grubej (4mm) tektury. Nasz\u0105 ide\u0105 zawsze by\u0142o tworzenie wysokiej jako\u015bci produkt\u00f3w dla dzieci, kt\u00f3re s\u0105 zar\u00f3wno zabawne, jak i edukacyjne. Znajdujemy si\u0119 w Flekkefjord, idyllicznym miasteczku w po\u0142udniowej Norwegii, w po\u0142owie drogi mi\u0119dzy Kristiansand i Stavanger. Cieszymy si\u0119 \u017ce, dzi\u0119ki wsp\u00f3\u0142pracy z fi\u0144ska firm\u0105 Tactic Oy, mo\u017cemy oferowa\u0107 Pa\u0144stwu najwy\u017csz\u0105 jako\u015b\u0107 r\u00f3wnie\u017c w Polsce. <\/p>\n<p>Uk\u0142adanki Larsen odznaczaj\u0105 si\u0119<br \/>\n-nietypowymi i jedynymi w swoim rodzaju wykrojnikami, kt\u00f3re sprawiaj\u0105 wielk\u0105 przyjemno\u015b\u0107 z uk\u0142adania.<br \/>\n-produkcj\u0105 w Norwegii i wysok\u0105 jako\u015bci\u0105.<br \/>\n-starann\u0105 selekcj\u0105 obrazk\u00f3w dla ka\u017cdego wieku<br \/>\n-edukacyjnym charakterem uk\u0142adanek<br \/>\n-zlokalizowanymi wzorami na wiele rynk\u00f3w. <\/p>\n","protected":false},"excerpt":{"rendered":"<p>Uk\u0142adanka Maxi (36.5&#215;28.5 cm) z grubej tektury ze specjalnymi kszta\u0142tami, dzi\u0119ki kt\u00f3rym uczymy si\u0119 nie tylko cierpliwo\u015bci ale te\u017c j\u0119zyk\u00f3w, matematyki, geografii oraz wiedzy og\u00f3lnej. Baw si\u0119 matematyk\u0105 z t\u0105 edukacyjn\u0105 \u0142amig\u0142\u00f3wk\u0105 mno\u017cenia. W tej uk\u0142adance znajdziesz 36 &#8222;problem\u00f3w&#8221; wydrukowanych na ka\u017cdym kawa\u0142ku. Odpowiedzi s\u0105 nadrukowane na ramce, bezpo\u015brednio pod spodem. Ka\u017cda liczba i problem [&hellip;]<\/p>\n","protected":false},"featured_media":0,"template":"","meta":{"content-type":"","_monsterinsights_skip_tracking":false,"_monsterinsights_sitenote_active":false,"_monsterinsights_sitenote_note":"","_monsterinsights_sitenote_category":0},"product_brand":[],"product_cat":[1793],"product_tag":[1234,995,991],"brand":[],"target-group":[],"discontinued":[],"class_list":{"0":"post-641402","1":"product","2":"type-product","3":"status-publish","5":"product_cat-puzzle-dla-dzieci-puzzle","6":"product_tag-laczenie-pl","7":"product_tag-wieloosobowe","8":"product_tag-zabawa","10":"first","11":"instock","12":"taxable","13":"shipping-taxable","14":"product-type-simple"},"aioseo_notices":[],"_links":{"self":[{"href":"https:\/\/games.tactic.net\/pl\/wp-json\/wp\/v2\/product\/641402","targetHints":{"allow":["GET"]}}],"collection":[{"href":"https:\/\/games.tactic.net\/pl\/wp-json\/wp\/v2\/product"}],"about":[{"href":"https:\/\/games.tactic.net\/pl\/wp-json\/wp\/v2\/types\/product"}],"wp:attachment":[{"href":"https:\/\/games.tactic.net\/pl\/wp-json\/wp\/v2\/media?parent=641402"}],"wp:term":[{"taxonomy":"product_brand","embeddable":true,"href":"https:\/\/games.tactic.net\/pl\/wp-json\/wp\/v2\/product_brand?post=641402"},{"taxonomy":"product_cat","embeddable":true,"href":"https:\/\/games.tactic.net\/pl\/wp-json\/wp\/v2\/product_cat?post=641402"},{"taxonomy":"product_tag","embeddable":true,"href":"https:\/\/games.tactic.net\/pl\/wp-json\/wp\/v2\/product_tag?post=641402"},{"taxonomy":"brand","embeddable":true,"href":"https:\/\/games.tactic.net\/pl\/wp-json\/wp\/v2\/brand?post=641402"},{"taxonomy":"target-group","embeddable":true,"href":"https:\/\/games.tactic.net\/pl\/wp-json\/wp\/v2\/target-group?post=641402"},{"taxonomy":"discontinued","embeddable":true,"href":"https:\/\/games.tactic.net\/pl\/wp-json\/wp\/v2\/discontinued?post=641402"}],"curies":[{"name":"wp","href":"https:\/\/api.w.org\/{rel}","templated":true}]}}