{"id":640526,"date":"2022-10-17T10:01:51","date_gmt":"2022-10-17T07:01:51","guid":{"rendered":"http:\/\/games.tactic.net\/tuote\/catdart-friendly-dart-set\/"},"modified":"2022-10-17T10:01:51","modified_gmt":"2022-10-17T07:01:51","slug":"catdart-friendly-dart-set","status":"publish","type":"product","link":"https:\/\/games.tactic.net\/pl\/tuote\/catdart-friendly-dart-set\/","title":{"rendered":"Gamesson Family Dart Game"},"content":{"rendered":"<p>Rekreacyjna tarcza do darta wraz z metalowymi rzutkami STEELTIP. Tarcza wykonana z naturalnego materia\u0142u papierowego przypominaj\u0105cego profesjonalny.<br \/>\nW zestawie znajduj\u0105 si\u0119:<\/p>\n<p>1 tarcza z naturalnego materia\u0142u papierowego (tarcza posiada 2 strony: turniejowa i target game na odwrocie) z praktycznym metalowym mocowaniem na \u015bcian\u0119,<br \/>\n2 metalowe zestawy rzutek 20g (\u0142\u0105cznie 6 sztuk tj. 2 x 3), wymienne kolorowe shafty i kolorowe lotki<br \/>\n1 instrukcja w 8 j\u0119zykach<br \/>\nCechy:<br \/>\nTarcza: Rozmiar: \u00d8 45,7cm x 2,5cm [18 x 1 cala] &#8211; oficjalny rozmiar tarczy do darta, Waga: 4 kg<br \/>\nRzutki: Waga 20g sztuka<br \/>\nEkspozycja w kolorowym kartonie.<\/p>\n<p>Bex Sport to szwedzki producent gier rekreacyjnych i sportowych, przeznaczonych do zabawy w domu jak i na \u015bwie\u017cym powietrzu. Nasz\u0105 pasj\u0105 jest tworzenie produkt\u00f3w, kt\u00f3re dostarczaj\u0105 rado\u015bci zar\u00f3wno dzieciom, jak i doros\u0142ym. Projektujemy gry o prostych zasadach, kt\u00f3re pozwalaj\u0105 szybko rozpocz\u0105\u0107 rozgrywk\u0119 i \u0142atwo dostosowa\u0107 j\u0105 do r\u00f3\u017cnych uczestnik\u00f3w. Nasze najwa\u017cniejsze marki to Bex \u2013 drewniane gry plenerowe, Gamesson \u2013 sto\u0142y sportowe i Dart, Sunsport \u2013 gry zespo\u0142owe. Dbamy o wysok\u0105 jako\u015b\u0107, nowoczesne wzornictwo i atrakcyjne opakowania. W 2022 roku Bex Sport po\u0142\u0105czy\u0142o si\u0142y z fi\u0144sk\u0105 firm\u0105 Tactic Games Oy, producentem wysokiej jako\u015bci gier rodzinnych. Tactic przyk\u0142ada du\u017c\u0105 wag\u0119 do zr\u00f3wnowa\u017conego rozwoju, monitoruj\u0105c \u015blad w\u0119glowy i zapewniaj\u0105c pe\u0142n\u0105 identyfikowalno\u015b\u0107 u\u017cywanych materia\u0142\u00f3w.<\/p>\n","protected":false},"excerpt":{"rendered":"<p>Rekreacyjna tarcza do darta wraz z metalowymi rzutkami STEELTIP. Tarcza wykonana z naturalnego materia\u0142u papierowego przypominaj\u0105cego profesjonalny. W zestawie znajduj\u0105 si\u0119: 1 tarcza z naturalnego materia\u0142u papierowego (tarcza posiada 2 strony: turniejowa i target game na odwrocie) z praktycznym metalowym mocowaniem na \u015bcian\u0119, 2 metalowe zestawy rzutek 20g (\u0142\u0105cznie 6 sztuk tj. 2 x 3), [&hellip;]<\/p>\n","protected":false},"featured_media":0,"template":"","meta":{"content-type":"","_monsterinsights_skip_tracking":false,"_monsterinsights_sitenote_active":false,"_monsterinsights_sitenote_note":"","_monsterinsights_sitenote_category":0},"product_brand":[],"product_cat":[1939],"product_tag":[1253],"brand":[{"id":2095,"name":"BEX Sport","slug":"bex-sport"}],"target-group":[],"discontinued":[],"class_list":{"0":"post-640526","1":"product","2":"type-product","3":"status-publish","5":"product_cat-inne-gry-plenerowe-gry-plenerowe","6":"product_tag-umiejetnosc-pl","7":"brand-bex-sport","9":"first","10":"outofstock","11":"taxable","12":"shipping-taxable","13":"product-type-simple"},"aioseo_notices":[],"_links":{"self":[{"href":"https:\/\/games.tactic.net\/pl\/wp-json\/wp\/v2\/product\/640526","targetHints":{"allow":["GET"]}}],"collection":[{"href":"https:\/\/games.tactic.net\/pl\/wp-json\/wp\/v2\/product"}],"about":[{"href":"https:\/\/games.tactic.net\/pl\/wp-json\/wp\/v2\/types\/product"}],"wp:attachment":[{"href":"https:\/\/games.tactic.net\/pl\/wp-json\/wp\/v2\/media?parent=640526"}],"wp:term":[{"taxonomy":"product_brand","embeddable":true,"href":"https:\/\/games.tactic.net\/pl\/wp-json\/wp\/v2\/product_brand?post=640526"},{"taxonomy":"product_cat","embeddable":true,"href":"https:\/\/games.tactic.net\/pl\/wp-json\/wp\/v2\/product_cat?post=640526"},{"taxonomy":"product_tag","embeddable":true,"href":"https:\/\/games.tactic.net\/pl\/wp-json\/wp\/v2\/product_tag?post=640526"},{"taxonomy":"brand","embeddable":true,"href":"https:\/\/games.tactic.net\/pl\/wp-json\/wp\/v2\/brand?post=640526"},{"taxonomy":"target-group","embeddable":true,"href":"https:\/\/games.tactic.net\/pl\/wp-json\/wp\/v2\/target-group?post=640526"},{"taxonomy":"discontinued","embeddable":true,"href":"https:\/\/games.tactic.net\/pl\/wp-json\/wp\/v2\/discontinued?post=640526"}],"curies":[{"name":"wp","href":"https:\/\/api.w.org\/{rel}","templated":true}]}}