{"id":640357,"date":"2022-10-14T08:01:13","date_gmt":"2022-10-14T05:01:13","guid":{"rendered":"http:\/\/games.tactic.net\/tuote\/escaperun-alcatraz-2034\/"},"modified":"2024-09-26T10:39:53","modified_gmt":"2024-09-26T07:39:53","slug":"escaperun-alcatraz-2034","status":"publish","type":"product","link":"https:\/\/games.tactic.net\/pl\/tuote\/escaperun-alcatraz-2034\/","title":{"rendered":"Gamestorm EscapeRun Alcatraz 2034 gra planszowa"},"content":{"rendered":"<p>Witajcie w Alcatraz, pierwszym w pe\u0142ni zautomatyzowanym wi\u0119zieniu na \u015bwiecie! Jest rok 2034. W\u0142a\u015bnie tutaj najgorsi z najgorszych b\u0119d\u0105 odsiadywa\u0107 swoje wyroki. By zapobiec ucieczkom, w ca\u0142ym kompleksie wi\u0119ziennym wdro\u017cono automatyczny system bezpiecze\u0144stwa, specjalne cele wi\u0119zienne, a tak\u017ce drony i robotycznych wartownik\u00f3w. Zanim jednak system zostanie w pe\u0142ni uruchomiony, na miejsce \u015bci\u0105gni\u0119to grup\u0119 ekspert\u00f3w, kt\u00f3rych zadaniem jest przetestowanie zabezpiecze\u0144. Ale co\u015b posz\u0142o nie tak\u2026 i eksperci sami stali si\u0119 wi\u0119\u017aniami Alcatraz! Spr\u00f3buj wydosta\u0107 si\u0119 z wi\u0119ziennej wyspy \u2013 ale najpierw upewnij si\u0119, \u017ce masz wszystko, czego potrzebujesz! Zbieraj karty, kt\u00f3re pomog\u0105 ci w ucieczce i po\u0142\u0105cz si\u0142y z innymi wi\u0119\u017aniami, je\u015bli wierzysz, \u017ce wyprowadz\u0105 ci\u0119 na wolno\u015b\u0107. Zawarto\u015b\u0107: Plansza g\u0142\u00f3wna, plansza Systemu, 165 kart, 18 drewnianych pionk\u00f3w, 2 ko\u015bci, 18 kafelk\u00f3w Ucieczki, 12 kafelk\u00f3w Budynk\u00f3w, 18 \u017ceton\u00f3w Systemu Bezpiecze\u0144stwa, 1 \u017ceton Escape\/Run, 12 znacznik\u00f3w Ruchu Wi\u0119\u017ani\u00f3w oraz instrukcja. Gra dla 2-6 graczy w wieku 12+.<\/p>\n<p><img decoding=\"async\" src=\"https:\\\\\\\\games.tactic.net\\\\pic\\\\logo\\\\Awarded_concept.png\"><img decoding=\"async\" src=\"https:\\\\\\\\games.tactic.net\\\\pic\\\\logo\\\\Toy-Fair-Hero-Logo-2022.png\"><\/p>\n","protected":false},"excerpt":{"rendered":"<p>Mo\u017cesz wej\u015b\u0107 do Alcatraz, ale czy uda ci si\u0119 z niego wydosta\u0107? Jeste\u015b cz\u0119\u015bci\u0105 grupy, kt\u00f3ra zosta\u0142a zaproszona do obejrzenia pierwszego na \u015bwiecie nowoczesnego, strze\u017conego przez roboty wi\u0119zienia, ale co\u015b idzie nie tak i stajesz si\u0119 wi\u0119\u017aniem. Znajd\u017a drog\u0119 ucieczki z wyspy, na kt\u00f3rej znajduje si\u0119 wi\u0119zienie, jednocze\u015bnie unikaj\u0105c robot\u00f3w, kt\u00f3re bez \u017cadnych skrupu\u0142\u00f3w b\u0119d\u0105 chcia\u0142y ci\u0119 zastrzeli\u0107.<\/p>\n","protected":false},"featured_media":0,"template":"","meta":{"content-type":"","_monsterinsights_skip_tracking":false,"_monsterinsights_sitenote_active":false,"_monsterinsights_sitenote_note":"","_monsterinsights_sitenote_category":0},"product_brand":[],"product_cat":[1783,1782],"product_tag":[1247,897],"brand":[{"id":889,"name":"Gamestorm Studio","slug":"gamestormstudio-pl"}],"target-group":[],"discontinued":[],"class_list":{"0":"post-640357","1":"product","2":"type-product","3":"status-publish","5":"product_cat-strategiczne-gry-rodzinne","6":"product_cat-strategiczne-dla-doroslych-gry-dla-doroslych","7":"product_tag-strategia-pl","8":"product_tag-taktyka","9":"brand-gamestormstudio-pl","11":"first","12":"outofstock","13":"taxable","14":"shipping-taxable","15":"product-type-simple"},"aioseo_notices":[],"_links":{"self":[{"href":"https:\/\/games.tactic.net\/pl\/wp-json\/wp\/v2\/product\/640357","targetHints":{"allow":["GET"]}}],"collection":[{"href":"https:\/\/games.tactic.net\/pl\/wp-json\/wp\/v2\/product"}],"about":[{"href":"https:\/\/games.tactic.net\/pl\/wp-json\/wp\/v2\/types\/product"}],"wp:attachment":[{"href":"https:\/\/games.tactic.net\/pl\/wp-json\/wp\/v2\/media?parent=640357"}],"wp:term":[{"taxonomy":"product_brand","embeddable":true,"href":"https:\/\/games.tactic.net\/pl\/wp-json\/wp\/v2\/product_brand?post=640357"},{"taxonomy":"product_cat","embeddable":true,"href":"https:\/\/games.tactic.net\/pl\/wp-json\/wp\/v2\/product_cat?post=640357"},{"taxonomy":"product_tag","embeddable":true,"href":"https:\/\/games.tactic.net\/pl\/wp-json\/wp\/v2\/product_tag?post=640357"},{"taxonomy":"brand","embeddable":true,"href":"https:\/\/games.tactic.net\/pl\/wp-json\/wp\/v2\/brand?post=640357"},{"taxonomy":"target-group","embeddable":true,"href":"https:\/\/games.tactic.net\/pl\/wp-json\/wp\/v2\/target-group?post=640357"},{"taxonomy":"discontinued","embeddable":true,"href":"https:\/\/games.tactic.net\/pl\/wp-json\/wp\/v2\/discontinued?post=640357"}],"curies":[{"name":"wp","href":"https:\/\/api.w.org\/{rel}","templated":true}]}}