{"id":639777,"date":"2022-10-11T12:38:33","date_gmt":"2022-10-11T09:38:33","guid":{"rendered":"http:\/\/games.tactic.net\/tuote\/gra-zrecznosciowa-wooden-classic-rainbow-tower\/"},"modified":"2023-10-25T14:01:40","modified_gmt":"2023-10-25T11:01:40","slug":"gra-zrecznosciowa-wooden-classic-rainbow-tower","status":"publish","type":"product","link":"https:\/\/games.tactic.net\/pl\/tuote\/gra-zrecznosciowa-wooden-classic-rainbow-tower\/","title":{"rendered":"Tactic Trendy Gra zr\u0119czno\u015bciowa Wooden Classic Rainbow Tower"},"content":{"rendered":"<p>Nie pozw\u00f3l wie\u017cy upa\u015b\u0107! W tej grze gracze ostro\u017cnie wyci\u0105gaj\u0105 klocki z wie\u017cy i uk\u0142adaj\u0105 je na jej szczycie. Czeka jednak na nich kolorowa niespodzianka! To ko\u015b\u0107 wyznacza, jakiego koloru klocek trzeba wyj\u0105\u0107! Przyda si\u0119 pewna r\u0119ka i opanowanie, by wie\u017ca si\u0119 nie zawali\u0142a!<br \/>\nGra ko\u0144czy si\u0119, gdy wie\u017ca si\u0119 zawali. Gracz, podczas kt\u00f3rego tury tak si\u0119 stanie, przegrywa, a zwyci\u0119zcami s\u0105 wszyscy pozostali gracze!<br \/>\n\u2022 Lubiana klasyczna gra z kolorowym zwrotem akcji!<br \/>\n\u2022 Doskona\u0142a gra do nauki rozpoznawania kolor\u00f3w i orientacji przestrzennej.<br \/>\n\u2022 Drewniane elementy gry!<br \/>\nZawarto\u015b\u0107: 36 drewnianych klock\u00f3w (w 4 r\u00f3\u017cnych kolorach) i specjalna ko\u015b\u0107, zasady.<br \/>\nKlasyczna gra zr\u0119czno\u015bciowa dla 2-4 graczy w wieku 5+.<\/p>\n","protected":false},"excerpt":{"rendered":"<p>Nie pozw\u00f3l wie\u017cy upa\u015b\u0107! W tej grze gracze ostro\u017cnie wyci\u0105gaj\u0105 klocki z wie\u017cy i uk\u0142adaj\u0105 je na jej szczycie. Czeka jednak na nich kolorowa niespodzianka! To ko\u015b\u0107 wyznacza, jakiego koloru klocek trzeba wyj\u0105\u0107! Przyda si\u0119 pewna r\u0119ka i opanowanie, by wie\u017ca si\u0119 nie zawali\u0142a! Gra ko\u0144czy si\u0119, gdy wie\u017ca si\u0119 zawali. Gracz, podczas kt\u00f3rego tury tak si\u0119 stanie, przegrywa, a zwyci\u0119zcami s\u0105 wszyscy pozostali gracze!<\/p>\n","protected":false},"featured_media":0,"template":"","meta":{"content-type":"","_monsterinsights_skip_tracking":false,"_monsterinsights_sitenote_active":false,"_monsterinsights_sitenote_note":"","_monsterinsights_sitenote_category":0},"product_brand":[],"product_cat":[1796],"product_tag":[],"brand":[],"target-group":[],"discontinued":[],"class_list":{"0":"post-639777","1":"product","2":"type-product","3":"status-publish","5":"product_cat-gry-planszowe-dla-dzieci","7":"first","8":"instock","9":"taxable","10":"shipping-taxable","11":"product-type-simple"},"aioseo_notices":[],"_links":{"self":[{"href":"https:\/\/games.tactic.net\/pl\/wp-json\/wp\/v2\/product\/639777","targetHints":{"allow":["GET"]}}],"collection":[{"href":"https:\/\/games.tactic.net\/pl\/wp-json\/wp\/v2\/product"}],"about":[{"href":"https:\/\/games.tactic.net\/pl\/wp-json\/wp\/v2\/types\/product"}],"wp:attachment":[{"href":"https:\/\/games.tactic.net\/pl\/wp-json\/wp\/v2\/media?parent=639777"}],"wp:term":[{"taxonomy":"product_brand","embeddable":true,"href":"https:\/\/games.tactic.net\/pl\/wp-json\/wp\/v2\/product_brand?post=639777"},{"taxonomy":"product_cat","embeddable":true,"href":"https:\/\/games.tactic.net\/pl\/wp-json\/wp\/v2\/product_cat?post=639777"},{"taxonomy":"product_tag","embeddable":true,"href":"https:\/\/games.tactic.net\/pl\/wp-json\/wp\/v2\/product_tag?post=639777"},{"taxonomy":"brand","embeddable":true,"href":"https:\/\/games.tactic.net\/pl\/wp-json\/wp\/v2\/brand?post=639777"},{"taxonomy":"target-group","embeddable":true,"href":"https:\/\/games.tactic.net\/pl\/wp-json\/wp\/v2\/target-group?post=639777"},{"taxonomy":"discontinued","embeddable":true,"href":"https:\/\/games.tactic.net\/pl\/wp-json\/wp\/v2\/discontinued?post=639777"}],"curies":[{"name":"wp","href":"https:\/\/api.w.org\/{rel}","templated":true}]}}