{"id":639691,"date":"2022-10-11T12:23:49","date_gmt":"2022-10-11T09:23:49","guid":{"rendered":"http:\/\/games.tactic.net\/tuote\/gra-zrecznosciowa-wooden-classic-donkey-game\/"},"modified":"2023-10-25T14:00:31","modified_gmt":"2023-10-25T11:00:31","slug":"gra-zrecznosciowa-wooden-classic-donkey-game","status":"publish","type":"product","link":"https:\/\/games.tactic.net\/pl\/tuote\/gra-zrecznosciowa-wooden-classic-donkey-game\/","title":{"rendered":"Tactic Trendy Gra zr\u0119czno\u015bciowa Wooden Classic Donkey Game"},"content":{"rendered":"<p>Za\u0142aduj osio\u0142ka! Uk\u0142adajcie po jednym patyczku na osio\u0142ku &#8211; ale uwa\u017cajcie! Je\u015bli jakie\u015b patyczki spadn\u0105, gracz musi je zabra\u0107! W tej klasycznej grze liczy si\u0119 pewna r\u0119ka. Niesko\u0144czona zabawa dla graczy w ka\u017cdym wieku!<br \/>\nWygrywa osoba, kt\u00f3ra jako pierwsza po\u0142o\u017cy wszystkie swoje patyczki na plecach osio\u0142ka.<br \/>\n\u2022 Wszystkie elementy gry s\u0105 drewniane!<br \/>\n\u2022 Klasyczna gra dla wszystkich grup wiekowych!<br \/>\nZawarto\u015b\u0107: 1 drewniany osio\u0142ek i 60 drewnianych patyczk\u00f3w w 4 r\u00f3\u017cnych kolorach, zasady.<br \/>\nKlasyczna gra zr\u0119czno\u015bciowa dla 2-4 graczy w wieku 5+.<\/p>\n","protected":false},"excerpt":{"rendered":"<p>Za\u0142aduj osio\u0142ka! Uk\u0142adajcie po jednym patyczku na osio\u0142ku &#8211; ale uwa\u017cajcie! Je\u015bli jakie\u015b patyczki spadn\u0105, gracz musi je zabra\u0107! W tej klasycznej grze liczy si\u0119 pewna r\u0119ka. Niesko\u0144czona zabawa dla graczy w ka\u017cdym wieku! Wygrywa osoba, kt\u00f3ra jako pierwsza po\u0142o\u017cy wszystkie swoje patyczki na plecach osio\u0142ka.<\/p>\n","protected":false},"featured_media":0,"template":"","meta":{"content-type":"","_monsterinsights_skip_tracking":false,"_monsterinsights_sitenote_active":false,"_monsterinsights_sitenote_note":"","_monsterinsights_sitenote_category":0},"product_brand":[],"product_cat":[1796],"product_tag":[],"brand":[],"target-group":[],"discontinued":[],"class_list":{"0":"post-639691","1":"product","2":"type-product","3":"status-publish","5":"product_cat-gry-planszowe-dla-dzieci","7":"first","8":"instock","9":"taxable","10":"shipping-taxable","11":"product-type-simple"},"aioseo_notices":[],"_links":{"self":[{"href":"https:\/\/games.tactic.net\/pl\/wp-json\/wp\/v2\/product\/639691","targetHints":{"allow":["GET"]}}],"collection":[{"href":"https:\/\/games.tactic.net\/pl\/wp-json\/wp\/v2\/product"}],"about":[{"href":"https:\/\/games.tactic.net\/pl\/wp-json\/wp\/v2\/types\/product"}],"wp:attachment":[{"href":"https:\/\/games.tactic.net\/pl\/wp-json\/wp\/v2\/media?parent=639691"}],"wp:term":[{"taxonomy":"product_brand","embeddable":true,"href":"https:\/\/games.tactic.net\/pl\/wp-json\/wp\/v2\/product_brand?post=639691"},{"taxonomy":"product_cat","embeddable":true,"href":"https:\/\/games.tactic.net\/pl\/wp-json\/wp\/v2\/product_cat?post=639691"},{"taxonomy":"product_tag","embeddable":true,"href":"https:\/\/games.tactic.net\/pl\/wp-json\/wp\/v2\/product_tag?post=639691"},{"taxonomy":"brand","embeddable":true,"href":"https:\/\/games.tactic.net\/pl\/wp-json\/wp\/v2\/brand?post=639691"},{"taxonomy":"target-group","embeddable":true,"href":"https:\/\/games.tactic.net\/pl\/wp-json\/wp\/v2\/target-group?post=639691"},{"taxonomy":"discontinued","embeddable":true,"href":"https:\/\/games.tactic.net\/pl\/wp-json\/wp\/v2\/discontinued?post=639691"}],"curies":[{"name":"wp","href":"https:\/\/api.w.org\/{rel}","templated":true}]}}