{"id":631892,"date":"2022-09-26T09:37:20","date_gmt":"2022-09-26T06:37:20","guid":{"rendered":"http:\/\/games.tactic.net\/tuote\/crime-scene-lazio-1356\/"},"modified":"2023-10-25T13:24:50","modified_gmt":"2023-10-25T10:24:50","slug":"crime-scene-lazio-1356","status":"publish","type":"product","link":"https:\/\/games.tactic.net\/pl\/tuote\/crime-scene-lazio-1356\/","title":{"rendered":"Gamestorm Crime Scene Lazio 1356 gra planszowa"},"content":{"rendered":"<p>Co\u015b okropnego wydarzy\u0142o si\u0119 w Lazio\u2026<br \/>\nPrzybywasz, by zbada\u0107 dziwne wydarzenia wstrz\u0105saj\u0105ce g\u00f3rskim klasztorem. Strach oblepia wszystko niczym g\u0119sta mg\u0142a, gdy mnisi ulegaj\u0105 przes\u0105dom. Czy dostrze\u017cesz to, co skryte przed wzrokiem? Czy znajdziesz sens w nonsensie? Wkrocz na miejsce zbrodni i odpowiednio rozegraj \u015bledztwo \u2013 zbieraj poszlaki, rozwi\u0105zuj zagadki i rozwik\u0142aj t\u0119 spraw\u0119! Zagadki mog\u0105 przyprawi\u0107 Ci\u0119 o b\u00f3l g\u0142owy, ale rozwi\u0105zanie masz pod samym nosem&#8230;<br \/>\nWci\u0105gaj\u0105ca opowie\u015b\u0107 i genialne elementy wizualne przenios\u0105 Was na miejsce zbrodni.<br \/>\nCrime scene to gry detektywistyczne, w kt\u00f3rych trzeba zebra\u0107 dowody, poprowadzi\u0107 \u015bledztwo krok po kroku i podejmowa\u0107 w\u0142a\u015bciwe decyzje, by dowiedzie\u0107 si\u0119, kto i dlaczego to zrobi\u0142. Pomog\u0105 Wam w tym: szczeg\u00f3\u0142owe zdj\u0119cie miejsca zbrodni, opowie\u015b\u0107 powi\u0105zana z okoliczno\u015bciami, karty z r\u00f3\u017cnymi zagadkami do rozwi\u0105zania oraz wskaz\u00f3wki.<br \/>\nMo\u017cna zagra\u0107 w pojedynk\u0119 lub wsp\u00f3lnie z przyjaci\u00f3\u0142mi!<br \/>\nZawarto\u015b\u0107: 1 szczeg\u00f3\u0142owe zdj\u0119cie miejsca zbrodni, 1 broszura z opowie\u015bci\u0105, 64 karty (w tym: karty dowod\u00f3w, zagadki, wskaz\u00f3wki, karty reputacji), Przewodnik Detektywa (instrukcja).<br \/>\nGra detektywistyczna dla 1 lub wi\u0119cej graczy w wieku 18+.<\/p>\n","protected":false},"excerpt":{"rendered":"<p>Diabe\u0142 odwiedza klasztor W tej ekscytuj\u0105cej grze gracze wcielaj\u0105 si\u0119 w posta\u0107 mnicha z XII wieku i staraj\u0105 si\u0119 dowiedzie\u0107, co to za dziwna si\u0142a szerzy strach w klasztorze mieszcz\u0105cym si\u0119 wysoko w g\u00f3rach. Analizuj poszlaki i rozwi\u0105zuj zagadki, aby dowiedzie\u0107 si\u0119, kto jest winowajc\u0105. Gra Crime Scene jest oparta na zupe\u0142nie nowym pomy\u015ble, kt\u00f3ry jest po\u0142\u0105czeniem szczeg\u00f3\u0142owo nakre\u015blonego obrazu miejsca zbrodni, fascynuj\u0105cych zagadek i krymina\u0142u napisanego przez Arttu Tuominena.<\/p>\n","protected":false},"featured_media":0,"template":"","meta":{"content-type":"","_monsterinsights_skip_tracking":false,"_monsterinsights_sitenote_active":false,"_monsterinsights_sitenote_note":"","_monsterinsights_sitenote_category":0},"product_brand":[],"product_cat":[1810],"product_tag":[1234,1285,995],"brand":[{"id":889,"name":"Gamestorm Studio","slug":"gamestormstudio-pl"}],"target-group":[],"discontinued":[],"class_list":{"0":"post-631892","1":"product","2":"type-product","3":"status-publish","5":"product_cat-18-gry-dla-doroslych","6":"product_tag-laczenie-pl","7":"product_tag-rozwiazywanie-problemow","8":"product_tag-wieloosobowe","9":"brand-gamestormstudio-pl","11":"first","12":"instock","13":"taxable","14":"shipping-taxable","15":"product-type-simple"},"aioseo_notices":[],"_links":{"self":[{"href":"https:\/\/games.tactic.net\/pl\/wp-json\/wp\/v2\/product\/631892","targetHints":{"allow":["GET"]}}],"collection":[{"href":"https:\/\/games.tactic.net\/pl\/wp-json\/wp\/v2\/product"}],"about":[{"href":"https:\/\/games.tactic.net\/pl\/wp-json\/wp\/v2\/types\/product"}],"wp:attachment":[{"href":"https:\/\/games.tactic.net\/pl\/wp-json\/wp\/v2\/media?parent=631892"}],"wp:term":[{"taxonomy":"product_brand","embeddable":true,"href":"https:\/\/games.tactic.net\/pl\/wp-json\/wp\/v2\/product_brand?post=631892"},{"taxonomy":"product_cat","embeddable":true,"href":"https:\/\/games.tactic.net\/pl\/wp-json\/wp\/v2\/product_cat?post=631892"},{"taxonomy":"product_tag","embeddable":true,"href":"https:\/\/games.tactic.net\/pl\/wp-json\/wp\/v2\/product_tag?post=631892"},{"taxonomy":"brand","embeddable":true,"href":"https:\/\/games.tactic.net\/pl\/wp-json\/wp\/v2\/brand?post=631892"},{"taxonomy":"target-group","embeddable":true,"href":"https:\/\/games.tactic.net\/pl\/wp-json\/wp\/v2\/target-group?post=631892"},{"taxonomy":"discontinued","embeddable":true,"href":"https:\/\/games.tactic.net\/pl\/wp-json\/wp\/v2\/discontinued?post=631892"}],"curies":[{"name":"wp","href":"https:\/\/api.w.org\/{rel}","templated":true}]}}