{"id":631555,"date":"2022-09-26T08:55:33","date_gmt":"2022-09-26T05:55:33","guid":{"rendered":"http:\/\/games.tactic.net\/tuote\/sprytna-karuzela\/"},"modified":"2023-10-17T19:26:13","modified_gmt":"2023-10-17T16:26:13","slug":"sprytna-karuzela","status":"publish","type":"product","link":"https:\/\/games.tactic.net\/pl\/tuote\/sprytna-karuzela\/","title":{"rendered":"Tactic Sprytna Karuzela"},"content":{"rendered":"<p>Zakr\u0119cona gra w dopasowywanie! Wci\u0105gaj\u0105ca gra wspomagaj\u0105ca percepcj\u0119 wzrokow\u0105 i umiej\u0119tno\u015b\u0107 logicznego my\u015blenia! Zakr\u0119\u0107 jednym z trzech poziom\u00f3w karuzeli, u\u0142\u00f3\u017c kompletne obrazki i zdob\u0105d\u017a \u017cetony \u2013 ale pami\u0119taj, \u017ce ka\u017cdy obr\u00f3t mo\u017ce zapewni\u0107 \u017cetony innym graczom! Osoba z najwi\u0119ksz\u0105 liczb\u0105 \u017ceton\u00f3w na koniec gry zwyci\u0119\u017ca w tej kolorowej zabawie!<br \/>\nGra pe\u0142na jest kolorowych postaci, a obracaj\u0105c poziomami karuzeli, ods\u0142onicie nowe plansze!<br \/>\n\u2022 Niecodzienna gra w dopasowywanie.<br \/>\n\u2022 Dwustronne poziomy karuzeli zapewniaj\u0105 dwa razy wi\u0119cej zabawy!<br \/>\n\u2022 Rozwija wczesne umiej\u0119tno\u015bci poznawcze!<br \/>\nZawarto\u015b\u0107: 5 poziom\u00f3w karuzeli, o\u015b \u015brodkowa, 8 dwustronnych dysk\u00f3w z obrazkami, 13 \u017ceton\u00f3w.<br \/>\nGra dla 2-6 graczy w wieku 5-8 lat.<\/p>\n","protected":false},"excerpt":{"rendered":"<p>Zakr\u0119cona gra w dopasowywanie! Ka\u017cdy z graczy obraca poziomy karuzeli tak, by stworzy\u0107 obrazek na swoim \u017cetonie i nie zdradzi\u0107 pozosta\u0142ym, co planuje! Gra pe\u0142na jest kolorowych postaci, a obracaj\u0105c poziomami karuzeli, ods\u0142onicie nowe plansze!<\/p>\n","protected":false},"featured_media":0,"template":"","meta":{"content-type":"","_monsterinsights_skip_tracking":false,"_monsterinsights_sitenote_active":false,"_monsterinsights_sitenote_note":"","_monsterinsights_sitenote_category":0},"product_brand":[],"product_cat":[1819],"product_tag":[1234],"brand":[{"id":869,"name":"Let's Learn","slug":"letslearn-pl"}],"target-group":[],"discontinued":[],"class_list":{"0":"post-631555","1":"product","2":"type-product","3":"status-publish","5":"product_cat-gry-edukacyjne","6":"product_tag-laczenie-pl","7":"brand-letslearn-pl","9":"first","10":"instock","11":"taxable","12":"shipping-taxable","13":"product-type-simple"},"aioseo_notices":[],"_links":{"self":[{"href":"https:\/\/games.tactic.net\/pl\/wp-json\/wp\/v2\/product\/631555","targetHints":{"allow":["GET"]}}],"collection":[{"href":"https:\/\/games.tactic.net\/pl\/wp-json\/wp\/v2\/product"}],"about":[{"href":"https:\/\/games.tactic.net\/pl\/wp-json\/wp\/v2\/types\/product"}],"wp:attachment":[{"href":"https:\/\/games.tactic.net\/pl\/wp-json\/wp\/v2\/media?parent=631555"}],"wp:term":[{"taxonomy":"product_brand","embeddable":true,"href":"https:\/\/games.tactic.net\/pl\/wp-json\/wp\/v2\/product_brand?post=631555"},{"taxonomy":"product_cat","embeddable":true,"href":"https:\/\/games.tactic.net\/pl\/wp-json\/wp\/v2\/product_cat?post=631555"},{"taxonomy":"product_tag","embeddable":true,"href":"https:\/\/games.tactic.net\/pl\/wp-json\/wp\/v2\/product_tag?post=631555"},{"taxonomy":"brand","embeddable":true,"href":"https:\/\/games.tactic.net\/pl\/wp-json\/wp\/v2\/brand?post=631555"},{"taxonomy":"target-group","embeddable":true,"href":"https:\/\/games.tactic.net\/pl\/wp-json\/wp\/v2\/target-group?post=631555"},{"taxonomy":"discontinued","embeddable":true,"href":"https:\/\/games.tactic.net\/pl\/wp-json\/wp\/v2\/discontinued?post=631555"}],"curies":[{"name":"wp","href":"https:\/\/api.w.org\/{rel}","templated":true}]}}