{"id":617209,"date":"2022-07-27T13:26:29","date_gmt":"2022-07-27T10:26:29","guid":{"rendered":"http:\/\/games.tactic.net\/tuote\/lumo-stars-kawaii-donut\/"},"modified":"2023-10-20T18:32:10","modified_gmt":"2023-10-20T15:32:10","slug":"lumo-stars-kawaii-donut","status":"publish","type":"product","link":"https:\/\/games.tactic.net\/pl\/tuote\/lumo-stars-kawaii-donut\/","title":{"rendered":"Lumo Stars Kawaii Donut plush"},"content":{"rendered":"<p>Mniam! Ten p\u0105czek jest pysznie wygl\u0105daj\u0105cy i mi\u0119kki! Materia\u0142 jest bardzo wytrzyma\u0142y. Wymiary: Srednica 35cm x 7 cm \u2013 \u015brednica \u201ddziury\u201d w p\u0105czku.<\/p>\n","protected":false},"excerpt":{"rendered":"<p>Mniam! Ten p\u0105czek jest pysznie wygl\u0105daj\u0105cy i mi\u0119kki! Materia\u0142 jest bardzo wytrzyma\u0142y. Wymiary: Srednica 35cm x 7 cm \u2013 \u015brednica \u201ddziury\u201d w p\u0105czku.<\/p>\n","protected":false},"featured_media":0,"template":"","meta":{"content-type":"","_monsterinsights_skip_tracking":false,"_monsterinsights_sitenote_active":false,"_monsterinsights_sitenote_note":"","_monsterinsights_sitenote_category":0},"product_brand":[],"product_cat":[1781],"product_tag":[491],"brand":[{"id":1023,"name":"Lumo Stars","slug":"lumo-stars_pl"}],"target-group":[],"discontinued":[],"class_list":{"0":"post-617209","1":"product","2":"type-product","3":"status-publish","5":"product_cat-inne","6":"product_tag-lumo-stars","7":"brand-lumo-stars_pl","9":"first","10":"outofstock","11":"taxable","12":"shipping-taxable","13":"product-type-simple"},"aioseo_notices":[],"_links":{"self":[{"href":"https:\/\/games.tactic.net\/pl\/wp-json\/wp\/v2\/product\/617209","targetHints":{"allow":["GET"]}}],"collection":[{"href":"https:\/\/games.tactic.net\/pl\/wp-json\/wp\/v2\/product"}],"about":[{"href":"https:\/\/games.tactic.net\/pl\/wp-json\/wp\/v2\/types\/product"}],"wp:attachment":[{"href":"https:\/\/games.tactic.net\/pl\/wp-json\/wp\/v2\/media?parent=617209"}],"wp:term":[{"taxonomy":"product_brand","embeddable":true,"href":"https:\/\/games.tactic.net\/pl\/wp-json\/wp\/v2\/product_brand?post=617209"},{"taxonomy":"product_cat","embeddable":true,"href":"https:\/\/games.tactic.net\/pl\/wp-json\/wp\/v2\/product_cat?post=617209"},{"taxonomy":"product_tag","embeddable":true,"href":"https:\/\/games.tactic.net\/pl\/wp-json\/wp\/v2\/product_tag?post=617209"},{"taxonomy":"brand","embeddable":true,"href":"https:\/\/games.tactic.net\/pl\/wp-json\/wp\/v2\/brand?post=617209"},{"taxonomy":"target-group","embeddable":true,"href":"https:\/\/games.tactic.net\/pl\/wp-json\/wp\/v2\/target-group?post=617209"},{"taxonomy":"discontinued","embeddable":true,"href":"https:\/\/games.tactic.net\/pl\/wp-json\/wp\/v2\/discontinued?post=617209"}],"curies":[{"name":"wp","href":"https:\/\/api.w.org\/{rel}","templated":true}]}}