{"id":616475,"date":"2022-07-27T10:06:04","date_gmt":"2022-07-27T07:06:04","guid":{"rendered":"http:\/\/games.tactic.net\/tuote\/lumo-stars-kawaii-jade\/"},"modified":"2025-07-17T13:35:24","modified_gmt":"2025-07-17T10:35:24","slug":"lumo-stars-kawaii-jade","status":"archive","type":"product","link":"https:\/\/games.tactic.net\/pl\/tuote\/lumo-stars-kawaii-jade\/","title":{"rendered":"Lumo Stars Kawaii J\u00e4de plush"},"content":{"rendered":"<p>Uroczy lodowy pluszak J\u00e4de wywo\u0142a u\u015bmiech na twarzy. Ta przytulanka \u015bwietnie nadaje si\u0119 do zabawy, a tak\u017ce os\u0142odzi wystr\u00f3j ka\u017cdego dzieci\u0119cego lub nastoletniego pokoju. Rozmiar maskotki: 34 x 17 cm<\/p>\n","protected":false},"excerpt":{"rendered":"<p>Uroczy lodowy pluszak J\u00e4de wywo\u0142a u\u015bmiech na twarzy. Ta przytulanka \u015bwietnie nadaje si\u0119 do zabawy, a tak\u017ce os\u0142odzi wystr\u00f3j ka\u017cdego dzieci\u0119cego lub nastoletniego pokoju. Rozmiar maskotki: 34 x 17 cm<\/p>\n","protected":false},"featured_media":0,"template":"","meta":{"content-type":"","_monsterinsights_skip_tracking":false,"_monsterinsights_sitenote_active":false,"_monsterinsights_sitenote_note":"","_monsterinsights_sitenote_category":0},"product_brand":[],"product_cat":[1781],"product_tag":[1260],"brand":[{"id":1023,"name":"Lumo Stars","slug":"lumo-stars_pl"}],"target-group":[],"discontinued":[],"class_list":{"0":"post-616475","1":"product","2":"type-product","3":"status-archive","5":"product_cat-inne","6":"product_tag-lumo-stars-pl","7":"brand-lumo-stars_pl","9":"first","10":"outofstock","11":"taxable","12":"shipping-taxable","13":"product-type-simple"},"aioseo_notices":[],"_links":{"self":[{"href":"https:\/\/games.tactic.net\/pl\/wp-json\/wp\/v2\/product\/616475","targetHints":{"allow":["GET"]}}],"collection":[{"href":"https:\/\/games.tactic.net\/pl\/wp-json\/wp\/v2\/product"}],"about":[{"href":"https:\/\/games.tactic.net\/pl\/wp-json\/wp\/v2\/types\/product"}],"wp:attachment":[{"href":"https:\/\/games.tactic.net\/pl\/wp-json\/wp\/v2\/media?parent=616475"}],"wp:term":[{"taxonomy":"product_brand","embeddable":true,"href":"https:\/\/games.tactic.net\/pl\/wp-json\/wp\/v2\/product_brand?post=616475"},{"taxonomy":"product_cat","embeddable":true,"href":"https:\/\/games.tactic.net\/pl\/wp-json\/wp\/v2\/product_cat?post=616475"},{"taxonomy":"product_tag","embeddable":true,"href":"https:\/\/games.tactic.net\/pl\/wp-json\/wp\/v2\/product_tag?post=616475"},{"taxonomy":"brand","embeddable":true,"href":"https:\/\/games.tactic.net\/pl\/wp-json\/wp\/v2\/brand?post=616475"},{"taxonomy":"target-group","embeddable":true,"href":"https:\/\/games.tactic.net\/pl\/wp-json\/wp\/v2\/target-group?post=616475"},{"taxonomy":"discontinued","embeddable":true,"href":"https:\/\/games.tactic.net\/pl\/wp-json\/wp\/v2\/discontinued?post=616475"}],"curies":[{"name":"wp","href":"https:\/\/api.w.org\/{rel}","templated":true}]}}