{"id":590450,"date":"2022-06-06T13:28:24","date_gmt":"2022-06-06T10:28:24","guid":{"rendered":"http:\/\/games.tactic.net\/tuote\/xl-yatzy-renewed-multi\/"},"modified":"2023-10-06T18:29:33","modified_gmt":"2023-10-06T15:29:33","slug":"xl-yatzy-renewed-multi","status":"publish","type":"product","link":"https:\/\/games.tactic.net\/pl\/tuote\/xl-yatzy-renewed-multi\/","title":{"rendered":"Tactic XL Yatzy throwing game"},"content":{"rendered":"<p>DU\u017bE KO\u015aCI NA \u015aWIE\u017bYM POWIETRZU! Klasyczna gra ko\u015b\u0107mi przystosowana do rozgrywek w plenerze. Gracze staraj\u0105 si\u0119 otrzyma\u0107 specy \ufb01 czne u\u0142o\u017cenie oczek. Im wi\u0119cej kombinacji uda im si\u0119 uzyska\u0107, tym wi\u0119cej punkt\u00f3w zdob\u0119d\u0105. Du\u017ce drewniane ko\u015bci trudno zgubi\u0107, a rzucanie nimi sprawia wiele rado\u015bci!<\/p>\n","protected":false},"excerpt":{"rendered":"<p>DU\u017bE KO\u015aCI NA \u015aWIE\u017bYM POWIETRZU! Klasyczna gra ko\u015b\u0107mi przystosowana do rozgrywek w plenerze. Gracze staraj\u0105 si\u0119 otrzyma\u0107 specy \ufb01 czne u\u0142o\u017cenie oczek. Im wi\u0119cej kombinacji uda im si\u0119 uzyska\u0107, tym wi\u0119cej punkt\u00f3w zdob\u0119d\u0105. Du\u017ce drewniane ko\u015bci trudno zgubi\u0107, a rzucanie nimi sprawia wiele rado\u015bci!<\/p>\n","protected":false},"featured_media":0,"template":"","meta":{"content-type":"","_monsterinsights_skip_tracking":false,"_monsterinsights_sitenote_active":false,"_monsterinsights_sitenote_note":"","_monsterinsights_sitenote_category":0},"product_brand":[],"product_cat":[1803,2011],"product_tag":[346,376],"brand":[],"target-group":[],"discontinued":[],"class_list":{"0":"post-590450","1":"product","2":"type-product","3":"status-publish","5":"product_cat-active-play-gry-dla-dzieci","6":"product_cat-active-play-gry-plenerowe-2","7":"product_tag-laczenie","8":"product_tag-obliczenie","10":"first","11":"instock","12":"taxable","13":"shipping-taxable","14":"product-type-simple"},"aioseo_notices":[],"_links":{"self":[{"href":"https:\/\/games.tactic.net\/pl\/wp-json\/wp\/v2\/product\/590450","targetHints":{"allow":["GET"]}}],"collection":[{"href":"https:\/\/games.tactic.net\/pl\/wp-json\/wp\/v2\/product"}],"about":[{"href":"https:\/\/games.tactic.net\/pl\/wp-json\/wp\/v2\/types\/product"}],"wp:attachment":[{"href":"https:\/\/games.tactic.net\/pl\/wp-json\/wp\/v2\/media?parent=590450"}],"wp:term":[{"taxonomy":"product_brand","embeddable":true,"href":"https:\/\/games.tactic.net\/pl\/wp-json\/wp\/v2\/product_brand?post=590450"},{"taxonomy":"product_cat","embeddable":true,"href":"https:\/\/games.tactic.net\/pl\/wp-json\/wp\/v2\/product_cat?post=590450"},{"taxonomy":"product_tag","embeddable":true,"href":"https:\/\/games.tactic.net\/pl\/wp-json\/wp\/v2\/product_tag?post=590450"},{"taxonomy":"brand","embeddable":true,"href":"https:\/\/games.tactic.net\/pl\/wp-json\/wp\/v2\/brand?post=590450"},{"taxonomy":"target-group","embeddable":true,"href":"https:\/\/games.tactic.net\/pl\/wp-json\/wp\/v2\/target-group?post=590450"},{"taxonomy":"discontinued","embeddable":true,"href":"https:\/\/games.tactic.net\/pl\/wp-json\/wp\/v2\/discontinued?post=590450"}],"curies":[{"name":"wp","href":"https:\/\/api.w.org\/{rel}","templated":true}]}}