{"id":590365,"date":"2022-06-06T13:27:01","date_gmt":"2022-06-06T10:27:01","guid":{"rendered":"http:\/\/games.tactic.net\/tuote\/gift-game-poznajmy-sie-jak-lyse-konie\/"},"modified":"2023-10-25T14:40:00","modified_gmt":"2023-10-25T11:40:00","slug":"gift-game-poznajmy-sie-jak-lyse-konie","status":"publish","type":"product","link":"https:\/\/games.tactic.net\/pl\/tuote\/gift-game-poznajmy-sie-jak-lyse-konie\/","title":{"rendered":"Gamestorm Gift Game Poznajmy si\u0119 jak \u0141yse Konie! gra planszowa"},"content":{"rendered":"<p>Tego o mnie nie wiesz\u2026 Czy Twoi przyjaciele wiedz\u0105, jakie s\u0105 Twoje wymarzone wakacje, albo z kt\u00f3rym z celebryt\u00f3w chcesz p\u00f3j\u015b\u0107 na obiad? Sprawd\u017a ich wiedz\u0119! Przeczytaj pytanie, podaj opcje odpowiedzi i niech si\u0119 wyka\u017c\u0105! Wszyscy gracze b\u0119d\u0105cy w wi\u0119kszo\u015bci zdobywaj\u0105 kart\u0119, a kto zbierze ich 5 \u2013 wygrywa!<\/p>\n","protected":false},"excerpt":{"rendered":"<p>Tego o mnie nie wiesz\u2026 Czy Twoi przyjaciele wiedz\u0105, jakie s\u0105 Twoje wymarzone wakacje, albo z kt\u00f3rym z celebryt\u00f3w chcesz p\u00f3j\u015b\u0107 na obiad? Sprawd\u017a ich wiedz\u0119! Przeczytaj pytanie, podaj opcje odpowiedzi i niech si\u0119 wyka\u017c\u0105! Wszyscy gracze b\u0119d\u0105cy w wi\u0119kszo\u015bci zdobywaj\u0105 kart\u0119, a kto zbierze ich 5 \u2013 wygrywa!<\/p>\n","protected":false},"featured_media":0,"template":"","meta":{"content-type":"","_monsterinsights_skip_tracking":false,"_monsterinsights_sitenote_active":false,"_monsterinsights_sitenote_note":"","_monsterinsights_sitenote_category":0},"product_brand":[],"product_cat":[1818,1811],"product_tag":[1277],"brand":[],"target-group":[],"discontinued":[],"class_list":{"0":"post-590365","1":"product","2":"type-product","3":"status-publish","5":"product_cat-imprezowe-gry-rodzinne","6":"product_cat-imprezowe-gry-dla-doroslych","7":"product_tag-wiedza","9":"first","10":"outofstock","11":"taxable","12":"shipping-taxable","13":"product-type-simple"},"aioseo_notices":[],"_links":{"self":[{"href":"https:\/\/games.tactic.net\/pl\/wp-json\/wp\/v2\/product\/590365","targetHints":{"allow":["GET"]}}],"collection":[{"href":"https:\/\/games.tactic.net\/pl\/wp-json\/wp\/v2\/product"}],"about":[{"href":"https:\/\/games.tactic.net\/pl\/wp-json\/wp\/v2\/types\/product"}],"wp:attachment":[{"href":"https:\/\/games.tactic.net\/pl\/wp-json\/wp\/v2\/media?parent=590365"}],"wp:term":[{"taxonomy":"product_brand","embeddable":true,"href":"https:\/\/games.tactic.net\/pl\/wp-json\/wp\/v2\/product_brand?post=590365"},{"taxonomy":"product_cat","embeddable":true,"href":"https:\/\/games.tactic.net\/pl\/wp-json\/wp\/v2\/product_cat?post=590365"},{"taxonomy":"product_tag","embeddable":true,"href":"https:\/\/games.tactic.net\/pl\/wp-json\/wp\/v2\/product_tag?post=590365"},{"taxonomy":"brand","embeddable":true,"href":"https:\/\/games.tactic.net\/pl\/wp-json\/wp\/v2\/brand?post=590365"},{"taxonomy":"target-group","embeddable":true,"href":"https:\/\/games.tactic.net\/pl\/wp-json\/wp\/v2\/target-group?post=590365"},{"taxonomy":"discontinued","embeddable":true,"href":"https:\/\/games.tactic.net\/pl\/wp-json\/wp\/v2\/discontinued?post=590365"}],"curies":[{"name":"wp","href":"https:\/\/api.w.org\/{rel}","templated":true}]}}