{"id":590210,"date":"2022-06-06T12:25:38","date_gmt":"2022-06-06T09:25:38","guid":{"rendered":"http:\/\/games.tactic.net\/tuote\/bean-bag-game\/"},"modified":"2023-10-17T19:32:25","modified_gmt":"2023-10-17T16:32:25","slug":"bean-bag-game","status":"publish","type":"product","link":"https:\/\/games.tactic.net\/pl\/tuote\/bean-bag-game\/","title":{"rendered":"Tactic Active Play Bean Bag game gra plenerowa"},"content":{"rendered":"<p>UM\u00d3W SI\u0118 Z PRZYJACI\u00d3\u0141MI NA BEAN BAG GAME! Gracze rzucaj\u0105 woreczkami na plansze, pr\u00f3buj\u0105c zdoby\u0107 21 punkt\u00f3w. Gra nadaje si\u0119 dla os\u00f3b w ka\u017cdym wieku i o r\u00f3\u017cnych zdolno\u015bciach, a jej zasady s\u0105 proste. Wspania\u0142a zabawa na \u015bwie\u017cym powietrzu! Mo\u017cesz gra\u0107 wsz\u0119dzie!<br \/>\nZawarto\u015b\u0107: 2 uko\u015bne plansze-podesty, 8 woreczk\u00f3w z ziarnami (4 niebieskie i 4 czerwone), instrukcja, tabela wynik\u00f3w.<br \/>\nGra plenerowa dla 2 lub wi\u0119cej graczy (dru\u017cyn) w wieku 5+.<\/p>\n","protected":false},"excerpt":{"rendered":"<p>UM\u00d3W SI\u0118 Z PRZYJACI\u00d3\u0141MI NA BEAN BAG GAME! Gracze rzucaj\u0105 woreczkami na plansze, pr\u00f3buj\u0105c zdoby\u0107 21 punkt\u00f3w. Gra nadaje si\u0119 dla os\u00f3b w ka\u017cdym wieku i o r\u00f3\u017cnych zdolno\u015bciach, a jej zasady s\u0105 proste. Wspania\u0142a zabawa na \u015bwie\u017cym powietrzu! Mo\u017cesz gra\u0107 wsz\u0119dzie! Zawarto\u015b\u0107: 2 uko\u015bne plansze-podesty, 8 woreczk\u00f3w z ziarnami (4 niebieskie i 4 czerwone), [&hellip;]<\/p>\n","protected":false},"featured_media":0,"template":"","meta":{"content-type":"","_monsterinsights_skip_tracking":false,"_monsterinsights_sitenote_active":false,"_monsterinsights_sitenote_note":"","_monsterinsights_sitenote_category":0},"product_brand":[],"product_cat":[2011,1803],"product_tag":[1230,1253],"brand":[],"target-group":[],"discontinued":[],"class_list":{"0":"post-590210","1":"product","2":"type-product","3":"status-publish","5":"product_cat-active-play-gry-plenerowe-2","6":"product_cat-active-play-gry-dla-dzieci","7":"product_tag-dzialanie-pl","8":"product_tag-umiejetnosc-pl","10":"first","11":"instock","12":"taxable","13":"shipping-taxable","14":"product-type-simple"},"aioseo_notices":[],"_links":{"self":[{"href":"https:\/\/games.tactic.net\/pl\/wp-json\/wp\/v2\/product\/590210","targetHints":{"allow":["GET"]}}],"collection":[{"href":"https:\/\/games.tactic.net\/pl\/wp-json\/wp\/v2\/product"}],"about":[{"href":"https:\/\/games.tactic.net\/pl\/wp-json\/wp\/v2\/types\/product"}],"wp:attachment":[{"href":"https:\/\/games.tactic.net\/pl\/wp-json\/wp\/v2\/media?parent=590210"}],"wp:term":[{"taxonomy":"product_brand","embeddable":true,"href":"https:\/\/games.tactic.net\/pl\/wp-json\/wp\/v2\/product_brand?post=590210"},{"taxonomy":"product_cat","embeddable":true,"href":"https:\/\/games.tactic.net\/pl\/wp-json\/wp\/v2\/product_cat?post=590210"},{"taxonomy":"product_tag","embeddable":true,"href":"https:\/\/games.tactic.net\/pl\/wp-json\/wp\/v2\/product_tag?post=590210"},{"taxonomy":"brand","embeddable":true,"href":"https:\/\/games.tactic.net\/pl\/wp-json\/wp\/v2\/brand?post=590210"},{"taxonomy":"target-group","embeddable":true,"href":"https:\/\/games.tactic.net\/pl\/wp-json\/wp\/v2\/target-group?post=590210"},{"taxonomy":"discontinued","embeddable":true,"href":"https:\/\/games.tactic.net\/pl\/wp-json\/wp\/v2\/discontinued?post=590210"}],"curies":[{"name":"wp","href":"https:\/\/api.w.org\/{rel}","templated":true}]}}