{"id":589477,"date":"2022-06-03T15:22:03","date_gmt":"2022-06-03T12:22:03","guid":{"rendered":"http:\/\/games.tactic.net\/tuote\/hokej-uliczny-zestaw-outdoor-i-indor\/"},"modified":"2025-04-17T10:34:09","modified_gmt":"2025-04-17T07:34:09","slug":"hokej-uliczny-zestaw-outdoor-i-indor","status":"archive","type":"product","link":"https:\/\/games.tactic.net\/pl\/tuote\/hokej-uliczny-zestaw-outdoor-i-indor\/","title":{"rendered":"Tactic Active Play Hokej uliczny &#8211; zestaw outdoor i indor gra plenerowa"},"content":{"rendered":"<p>Zestaw do hokeja ulicznego. Od dzi\u015b sezon hokejowy mo\u017ce trwa\u0107 ca\u0142y rok! Zagrajmy \u2013 wystarczy tylko kawa\u0142ek r\u00f3wnej powierzchni. Opakowanie typu blister, z \u201eeurodziurk\u0105\u201d. Zawarto\u015b\u0107: Dwa kije hokejowe, plastikowa pi\u0142ka do unihokeja i mi\u0119kki kr\u0105\u017cek.<\/p>\n","protected":false},"excerpt":{"rendered":"<p>Zestaw do hokeja ulicznego. Od dzi\u015b sezon hokejowy mo\u017ce trwa\u0107 ca\u0142y rok! Zagrajmy \u2013 wystarczy tylko kawa\u0142ek r\u00f3wnej powierzchni. Opakowanie typu blister, z \u201eeurodziurk\u0105\u201d. Zawarto\u015b\u0107: Dwa kije hokejowe, plastikowa pi\u0142ka do unihokeja i mi\u0119kki kr\u0105\u017cek.<\/p>\n","protected":false},"featured_media":0,"template":"","meta":{"content-type":"","_monsterinsights_skip_tracking":false,"_monsterinsights_sitenote_active":false,"_monsterinsights_sitenote_note":"","_monsterinsights_sitenote_category":0},"product_brand":[],"product_cat":[2011],"product_tag":[],"brand":[],"target-group":[],"discontinued":[],"class_list":{"0":"post-589477","1":"product","2":"type-product","3":"status-archive","5":"product_cat-active-play-gry-plenerowe-2","7":"first","8":"outofstock","9":"taxable","10":"shipping-taxable","11":"product-type-simple"},"aioseo_notices":[],"_links":{"self":[{"href":"https:\/\/games.tactic.net\/pl\/wp-json\/wp\/v2\/product\/589477","targetHints":{"allow":["GET"]}}],"collection":[{"href":"https:\/\/games.tactic.net\/pl\/wp-json\/wp\/v2\/product"}],"about":[{"href":"https:\/\/games.tactic.net\/pl\/wp-json\/wp\/v2\/types\/product"}],"wp:attachment":[{"href":"https:\/\/games.tactic.net\/pl\/wp-json\/wp\/v2\/media?parent=589477"}],"wp:term":[{"taxonomy":"product_brand","embeddable":true,"href":"https:\/\/games.tactic.net\/pl\/wp-json\/wp\/v2\/product_brand?post=589477"},{"taxonomy":"product_cat","embeddable":true,"href":"https:\/\/games.tactic.net\/pl\/wp-json\/wp\/v2\/product_cat?post=589477"},{"taxonomy":"product_tag","embeddable":true,"href":"https:\/\/games.tactic.net\/pl\/wp-json\/wp\/v2\/product_tag?post=589477"},{"taxonomy":"brand","embeddable":true,"href":"https:\/\/games.tactic.net\/pl\/wp-json\/wp\/v2\/brand?post=589477"},{"taxonomy":"target-group","embeddable":true,"href":"https:\/\/games.tactic.net\/pl\/wp-json\/wp\/v2\/target-group?post=589477"},{"taxonomy":"discontinued","embeddable":true,"href":"https:\/\/games.tactic.net\/pl\/wp-json\/wp\/v2\/discontinued?post=589477"}],"curies":[{"name":"wp","href":"https:\/\/api.w.org\/{rel}","templated":true}]}}