{"id":589448,"date":"2022-06-03T15:17:25","date_gmt":"2022-06-03T12:17:25","guid":{"rendered":"http:\/\/games.tactic.net\/tuote\/zlam-racket-rakietki-z-piorkami-i-pilkami\/"},"modified":"2023-09-27T20:49:22","modified_gmt":"2023-09-27T17:49:22","slug":"zlam-racket-rakietki-z-piorkami-i-pilkami","status":"publish","type":"product","link":"https:\/\/games.tactic.net\/pl\/tuote\/zlam-racket-rakietki-z-piorkami-i-pilkami\/","title":{"rendered":"Tactic Active Play Zlam Racket &#8211; rakietki z pi\u00f3rkami i pi\u0142kami gra plenerowa"},"content":{"rendered":"<p>\u015awietny zestaw rakietek do gry w lotki i pi\u0142eczki &#8211; na pla\u017c\u0119 i nie tylko! Znakomita zabawa na \u015bwie\u017cym powietrzu z tym niepowtarzalnym zestawem do gry niew\u0105tpliwie przyniesie Wam wiele rado\u015bci i zdrowego ruchu. Zawarto\u015b\u0107: 2 rakietki ze sklejki (z piankow\u0105 nak\u0142adk\u0105 na r\u0119koje\u015b\u0107), 4 oryginalne lotki gumowe z pi\u00f3rkami, 2 pi\u0142eczki z materia\u0142u TPR, nylonowy woreczek transportowy.<\/p>\n","protected":false},"excerpt":{"rendered":"<p>\u015awietny zestaw rakietek do gry w lotki i pi\u0142eczki &#8211; na pla\u017c\u0119 i nie tylko! Znakomita zabawa na \u015bwie\u017cym powietrzu z tym niepowtarzalnym zestawem do gry niew\u0105tpliwie przyniesie Wam wiele rado\u015bci i zdrowego ruchu. Zawarto\u015b\u0107: 2 rakietki ze sklejki (z piankow\u0105 nak\u0142adk\u0105 na r\u0119koje\u015b\u0107), 4 oryginalne lotki gumowe z pi\u00f3rkami, 2 pi\u0142eczki z materia\u0142u TPR, [&hellip;]<\/p>\n","protected":false},"featured_media":0,"template":"","meta":{"content-type":"","_monsterinsights_skip_tracking":false,"_monsterinsights_sitenote_active":false,"_monsterinsights_sitenote_note":"","_monsterinsights_sitenote_category":0},"product_brand":[],"product_cat":[2011],"product_tag":[],"brand":[],"target-group":[],"discontinued":[],"class_list":{"0":"post-589448","1":"product","2":"type-product","3":"status-publish","5":"product_cat-active-play-gry-plenerowe-2","7":"first","8":"instock","9":"taxable","10":"shipping-taxable","11":"product-type-simple"},"aioseo_notices":[],"_links":{"self":[{"href":"https:\/\/games.tactic.net\/pl\/wp-json\/wp\/v2\/product\/589448","targetHints":{"allow":["GET"]}}],"collection":[{"href":"https:\/\/games.tactic.net\/pl\/wp-json\/wp\/v2\/product"}],"about":[{"href":"https:\/\/games.tactic.net\/pl\/wp-json\/wp\/v2\/types\/product"}],"wp:attachment":[{"href":"https:\/\/games.tactic.net\/pl\/wp-json\/wp\/v2\/media?parent=589448"}],"wp:term":[{"taxonomy":"product_brand","embeddable":true,"href":"https:\/\/games.tactic.net\/pl\/wp-json\/wp\/v2\/product_brand?post=589448"},{"taxonomy":"product_cat","embeddable":true,"href":"https:\/\/games.tactic.net\/pl\/wp-json\/wp\/v2\/product_cat?post=589448"},{"taxonomy":"product_tag","embeddable":true,"href":"https:\/\/games.tactic.net\/pl\/wp-json\/wp\/v2\/product_tag?post=589448"},{"taxonomy":"brand","embeddable":true,"href":"https:\/\/games.tactic.net\/pl\/wp-json\/wp\/v2\/brand?post=589448"},{"taxonomy":"target-group","embeddable":true,"href":"https:\/\/games.tactic.net\/pl\/wp-json\/wp\/v2\/target-group?post=589448"},{"taxonomy":"discontinued","embeddable":true,"href":"https:\/\/games.tactic.net\/pl\/wp-json\/wp\/v2\/discontinued?post=589448"}],"curies":[{"name":"wp","href":"https:\/\/api.w.org\/{rel}","templated":true}]}}