{"id":589377,"date":"2022-06-03T15:13:17","date_gmt":"2022-06-03T12:13:17","guid":{"rendered":"http:\/\/games.tactic.net\/tuote\/vintage-posters-mindfulness-game\/"},"modified":"2023-10-25T16:35:21","modified_gmt":"2023-10-25T13:35:21","slug":"vintage-posters-mindfulness-game","status":"publish","type":"product","link":"https:\/\/games.tactic.net\/pl\/tuote\/vintage-posters-mindfulness-game\/","title":{"rendered":"Tactic Vintage Posters Mindfulness Game memo"},"content":{"rendered":"<p>Zbierz tak du\u017co par kart z obrazkami jak to mo\u017cliwe! Zwyci\u0119zc\u0105 zostaje osoba, kt\u00f3ra w chwili zako\u0144czenia gry (gdy wszystkie pary s\u0105 ju\u017c zebrane), ma najwi\u0119cej zgromadzonych kart.<br \/>\nKarty zawieraj\u0105 stylowe obrazki z ilustracjami znanych miejsc turystycznych na \u015bwiecie.<br \/>\nZawarto\u015b\u0107: 48 kafelk\u00f3w z podr\u00f3\u017cniczymi obrazkami, instrukcja.<br \/>\nGra dla 2 i wi\u0119cej os\u00f3b w wieku 3+.<\/p>\n","protected":false},"excerpt":{"rendered":"<p>Zbierz tak du\u017co par kart z obrazkami jak to mo\u017cliwe! Zwyci\u0119zc\u0105 zostaje osoba, kt\u00f3ra w chwili zako\u0144czenia gry (gdy wszystkie pary s\u0105 ju\u017c zebrane), ma najwi\u0119cej zgromadzonych kart. Karty zawieraj\u0105 stylowe obrazki z ilustracjami znanych miejsc turystycznych na \u015bwiecie. Zawarto\u015b\u0107: 48 kafelk\u00f3w z podr\u00f3\u017cniczymi obrazkami, instrukcja.<\/p>\n","protected":false},"featured_media":0,"template":"","meta":{"content-type":"","_monsterinsights_skip_tracking":false,"_monsterinsights_sitenote_active":false,"_monsterinsights_sitenote_note":"","_monsterinsights_sitenote_category":0},"product_brand":[],"product_cat":[2047],"product_tag":[1234],"brand":[],"target-group":[],"discontinued":[],"class_list":{"0":"post-589377","1":"product","2":"type-product","3":"status-publish","5":"product_cat-gry-typu-memory","6":"product_tag-laczenie-pl","8":"first","9":"instock","10":"taxable","11":"shipping-taxable","12":"product-type-simple"},"aioseo_notices":[],"_links":{"self":[{"href":"https:\/\/games.tactic.net\/pl\/wp-json\/wp\/v2\/product\/589377","targetHints":{"allow":["GET"]}}],"collection":[{"href":"https:\/\/games.tactic.net\/pl\/wp-json\/wp\/v2\/product"}],"about":[{"href":"https:\/\/games.tactic.net\/pl\/wp-json\/wp\/v2\/types\/product"}],"wp:attachment":[{"href":"https:\/\/games.tactic.net\/pl\/wp-json\/wp\/v2\/media?parent=589377"}],"wp:term":[{"taxonomy":"product_brand","embeddable":true,"href":"https:\/\/games.tactic.net\/pl\/wp-json\/wp\/v2\/product_brand?post=589377"},{"taxonomy":"product_cat","embeddable":true,"href":"https:\/\/games.tactic.net\/pl\/wp-json\/wp\/v2\/product_cat?post=589377"},{"taxonomy":"product_tag","embeddable":true,"href":"https:\/\/games.tactic.net\/pl\/wp-json\/wp\/v2\/product_tag?post=589377"},{"taxonomy":"brand","embeddable":true,"href":"https:\/\/games.tactic.net\/pl\/wp-json\/wp\/v2\/brand?post=589377"},{"taxonomy":"target-group","embeddable":true,"href":"https:\/\/games.tactic.net\/pl\/wp-json\/wp\/v2\/target-group?post=589377"},{"taxonomy":"discontinued","embeddable":true,"href":"https:\/\/games.tactic.net\/pl\/wp-json\/wp\/v2\/discontinued?post=589377"}],"curies":[{"name":"wp","href":"https:\/\/api.w.org\/{rel}","templated":true}]}}