{"id":589334,"date":"2022-06-03T15:09:31","date_gmt":"2022-06-03T12:09:31","guid":{"rendered":"http:\/\/games.tactic.net\/tuote\/yatzy-z-drewnianymi-bialymi-kostkami\/"},"modified":"2023-10-25T16:33:47","modified_gmt":"2023-10-25T13:33:47","slug":"yatzy-z-drewnianymi-bialymi-kostkami","status":"publish","type":"product","link":"https:\/\/games.tactic.net\/pl\/tuote\/yatzy-z-drewnianymi-bialymi-kostkami\/","title":{"rendered":"Tactic Yatzy z drewnianymi bia\u0142ymi kostkami"},"content":{"rendered":"<p>Rzucaj ko\u015b\u0107mi i licz na szcz\u0119\u015bcie! Je\u017celi w Waszej kolekcji gier brakuje stylowej klasyki, czego\u015b ponadczasowego, do czego zawsze b\u0119dziecie wraca\u0107 \u2013 szukacie Yatzy. W ka\u017cdej turze gracze trzykrotnie rzucaj\u0105 pi\u0119cioma ko\u015b\u0107mi, \u017ceby zebra\u0107 najlepsze wyniki. By wygra\u0107, potrzebujesz szcz\u0119\u015bcia i odrobiny strategicznego my\u015blenia. Uwaga! Jedna rozgrywka prowadzi do kolejnej. I kolejnej, i kolejnej\u2026 Zawarto\u015b\u0107: 5 drewnianych bia\u0142ych kostek, bloczek z tabelami do zapisywania wynik\u00f3w, instrukcja. Klasyczna gra ko\u015bciana dla 2 i wi\u0119cej graczy w wieku 5+.<\/p>\n","protected":false},"excerpt":{"rendered":"<p>Rzucaj ko\u015b\u0107mi i licz na szcz\u0119\u015bcie! Je\u017celi w Waszej kolekcji gier brakuje stylowej klasyki, czego\u015b ponadczasowego, do czego zawsze b\u0119dziecie wraca\u0107 \u2013 szukacie Yatzy. W ka\u017cdej turze gracze trzykrotnie rzucaj\u0105 pi\u0119cioma ko\u015b\u0107mi, \u017ceby zebra\u0107 najlepsze wyniki. By wygra\u0107, potrzebujesz szcz\u0119\u015bcia i odrobiny strategicznego my\u015blenia. Uwaga! Jedna rozgrywka prowadzi do kolejnej. I kolejnej, i kolejnej.<\/p>\n","protected":false},"featured_media":0,"template":"","meta":{"content-type":"","_monsterinsights_skip_tracking":false,"_monsterinsights_sitenote_active":false,"_monsterinsights_sitenote_note":"","_monsterinsights_sitenote_category":0},"product_brand":[],"product_cat":[1676,1675],"product_tag":[1033,376],"brand":[],"target-group":[],"discontinued":[],"class_list":{"0":"post-589334","1":"product","2":"type-product","3":"status-publish","5":"product_cat-gry-kosciane-i-karciane-gry-rodzinne","6":"product_cat-gry-kosciane-i-karciane","7":"product_tag-losowosc","8":"product_tag-obliczenie","10":"first","11":"instock","12":"taxable","13":"shipping-taxable","14":"product-type-simple"},"aioseo_notices":[],"_links":{"self":[{"href":"https:\/\/games.tactic.net\/pl\/wp-json\/wp\/v2\/product\/589334","targetHints":{"allow":["GET"]}}],"collection":[{"href":"https:\/\/games.tactic.net\/pl\/wp-json\/wp\/v2\/product"}],"about":[{"href":"https:\/\/games.tactic.net\/pl\/wp-json\/wp\/v2\/types\/product"}],"wp:attachment":[{"href":"https:\/\/games.tactic.net\/pl\/wp-json\/wp\/v2\/media?parent=589334"}],"wp:term":[{"taxonomy":"product_brand","embeddable":true,"href":"https:\/\/games.tactic.net\/pl\/wp-json\/wp\/v2\/product_brand?post=589334"},{"taxonomy":"product_cat","embeddable":true,"href":"https:\/\/games.tactic.net\/pl\/wp-json\/wp\/v2\/product_cat?post=589334"},{"taxonomy":"product_tag","embeddable":true,"href":"https:\/\/games.tactic.net\/pl\/wp-json\/wp\/v2\/product_tag?post=589334"},{"taxonomy":"brand","embeddable":true,"href":"https:\/\/games.tactic.net\/pl\/wp-json\/wp\/v2\/brand?post=589334"},{"taxonomy":"target-group","embeddable":true,"href":"https:\/\/games.tactic.net\/pl\/wp-json\/wp\/v2\/target-group?post=589334"},{"taxonomy":"discontinued","embeddable":true,"href":"https:\/\/games.tactic.net\/pl\/wp-json\/wp\/v2\/discontinued?post=589334"}],"curies":[{"name":"wp","href":"https:\/\/api.w.org\/{rel}","templated":true}]}}