{"id":57094,"date":"2021-01-29T14:58:18","date_gmt":"2021-01-29T12:58:18","guid":{"rendered":"https:\/\/dev.tactic.net\/tuote\/kubb\/"},"modified":"2024-10-11T15:06:52","modified_gmt":"2024-10-11T12:06:52","slug":"kubb","status":"archive","type":"product","link":"https:\/\/games.tactic.net\/pl\/tuote\/kubb\/","title":{"rendered":"Tactic Kubb"},"content":{"rendered":"<p>PLENEROWA GRA WIKING\u00d3W! Przewr\u00f3\u0107 drewniane kr\u0119gle w kszta\u0142cie klock\u00f3w, a nast\u0119pnie Kr\u00f3la, ale uwa\u017caj \u2013 je\u015bli przewr\u00f3cisz Kr\u00f3la przed wywr\u00f3ceniem wszystkich klock\u00f3w przeciwnika, to on odniesie zwyci\u0119stwo! Kubb jest gr\u0105 \u0142\u0105cz\u0105c\u0105 w sobie elementy kr\u0119gli, szach\u00f3w i rzut\u00f3w podkow\u0105&#8230; Mo\u017cna w ni\u0105 gra\u0107 dru\u017cynami b\u0105d\u017a indywidualnie. Tak czy inaczej dobra zabawa jest gwarantowana. Zawarto\u015b\u0107: Kr\u00f3l, 10 obro\u0144c\u00f3w, 6 ko\u0142k\u00f3w. Gra plenerowa dla 2 i wi\u0119cej graczy w wieku 7+. Download the Kubb Game Tracker application:<\/p>\n","protected":false},"excerpt":{"rendered":"<p>PLENEROWA GRA WIKING\u00d3W! Przewr\u00f3\u0107 drewniane kr\u0119gle w kszta\u0142cie klock\u00f3w, a nast\u0119pnie Kr\u00f3la.<\/p>\n","protected":false},"featured_media":0,"template":"","meta":{"content-type":"","_monsterinsights_skip_tracking":false,"_monsterinsights_sitenote_active":false,"_monsterinsights_sitenote_note":"","_monsterinsights_sitenote_category":0},"product_brand":[],"product_cat":[1939],"product_tag":[1253],"brand":[],"target-group":[],"discontinued":[],"class_list":{"0":"post-57094","1":"product","2":"type-product","3":"status-archive","5":"product_cat-inne-gry-plenerowe-gry-plenerowe","6":"product_tag-umiejetnosc-pl","8":"first","9":"outofstock","10":"taxable","11":"shipping-taxable","12":"product-type-simple"},"aioseo_notices":[],"_links":{"self":[{"href":"https:\/\/games.tactic.net\/pl\/wp-json\/wp\/v2\/product\/57094","targetHints":{"allow":["GET"]}}],"collection":[{"href":"https:\/\/games.tactic.net\/pl\/wp-json\/wp\/v2\/product"}],"about":[{"href":"https:\/\/games.tactic.net\/pl\/wp-json\/wp\/v2\/types\/product"}],"wp:attachment":[{"href":"https:\/\/games.tactic.net\/pl\/wp-json\/wp\/v2\/media?parent=57094"}],"wp:term":[{"taxonomy":"product_brand","embeddable":true,"href":"https:\/\/games.tactic.net\/pl\/wp-json\/wp\/v2\/product_brand?post=57094"},{"taxonomy":"product_cat","embeddable":true,"href":"https:\/\/games.tactic.net\/pl\/wp-json\/wp\/v2\/product_cat?post=57094"},{"taxonomy":"product_tag","embeddable":true,"href":"https:\/\/games.tactic.net\/pl\/wp-json\/wp\/v2\/product_tag?post=57094"},{"taxonomy":"brand","embeddable":true,"href":"https:\/\/games.tactic.net\/pl\/wp-json\/wp\/v2\/brand?post=57094"},{"taxonomy":"target-group","embeddable":true,"href":"https:\/\/games.tactic.net\/pl\/wp-json\/wp\/v2\/target-group?post=57094"},{"taxonomy":"discontinued","embeddable":true,"href":"https:\/\/games.tactic.net\/pl\/wp-json\/wp\/v2\/discontinued?post=57094"}],"curies":[{"name":"wp","href":"https:\/\/api.w.org\/{rel}","templated":true}]}}