{"id":56969,"date":"2021-01-29T12:10:51","date_gmt":"2021-01-29T10:10:51","guid":{"rendered":"https:\/\/dev.tactic.net\/tuote\/land-of-clans\/"},"modified":"2023-10-25T16:28:51","modified_gmt":"2023-10-25T13:28:51","slug":"land-of-clans","status":"publish","type":"product","link":"https:\/\/games.tactic.net\/pl\/tuote\/land-of-clans\/","title":{"rendered":"Gamestorm Land of Clans gra planszowa"},"content":{"rendered":"<p>Wciel si\u0119 w wodza klanu i podbij szkockie wy\u017cyny! Zbuduj w\u0142asny zamek lub zaatakuj zamek przeciwnika \u2013 je\u015bli uwa\u017casz, \u017ce masz wystarczaj\u0105ce si\u0142y, by prze\u0142ama\u0107 jego obron\u0119. Pierwszy gracz, kt\u00f3ry wejdzie w posiadanie czterech zamk\u00f3w, wygrywa.<br \/>\n\u2022 Ekscytuj\u0105ca gra strategiczna dla ca\u0142ej rodziny.<br \/>\n\u2022 Drewniane elementy gry.<br \/>\nZawarto\u015b\u0107: plansza, 60 drewnianych znacznik\u00f3w i 16 drewnianych zamk\u00f3w w 4 r\u00f3\u017cnych kolorach, 108 kart, 19 kafelk\u00f3w zwyci\u0119stwa (kwadratowe), 19 kafelk\u00f3w zamku (w r\u00f3\u017cnych kszta\u0142tach), materia\u0142owa torebka, zasady.<br \/>\nGra dla 2-4 lub 6 graczy w wieku 8+.<\/p>\n","protected":false},"excerpt":{"rendered":"<p>Wciel si\u0119 w wodza klanu i podbij szkockie wy\u017cyny! Zbuduj w\u0142asny zamek lub zaatakuj zamek przeciwnika \u2013 je\u015bli uwa\u017casz, \u017ce masz wystarczaj\u0105ce si\u0142y, by prze\u0142ama\u0107 jego obron\u0119. Pierwszy gracz, kt\u00f3ry wejdzie w posiadanie czterech zamk\u00f3w, wygrywa.<\/p>\n","protected":false},"featured_media":0,"template":"","meta":{"content-type":"","_monsterinsights_skip_tracking":false,"_monsterinsights_sitenote_active":false,"_monsterinsights_sitenote_note":"","_monsterinsights_sitenote_category":0},"product_brand":[],"product_cat":[1783,1782],"product_tag":[1247,897],"brand":[{"id":889,"name":"Gamestorm Studio","slug":"gamestormstudio-pl"}],"target-group":[],"discontinued":[],"class_list":{"0":"post-56969","1":"product","2":"type-product","3":"status-publish","5":"product_cat-strategiczne-gry-rodzinne","6":"product_cat-strategiczne-dla-doroslych-gry-dla-doroslych","7":"product_tag-strategia-pl","8":"product_tag-taktyka","9":"brand-gamestormstudio-pl","11":"first","12":"outofstock","13":"taxable","14":"shipping-taxable","15":"product-type-simple"},"aioseo_notices":[],"_links":{"self":[{"href":"https:\/\/games.tactic.net\/pl\/wp-json\/wp\/v2\/product\/56969","targetHints":{"allow":["GET"]}}],"collection":[{"href":"https:\/\/games.tactic.net\/pl\/wp-json\/wp\/v2\/product"}],"about":[{"href":"https:\/\/games.tactic.net\/pl\/wp-json\/wp\/v2\/types\/product"}],"wp:attachment":[{"href":"https:\/\/games.tactic.net\/pl\/wp-json\/wp\/v2\/media?parent=56969"}],"wp:term":[{"taxonomy":"product_brand","embeddable":true,"href":"https:\/\/games.tactic.net\/pl\/wp-json\/wp\/v2\/product_brand?post=56969"},{"taxonomy":"product_cat","embeddable":true,"href":"https:\/\/games.tactic.net\/pl\/wp-json\/wp\/v2\/product_cat?post=56969"},{"taxonomy":"product_tag","embeddable":true,"href":"https:\/\/games.tactic.net\/pl\/wp-json\/wp\/v2\/product_tag?post=56969"},{"taxonomy":"brand","embeddable":true,"href":"https:\/\/games.tactic.net\/pl\/wp-json\/wp\/v2\/brand?post=56969"},{"taxonomy":"target-group","embeddable":true,"href":"https:\/\/games.tactic.net\/pl\/wp-json\/wp\/v2\/target-group?post=56969"},{"taxonomy":"discontinued","embeddable":true,"href":"https:\/\/games.tactic.net\/pl\/wp-json\/wp\/v2\/discontinued?post=56969"}],"curies":[{"name":"wp","href":"https:\/\/api.w.org\/{rel}","templated":true}]}}