{"id":56967,"date":"2021-01-29T12:09:28","date_gmt":"2021-01-29T10:09:28","guid":{"rendered":"https:\/\/dev.tactic.net\/tuote\/iknow\/"},"modified":"2022-11-02T12:53:19","modified_gmt":"2022-11-02T10:53:19","slug":"iknow","status":"publish","type":"product","link":"https:\/\/games.tactic.net\/pl\/tuote\/iknow\/","title":{"rendered":"iKNOW"},"content":{"rendered":"<p><b>ZUPE\u0141NIE NOWA GRA QUIZOWA!<\/b> <\/p>\n<p>Wyj\u0105tkowa. Dynamiczna. Wci\u0105gaj\u0105ca. <\/p>\n<p>iKNOW jest gr\u0105 planszow\u0105, w kt\u00f3rej istotn\u0105 rol\u0119 odgrywa interakcja. Wiedza, umiej\u0119tno\u015bci taktyczne oraz szcz\u0119\u015bcie sk\u0142adaj\u0105 si\u0119 w jej przypadku na niepowtarzaln\u0105 ca\u0142o\u015b\u0107. Wynik zale\u017cy nie tylko od poprawnych odpowiedzi na pytania, ale i od trafnych przewidywa\u0144, co do wiedzy znajomych, z kt\u00f3rymi grasz. <\/p>\n<p>Przekonaj si\u0119, jak dobrze ich znasz!<\/p>\n<p><b>Zawarto\u015b\u0107:<\/b> 400 kart (1600 pyta\u0144 i 4800 podpowiedzi), 6 pionk\u00f3w iKnow, 6 pionk\u00f3w iBet, plansza, \u017cetony punktacji w dw\u00f3ch kolorach <\/p>\n<p> Gra przeznaczona jest dla 2-6 graczy w wieku 15+<\/p>\n<p><a href=\"http:\/\/www.iknowgame.net\"><br \/>\n          Zobacz stron\u0119 internetow\u0105 gry<\/a><\/p>\n<p><a href=\"http:\/\/gry.onet.pl\/artykuly\/iknow-gra-quizowa-ktora-zastapi-trivial-pursuit\/37m3c5\" title=\"\" target=\"\" rel=\"noopener\">Przeczytaj artyku\u0142 o iKNOW na portalu ONET <\/a><br \/><font size=\"2\"><br \/><u><b>____________________________________<br \/><\/b><\/u><\/font><br \/><font size=\"2\"><a href=\"https:\/\/www.youtube.com\/watch?v=FE8P6KcVaWw\">Obejrzyj recenzj\u0119 gry na Board Times<\/a><u><b><\/p>\n<p>Przeczytaj recenzje gry:<br \/><\/b><\/u><\/font><br \/><font size=\"2\">&#8211; <a href=\"http:\/\/mlodygiercownik.blog.pl\/2016\/11\/29\/recenzja-gry-planszowej-iknow\/\" title=\"\" target=\"\" rel=\"noopener\">Blog M\u0142ody Giercownik<\/a><\/p>\n<p>&#8211; <a href=\"http:\/\/www.granice.pl\/publicystyka,-8222;trivia-po-nowemu-recenzja-gry-8222;iknow,1005\" title=\"\" target=\"\" rel=\"noopener\">Granice.pl<\/a><\/p>\n<p><\/font><font size=\"2\">&#8211; <a href=\"http:\/\/ciekawegry.wordpress.com\/2013\/12\/11\/zagralem-w-iknow\/\">Ciekawe Gry<\/a><\/p>\n<p><\/font><font size=\"2\"><br \/>\n<a href=\"http:\/\/www.gamesfanatic.pl\/2013\/11\/03\/iknow-wiedziec-co-kto-wie\/\"><br \/>\n          <\/a><\/p>\n<p>&#8211; <a href=\"http:\/\/www.gamesfanatic.pl\/2013\/11\/03\/iknow-wiedziec-co-kto-wie\/\">Games Fanatic<\/a><\/p>\n<p>&#8211; <a href=\"http:\/\/przykominku.com\/gry\/iknow\" title=\"\" target=\"\" rel=\"noopener\">Przy Kominku<\/a><\/p>\n<p>&#8211; <a href=\"https:\/\/gameby.pl\/iknow-gra-planszowa-recenzja\/\" title=\"\" target=\"\" rel=\"noopener\">Blog GameBy<\/a><\/p>\n<p><\/font><\/p>\n","protected":false},"excerpt":{"rendered":"<p><b>ZUPE\u0141NIE NOWA GRA QUIZOWA!<\/b> <\/p>\n<p>Wyj\u0105tkowa. Dynamiczna. Wci\u0105gaj\u0105ca. <\/p>\n<p>iKNOW jest gr\u0105 planszow\u0105, w kt\u00f3rej istotn\u0105 rol\u0119 odgrywa interakcja. Wiedza, umiej\u0119tno\u015bci taktyczne oraz szcz\u0119\u015bcie sk\u0142adaj\u0105 si\u0119 w jej przypadku na niepowtarzaln\u0105 ca\u0142o\u015b\u0107. <\/p>\n","protected":false},"featured_media":0,"template":"","meta":{"content-type":"","_monsterinsights_skip_tracking":false,"_monsterinsights_sitenote_active":false,"_monsterinsights_sitenote_note":"","_monsterinsights_sitenote_category":0},"product_brand":[],"product_cat":[1817],"product_tag":[1277],"brand":[{"id":2106,"name":"iKNOW","slug":"iknow_pl"}],"target-group":[],"discontinued":[],"class_list":{"0":"post-56967","1":"product","2":"type-product","3":"status-publish","5":"product_cat-quizowe-gry-dla-doroslych","6":"product_tag-wiedza","7":"brand-iknow_pl","9":"first","10":"outofstock","11":"taxable","12":"shipping-taxable","13":"product-type-simple"},"aioseo_notices":[],"_links":{"self":[{"href":"https:\/\/games.tactic.net\/pl\/wp-json\/wp\/v2\/product\/56967","targetHints":{"allow":["GET"]}}],"collection":[{"href":"https:\/\/games.tactic.net\/pl\/wp-json\/wp\/v2\/product"}],"about":[{"href":"https:\/\/games.tactic.net\/pl\/wp-json\/wp\/v2\/types\/product"}],"wp:attachment":[{"href":"https:\/\/games.tactic.net\/pl\/wp-json\/wp\/v2\/media?parent=56967"}],"wp:term":[{"taxonomy":"product_brand","embeddable":true,"href":"https:\/\/games.tactic.net\/pl\/wp-json\/wp\/v2\/product_brand?post=56967"},{"taxonomy":"product_cat","embeddable":true,"href":"https:\/\/games.tactic.net\/pl\/wp-json\/wp\/v2\/product_cat?post=56967"},{"taxonomy":"product_tag","embeddable":true,"href":"https:\/\/games.tactic.net\/pl\/wp-json\/wp\/v2\/product_tag?post=56967"},{"taxonomy":"brand","embeddable":true,"href":"https:\/\/games.tactic.net\/pl\/wp-json\/wp\/v2\/brand?post=56967"},{"taxonomy":"target-group","embeddable":true,"href":"https:\/\/games.tactic.net\/pl\/wp-json\/wp\/v2\/target-group?post=56967"},{"taxonomy":"discontinued","embeddable":true,"href":"https:\/\/games.tactic.net\/pl\/wp-json\/wp\/v2\/discontinued?post=56967"}],"curies":[{"name":"wp","href":"https:\/\/api.w.org\/{rel}","templated":true}]}}