{"id":56910,"date":"2021-01-29T12:08:32","date_gmt":"2021-01-29T10:08:32","guid":{"rendered":"https:\/\/dev.tactic.net\/tuote\/no-way-jose-gra-imprezowa\/"},"modified":"2023-09-20T17:02:00","modified_gmt":"2023-09-20T14:02:00","slug":"no-way-jose-gra-imprezowa","status":"publish","type":"product","link":"https:\/\/games.tactic.net\/pl\/tuote\/no-way-jose-gra-imprezowa\/","title":{"rendered":"Tactic No way Jose gra imprezowa"},"content":{"rendered":"<p>W tej zabawnej grze sprawdzisz swoj\u0105 wiedz\u0119 na r\u00f3\u017cne tematy! Twoim zadaniem jest zdecydowa\u0107, czy odpowiedzi s\u0105 prawdziwe czy fa\u0142szywe. Gracz, kt\u00f3ry zebra\u0142 wi\u0119kszo\u015b\u0107 \u017ceton\u00f3w, wygrywa.<br \/>\n\u2022 Zaskakuj\u0105ce, kolorowe i zabawne.<br \/>\n\u2022 \u015awietna zabawa dla ca\u0142ej rodziny lub grupy przyjaci\u00f3\u0142!<br \/>\nZawarto\u015b\u0107: 200 kart, 6 plansz, 60 znacznik\u00f3w prawda\/fa\u0142sz.<br \/>\nGra imprezowa dla 2-6 graczy w wieku 12+.<\/p>\n","protected":false},"excerpt":{"rendered":"<p>W tej zabawnej grze sprawdzisz swoj\u0105 wiedz\u0119 na r\u00f3\u017cne tematy! Twoim zadaniem jest zdecydowa\u0107, czy odpowiedzi s\u0105 prawdziwe czy fa\u0142szywe. Gracz, kt\u00f3ry zebra\u0142 wi\u0119kszo\u015b\u0107 \u017ceton\u00f3w, wygrywa. \u2022 Zaskakuj\u0105ce, kolorowe i zabawne. \u2022 \u015awietna zabawa dla ca\u0142ej rodziny lub grupy przyjaci\u00f3\u0142! Zawarto\u015b\u0107: 200 kart, 6 plansz, 60 znacznik\u00f3w prawda\/fa\u0142sz. Gra imprezowa dla 2-6 graczy w wieku [&hellip;]<\/p>\n","protected":false},"featured_media":0,"template":"","meta":{"content-type":"","_monsterinsights_skip_tracking":false,"_monsterinsights_sitenote_active":false,"_monsterinsights_sitenote_note":"","_monsterinsights_sitenote_category":0},"product_brand":[],"product_cat":[1814],"product_tag":[1000,1277,995],"brand":[],"target-group":[],"discontinued":[],"class_list":{"0":"post-56910","1":"product","2":"type-product","3":"status-publish","5":"product_cat-quizowe-gry-rodzinne","6":"product_tag-edukacyjny","7":"product_tag-wiedza","8":"product_tag-wieloosobowe","10":"first","11":"outofstock","12":"taxable","13":"shipping-taxable","14":"product-type-simple"},"aioseo_notices":[],"_links":{"self":[{"href":"https:\/\/games.tactic.net\/pl\/wp-json\/wp\/v2\/product\/56910","targetHints":{"allow":["GET"]}}],"collection":[{"href":"https:\/\/games.tactic.net\/pl\/wp-json\/wp\/v2\/product"}],"about":[{"href":"https:\/\/games.tactic.net\/pl\/wp-json\/wp\/v2\/types\/product"}],"wp:attachment":[{"href":"https:\/\/games.tactic.net\/pl\/wp-json\/wp\/v2\/media?parent=56910"}],"wp:term":[{"taxonomy":"product_brand","embeddable":true,"href":"https:\/\/games.tactic.net\/pl\/wp-json\/wp\/v2\/product_brand?post=56910"},{"taxonomy":"product_cat","embeddable":true,"href":"https:\/\/games.tactic.net\/pl\/wp-json\/wp\/v2\/product_cat?post=56910"},{"taxonomy":"product_tag","embeddable":true,"href":"https:\/\/games.tactic.net\/pl\/wp-json\/wp\/v2\/product_tag?post=56910"},{"taxonomy":"brand","embeddable":true,"href":"https:\/\/games.tactic.net\/pl\/wp-json\/wp\/v2\/brand?post=56910"},{"taxonomy":"target-group","embeddable":true,"href":"https:\/\/games.tactic.net\/pl\/wp-json\/wp\/v2\/target-group?post=56910"},{"taxonomy":"discontinued","embeddable":true,"href":"https:\/\/games.tactic.net\/pl\/wp-json\/wp\/v2\/discontinued?post=56910"}],"curies":[{"name":"wp","href":"https:\/\/api.w.org\/{rel}","templated":true}]}}