{"id":56895,"date":"2021-01-29T12:08:00","date_gmt":"2021-01-29T10:08:00","guid":{"rendered":"https:\/\/dev.tactic.net\/tuote\/kalambury-extreme\/"},"modified":"2023-05-15T10:37:48","modified_gmt":"2023-05-15T07:37:48","slug":"kalambury-extreme","status":"archive","type":"product","link":"https:\/\/games.tactic.net\/pl\/tuote\/kalambury-extreme\/","title":{"rendered":"Kalambury Extreme"},"content":{"rendered":"<p>Jeszcze nigdy rysowanie nie by\u0142o tak\u2026 dziwne. Rzu\u0107<br \/>\nkostk\u0105, a nast\u0119pnie narysuj has\u0142o trzymaj\u0105c mazak w<br \/>\nwylosowany spos\u00f3b. Inni b\u0119d\u0105 pr\u00f3bowali odgadn\u0105\u0107,<br \/>\nco usi\u0142ujesz przedstawi\u0107. Gracz, kt\u00f3remu si\u0119 to uda &#8211;<br \/>\nzwyci\u0119\u017cy!\n<\/p>\n<p>\u2022 Sze\u015b\u0107 przedziwnych sposob\u00f3w rysowania.\n<\/p>\n<p>\u2022 Niby zwyk\u0142e kalambury, ale zupe\u0142nie inne.\n<\/p>\n<p>\u2022 Najbardziej zabawna gra rysunkowa na rynku!<\/p>\n","protected":false},"excerpt":{"rendered":"<p>Jeszcze nigdy rysowanie nie by\u0142o tak\u2026 dziwne. Rzu\u0107 kostk\u0105, a nast\u0119pnie narysuj has\u0142o trzymaj\u0105c mazak w wylosowany spos\u00f3b.<\/p>\n","protected":false},"featured_media":0,"template":"","meta":{"content-type":"","_monsterinsights_skip_tracking":false,"_monsterinsights_sitenote_active":false,"_monsterinsights_sitenote_note":"","_monsterinsights_sitenote_category":0},"product_brand":[],"product_cat":[1818],"product_tag":[995,991],"brand":[],"target-group":[],"discontinued":[],"class_list":{"0":"post-56895","1":"product","2":"type-product","3":"status-archive","5":"product_cat-imprezowe-gry-rodzinne","6":"product_tag-wieloosobowe","7":"product_tag-zabawa","9":"first","10":"outofstock","11":"taxable","12":"shipping-taxable","13":"product-type-simple"},"aioseo_notices":[],"_links":{"self":[{"href":"https:\/\/games.tactic.net\/pl\/wp-json\/wp\/v2\/product\/56895","targetHints":{"allow":["GET"]}}],"collection":[{"href":"https:\/\/games.tactic.net\/pl\/wp-json\/wp\/v2\/product"}],"about":[{"href":"https:\/\/games.tactic.net\/pl\/wp-json\/wp\/v2\/types\/product"}],"wp:attachment":[{"href":"https:\/\/games.tactic.net\/pl\/wp-json\/wp\/v2\/media?parent=56895"}],"wp:term":[{"taxonomy":"product_brand","embeddable":true,"href":"https:\/\/games.tactic.net\/pl\/wp-json\/wp\/v2\/product_brand?post=56895"},{"taxonomy":"product_cat","embeddable":true,"href":"https:\/\/games.tactic.net\/pl\/wp-json\/wp\/v2\/product_cat?post=56895"},{"taxonomy":"product_tag","embeddable":true,"href":"https:\/\/games.tactic.net\/pl\/wp-json\/wp\/v2\/product_tag?post=56895"},{"taxonomy":"brand","embeddable":true,"href":"https:\/\/games.tactic.net\/pl\/wp-json\/wp\/v2\/brand?post=56895"},{"taxonomy":"target-group","embeddable":true,"href":"https:\/\/games.tactic.net\/pl\/wp-json\/wp\/v2\/target-group?post=56895"},{"taxonomy":"discontinued","embeddable":true,"href":"https:\/\/games.tactic.net\/pl\/wp-json\/wp\/v2\/discontinued?post=56895"}],"curies":[{"name":"wp","href":"https:\/\/api.w.org\/{rel}","templated":true}]}}