{"id":568243,"date":"2022-05-12T08:26:25","date_gmt":"2022-05-12T05:26:25","guid":{"rendered":"http:\/\/games.tactic.net\/tuote\/curling-bowling-table-sport\/"},"modified":"2023-10-06T16:06:39","modified_gmt":"2023-10-06T13:06:39","slug":"curling-bowling-table-sport","status":"publish","type":"product","link":"https:\/\/games.tactic.net\/pl\/tuote\/curling-bowling-table-sport\/","title":{"rendered":"Tactic Active Play Curling &#038; Kr\u0119gle gra sto\u0142owa"},"content":{"rendered":"<p>Gry Active Play to \u015bwietny spos\u00f3b na aktywno\u015b\u0107 i zabaw\u0119 z rodzin\u0105 oraz znajomymi! Wsp\u00f3lne \u0107wiczenia i gry s\u0105 dobre dla cia\u0142a i duszy. Daj\u0105 energi\u0119 i u\u0142atwiaj\u0105 koncentracj\u0119 oraz nauk\u0119 nowych rzeczy. Zorganizuj parti\u0119 curlingu albo przekonaj si\u0119, kto w rodzinie jest mistrzem kr\u0119gli! Ten podw\u00f3jny zestaw zawiera 8 kamieni nadaj\u0105cych si\u0119 zar\u00f3wno do curlingu, jak i kr\u0119gli, 6 kr\u0119gli, 2 pr\u0119ty magnetyczne i rozk\u0142adan\u0105 podk\u0142adk\u0119 do grania, a do tego spis zasad.<\/p>\n","protected":false},"excerpt":{"rendered":"<p>Gry Active Play to \u015bwietny spos\u00f3b na aktywno\u015b\u0107 i zabaw\u0119 z rodzin\u0105 oraz znajomymi! Wsp\u00f3lne \u0107wiczenia i gry s\u0105 dobre dla cia\u0142a i duszy. Daj\u0105 energi\u0119 i u\u0142atwiaj\u0105 koncentracj\u0119 oraz nauk\u0119 nowych rzeczy. Zorganizuj parti\u0119 curlingu albo przekonaj si\u0119, kto w rodzinie jest mistrzem kr\u0119gli! Ten podw\u00f3jny zestaw zawiera 8 kamieni nadaj\u0105cych si\u0119 zar\u00f3wno do [&hellip;]<\/p>\n","protected":false},"featured_media":0,"template":"","meta":{"content-type":"","_monsterinsights_skip_tracking":false,"_monsterinsights_sitenote_active":false,"_monsterinsights_sitenote_note":"","_monsterinsights_sitenote_category":0},"product_brand":[],"product_cat":[2011,1811,1818],"product_tag":[1230,1247,1253],"brand":[],"target-group":[],"discontinued":[],"class_list":{"0":"post-568243","1":"product","2":"type-product","3":"status-publish","5":"product_cat-active-play-gry-plenerowe-2","6":"product_cat-imprezowe-gry-dla-doroslych","7":"product_cat-imprezowe-gry-rodzinne","8":"product_tag-dzialanie-pl","9":"product_tag-strategia-pl","10":"product_tag-umiejetnosc-pl","12":"first","13":"outofstock","14":"taxable","15":"shipping-taxable","16":"product-type-simple"},"aioseo_notices":[],"_links":{"self":[{"href":"https:\/\/games.tactic.net\/pl\/wp-json\/wp\/v2\/product\/568243","targetHints":{"allow":["GET"]}}],"collection":[{"href":"https:\/\/games.tactic.net\/pl\/wp-json\/wp\/v2\/product"}],"about":[{"href":"https:\/\/games.tactic.net\/pl\/wp-json\/wp\/v2\/types\/product"}],"wp:attachment":[{"href":"https:\/\/games.tactic.net\/pl\/wp-json\/wp\/v2\/media?parent=568243"}],"wp:term":[{"taxonomy":"product_brand","embeddable":true,"href":"https:\/\/games.tactic.net\/pl\/wp-json\/wp\/v2\/product_brand?post=568243"},{"taxonomy":"product_cat","embeddable":true,"href":"https:\/\/games.tactic.net\/pl\/wp-json\/wp\/v2\/product_cat?post=568243"},{"taxonomy":"product_tag","embeddable":true,"href":"https:\/\/games.tactic.net\/pl\/wp-json\/wp\/v2\/product_tag?post=568243"},{"taxonomy":"brand","embeddable":true,"href":"https:\/\/games.tactic.net\/pl\/wp-json\/wp\/v2\/brand?post=568243"},{"taxonomy":"target-group","embeddable":true,"href":"https:\/\/games.tactic.net\/pl\/wp-json\/wp\/v2\/target-group?post=568243"},{"taxonomy":"discontinued","embeddable":true,"href":"https:\/\/games.tactic.net\/pl\/wp-json\/wp\/v2\/discontinued?post=568243"}],"curies":[{"name":"wp","href":"https:\/\/api.w.org\/{rel}","templated":true}]}}