{"id":56605,"date":"2021-01-29T11:49:50","date_gmt":"2021-01-29T09:49:50","guid":{"rendered":"https:\/\/dev.tactic.net\/tuote\/mud-party\/"},"modified":"2023-04-11T12:39:22","modified_gmt":"2023-04-11T09:39:22","slug":"mud-party","status":"archive","type":"product","link":"https:\/\/games.tactic.net\/pl\/tuote\/mud-party\/","title":{"rendered":"Mud Party"},"content":{"rendered":"<div>Zwierz\u0119ta w gospodarstwie maj\u0105 dzi\u015b wolne!<\/div>\n<div>Po\u0142\u00f3\u017ccie swoje karty ze zwierz\u0119tami na r\u0119cznikach wok\u00f3\u0142 basenu, a nast\u0119pnie pr\u00f3bujcie jak najwi\u0119cej z nich ochlapa\u0107, upuszczaj\u0105c \u015bwini\u0119 prosto w b\u0142oto!<\/div>\n<div>Za ka\u017cde ochlapane b\u0142otem zwierz\u0119 gracz robi jeden krok na planszy. Trzeba jednak uwa\u017ca\u0107, \u017ceby samemu nie wyl\u0105dowa\u0107 w b\u0142ocie\u2026<\/div>\n<div>\u2022 Zawiera plastikowy basen b\u0142otny oraz zabawn\u0105 gumow\u0105 \u015bwini\u0119!<\/div>\n<div>\u2022 Niesamowita gra, kt\u00f3ra rozwija zdolno\u015bci manualne.<\/div>\n<div>\u2022 Pe\u0142na kolorowych ilustracji!<\/div>\n<div><\/div>\n<div>\n<div><\/div>\n<div>Zawarto\u015b\u0107: Du\u017ca sk\u0142adana plansza (52x52cm), 4 tekturowe pionki postaci z plastikowymi podstawkami, 4 plastikowe p\u0142ytki b\u0142ota, plastikowy b\u0142otny basen, b\u0142otolubna gumowa \u015bwinka, kartonowy medal, zasady gry.<\/div>\n<div><\/div>\n<\/div>\n<div>Gra dla 2-4 graczy w wieku 5+.<\/div>\n","protected":false},"excerpt":{"rendered":"<div>Zwierz\u0119ta w gospodarstwie maj\u0105 dzi\u015b wolne!<\/div>\n<div>Po\u0142\u00f3\u017ccie swoje karty ze zwierz\u0119tami na r\u0119cznikach wok\u00f3\u0142 basenu, a nast\u0119pnie pr\u00f3bujcie jak najwi\u0119cej z nich ochlapa\u0107, upuszczaj\u0105c \u015bwini\u0119 prosto w b\u0142oto!<\/div>\n","protected":false},"featured_media":0,"template":"","meta":{"content-type":"","_monsterinsights_skip_tracking":false,"_monsterinsights_sitenote_active":false,"_monsterinsights_sitenote_note":"","_monsterinsights_sitenote_category":0},"product_brand":[],"product_cat":[1796],"product_tag":[1230,1253],"brand":[],"target-group":[],"discontinued":[],"class_list":{"0":"post-56605","1":"product","2":"type-product","3":"status-archive","5":"product_cat-gry-planszowe-dla-dzieci","6":"product_tag-dzialanie-pl","7":"product_tag-umiejetnosc-pl","9":"first","10":"outofstock","11":"taxable","12":"shipping-taxable","13":"product-type-simple"},"aioseo_notices":[],"_links":{"self":[{"href":"https:\/\/games.tactic.net\/pl\/wp-json\/wp\/v2\/product\/56605","targetHints":{"allow":["GET"]}}],"collection":[{"href":"https:\/\/games.tactic.net\/pl\/wp-json\/wp\/v2\/product"}],"about":[{"href":"https:\/\/games.tactic.net\/pl\/wp-json\/wp\/v2\/types\/product"}],"wp:attachment":[{"href":"https:\/\/games.tactic.net\/pl\/wp-json\/wp\/v2\/media?parent=56605"}],"wp:term":[{"taxonomy":"product_brand","embeddable":true,"href":"https:\/\/games.tactic.net\/pl\/wp-json\/wp\/v2\/product_brand?post=56605"},{"taxonomy":"product_cat","embeddable":true,"href":"https:\/\/games.tactic.net\/pl\/wp-json\/wp\/v2\/product_cat?post=56605"},{"taxonomy":"product_tag","embeddable":true,"href":"https:\/\/games.tactic.net\/pl\/wp-json\/wp\/v2\/product_tag?post=56605"},{"taxonomy":"brand","embeddable":true,"href":"https:\/\/games.tactic.net\/pl\/wp-json\/wp\/v2\/brand?post=56605"},{"taxonomy":"target-group","embeddable":true,"href":"https:\/\/games.tactic.net\/pl\/wp-json\/wp\/v2\/target-group?post=56605"},{"taxonomy":"discontinued","embeddable":true,"href":"https:\/\/games.tactic.net\/pl\/wp-json\/wp\/v2\/discontinued?post=56605"}],"curies":[{"name":"wp","href":"https:\/\/api.w.org\/{rel}","templated":true}]}}