{"id":56535,"date":"2021-01-28T13:56:05","date_gmt":"2021-01-28T11:56:05","guid":{"rendered":"https:\/\/dev.tactic.net\/tuote\/kimble\/"},"modified":"2023-09-20T13:45:06","modified_gmt":"2023-09-20T10:45:06","slug":"kimble","status":"archive","type":"product","link":"https:\/\/games.tactic.net\/pl\/tuote\/kimble\/","title":{"rendered":"Kimble"},"content":{"rendered":"<p>Klasyczna gra dla ca\u0142ej rodziny Znana ju\u017c od ponad 40 lat odmiana popularnego \u201eChi\u0144czyka\u201d. Solidne wykonanie, niegubi\u0105ca si\u0119 kostka i \u0142atwe do nauczenia zasady. Gra tak pe\u0142na niespodziewanych zwrot\u00f3w akcji, \u017ce nikt do ko\u0144ca nie mo\u017ce by\u0107 pewny zwyci\u0119stwa.<\/p>\n","protected":false},"excerpt":{"rendered":"<p><b>Klasyczna gra dla ca\u0142ej rodziny<\/b><br \/>\nZnana ju\u017c od ponad 40 lat odmiana popularnego \u201eChi\u0144czyka\u201d. Solidne wykonanie, niegubi\u0105ca si\u0119 kostka i \u0142atwe do nauczenia zasady.<\/p>\n","protected":false},"featured_media":0,"template":"","meta":{"content-type":"","_monsterinsights_skip_tracking":false,"_monsterinsights_sitenote_active":false,"_monsterinsights_sitenote_note":"","_monsterinsights_sitenote_category":0},"product_brand":[],"product_cat":[1805],"product_tag":[1033,1247,1253],"brand":[{"id":1278,"name":"Kimble","slug":"kimble-4"}],"target-group":[],"discontinued":[],"class_list":{"0":"post-56535","1":"product","2":"type-product","3":"status-archive","5":"product_cat-gry-planszowe","6":"product_tag-losowosc","7":"product_tag-strategia-pl","8":"product_tag-umiejetnosc-pl","9":"brand-kimble-4","11":"first","12":"instock","13":"taxable","14":"shipping-taxable","15":"product-type-simple"},"aioseo_notices":[],"_links":{"self":[{"href":"https:\/\/games.tactic.net\/pl\/wp-json\/wp\/v2\/product\/56535","targetHints":{"allow":["GET"]}}],"collection":[{"href":"https:\/\/games.tactic.net\/pl\/wp-json\/wp\/v2\/product"}],"about":[{"href":"https:\/\/games.tactic.net\/pl\/wp-json\/wp\/v2\/types\/product"}],"wp:attachment":[{"href":"https:\/\/games.tactic.net\/pl\/wp-json\/wp\/v2\/media?parent=56535"}],"wp:term":[{"taxonomy":"product_brand","embeddable":true,"href":"https:\/\/games.tactic.net\/pl\/wp-json\/wp\/v2\/product_brand?post=56535"},{"taxonomy":"product_cat","embeddable":true,"href":"https:\/\/games.tactic.net\/pl\/wp-json\/wp\/v2\/product_cat?post=56535"},{"taxonomy":"product_tag","embeddable":true,"href":"https:\/\/games.tactic.net\/pl\/wp-json\/wp\/v2\/product_tag?post=56535"},{"taxonomy":"brand","embeddable":true,"href":"https:\/\/games.tactic.net\/pl\/wp-json\/wp\/v2\/brand?post=56535"},{"taxonomy":"target-group","embeddable":true,"href":"https:\/\/games.tactic.net\/pl\/wp-json\/wp\/v2\/target-group?post=56535"},{"taxonomy":"discontinued","embeddable":true,"href":"https:\/\/games.tactic.net\/pl\/wp-json\/wp\/v2\/discontinued?post=56535"}],"curies":[{"name":"wp","href":"https:\/\/api.w.org\/{rel}","templated":true}]}}