{"id":56013,"date":"2021-01-21T12:32:28","date_gmt":"2021-01-21T10:32:28","guid":{"rendered":"https:\/\/dev.tactic.net\/tuote\/alias-kobiety-vs-mezczyzni\/"},"modified":"2023-10-25T14:08:49","modified_gmt":"2023-10-25T11:08:49","slug":"alias-kobiety-vs-mezczyzni","status":"publish","type":"product","link":"https:\/\/games.tactic.net\/pl\/tuote\/alias-kobiety-vs-mezczyzni\/","title":{"rendered":"Tactic Alias Kobiety vs M\u0119\u017cczy\u017ani gra planszowa"},"content":{"rendered":"<p>M\u0118\u017bCZY\u0179NI S\u0104 Z MARSA, A KOBIETY Z WENUS\u2026 ? W tej grze szanse na zwyci\u0119stwo rosn\u0105, je\u015bli znamy \u015bwiat p\u0142ci przeciwnej. Trafnie wyja\u015bniaj\u0105c s\u0142owa, gracze przesuwaj\u0105 swe pionki ku mecie.<br \/>\n\u2022<br \/>\n\u2022 Zabawna wersja klasycznej gry!<br \/>\n\u2022<br \/>\n\u2022 Trzeba b\u0119dzie wykorzysta\u0107 sw\u0105 wyobra\u017ani\u0119 i poczucie humoru!<br \/>\n\u2022<br \/>\n\u2022 Ta pomys\u0142owa gra zagwarantuje Tobie i znajomym zabaw\u0119 przez d\u0142ugi czas. Zawarto\u015b\u0107: 400 kart zawieraj\u0105cych og\u00f3\u0142em 2400 hase\u0142, plansza, klepsydra, 2 pionki. Gra przeznaczona dla 4 i wi\u0119cej graczy w wieku 15+.<\/p>\n","protected":false},"excerpt":{"rendered":"<p>M\u0118\u017bCZY\u0179NI S\u0104 Z MARSA, A KOBIETY Z WENUS\u2026 ? W tej grze szanse na zwyci\u0119stwo rosn\u0105, je\u015bli znamy \u015bwiat p\u0142ci przeciwnej. Trafnie wyja\u015bniaj\u0105c s\u0142owa, gracze przesuwaj\u0105 swe pionki ku mecie.<\/p>\n","protected":false},"featured_media":0,"template":"","meta":{"content-type":"","_monsterinsights_skip_tracking":false,"_monsterinsights_sitenote_active":false,"_monsterinsights_sitenote_note":"","_monsterinsights_sitenote_category":0},"product_brand":[],"product_cat":[1811],"product_tag":[1276,995],"brand":[{"id":601,"name":"Alias","slug":"alias_pl"}],"target-group":[],"discontinued":[],"class_list":{"0":"post-56013","1":"product","2":"type-product","3":"status-publish","5":"product_cat-imprezowe-gry-dla-doroslych","6":"product_tag-objasnianie-swiata","7":"product_tag-wieloosobowe","8":"brand-alias_pl","10":"first","11":"instock","12":"taxable","13":"shipping-taxable","14":"product-type-simple"},"aioseo_notices":[],"_links":{"self":[{"href":"https:\/\/games.tactic.net\/pl\/wp-json\/wp\/v2\/product\/56013","targetHints":{"allow":["GET"]}}],"collection":[{"href":"https:\/\/games.tactic.net\/pl\/wp-json\/wp\/v2\/product"}],"about":[{"href":"https:\/\/games.tactic.net\/pl\/wp-json\/wp\/v2\/types\/product"}],"wp:attachment":[{"href":"https:\/\/games.tactic.net\/pl\/wp-json\/wp\/v2\/media?parent=56013"}],"wp:term":[{"taxonomy":"product_brand","embeddable":true,"href":"https:\/\/games.tactic.net\/pl\/wp-json\/wp\/v2\/product_brand?post=56013"},{"taxonomy":"product_cat","embeddable":true,"href":"https:\/\/games.tactic.net\/pl\/wp-json\/wp\/v2\/product_cat?post=56013"},{"taxonomy":"product_tag","embeddable":true,"href":"https:\/\/games.tactic.net\/pl\/wp-json\/wp\/v2\/product_tag?post=56013"},{"taxonomy":"brand","embeddable":true,"href":"https:\/\/games.tactic.net\/pl\/wp-json\/wp\/v2\/brand?post=56013"},{"taxonomy":"target-group","embeddable":true,"href":"https:\/\/games.tactic.net\/pl\/wp-json\/wp\/v2\/target-group?post=56013"},{"taxonomy":"discontinued","embeddable":true,"href":"https:\/\/games.tactic.net\/pl\/wp-json\/wp\/v2\/discontinued?post=56013"}],"curies":[{"name":"wp","href":"https:\/\/api.w.org\/{rel}","templated":true}]}}