{"id":559456,"date":"2022-05-05T07:37:29","date_gmt":"2022-05-05T04:37:29","guid":{"rendered":"http:\/\/games.tactic.net\/tuote\/santorini-greece\/"},"modified":"2023-10-23T15:48:41","modified_gmt":"2023-10-23T12:48:41","slug":"santorini-greece","status":"publish","type":"product","link":"https:\/\/games.tactic.net\/pl\/tuote\/santorini-greece\/","title":{"rendered":"Tactic Puzzle Lovers Santorini Greece 1000 el. puzzle"},"content":{"rendered":"<p>Puzzle Tactic s\u0105 starannie zaprojektowane zar\u00f3wno dla entuzjast\u00f3w i mi\u0142o\u015bnik\u00f3w puzzli, jak i dla nowych pocz\u0105tkuj\u0105cych. Oferujemy tylko najlepsz\u0105 jako\u015b\u0107 zar\u00f3wno zdj\u0119\u0107, jak i materia\u0142\u00f3w. Witamy w ekscytuj\u0105cym \u015bwiecie puzzli Tactic! Rozmiar obrazka po z\u0142o\u017ceniu 67x48cm.<\/p>\n","protected":false},"excerpt":{"rendered":"<p>Puzzle Tactic s\u0105 starannie zaprojektowane zar\u00f3wno dla entuzjast\u00f3w i mi\u0142o\u015bnik\u00f3w puzzli, jak i dla nowych pocz\u0105tkuj\u0105cych. Oferujemy tylko najlepsz\u0105 jako\u015b\u0107 zar\u00f3wno zdj\u0119\u0107, jak i materia\u0142\u00f3w. Witamy w ekscytuj\u0105cym \u015bwiecie puzzli Tactic! Rozmiar obrazka po z\u0142o\u017ceniu 67x48cm.<\/p>\n","protected":false},"featured_media":0,"template":"","meta":{"content-type":"","_monsterinsights_skip_tracking":false,"_monsterinsights_sitenote_active":false,"_monsterinsights_sitenote_note":"","_monsterinsights_sitenote_category":0},"product_brand":[],"product_cat":[926],"product_tag":[],"brand":[{"id":607,"name":"PuzzleLovers","slug":"puzzlelovers_pl"}],"target-group":[],"discontinued":[],"class_list":{"0":"post-559456","1":"product","2":"type-product","3":"status-publish","5":"product_cat-1000-elementow","6":"brand-puzzlelovers_pl","8":"first","9":"outofstock","10":"taxable","11":"shipping-taxable","12":"product-type-simple"},"aioseo_notices":[],"_links":{"self":[{"href":"https:\/\/games.tactic.net\/pl\/wp-json\/wp\/v2\/product\/559456","targetHints":{"allow":["GET"]}}],"collection":[{"href":"https:\/\/games.tactic.net\/pl\/wp-json\/wp\/v2\/product"}],"about":[{"href":"https:\/\/games.tactic.net\/pl\/wp-json\/wp\/v2\/types\/product"}],"wp:attachment":[{"href":"https:\/\/games.tactic.net\/pl\/wp-json\/wp\/v2\/media?parent=559456"}],"wp:term":[{"taxonomy":"product_brand","embeddable":true,"href":"https:\/\/games.tactic.net\/pl\/wp-json\/wp\/v2\/product_brand?post=559456"},{"taxonomy":"product_cat","embeddable":true,"href":"https:\/\/games.tactic.net\/pl\/wp-json\/wp\/v2\/product_cat?post=559456"},{"taxonomy":"product_tag","embeddable":true,"href":"https:\/\/games.tactic.net\/pl\/wp-json\/wp\/v2\/product_tag?post=559456"},{"taxonomy":"brand","embeddable":true,"href":"https:\/\/games.tactic.net\/pl\/wp-json\/wp\/v2\/brand?post=559456"},{"taxonomy":"target-group","embeddable":true,"href":"https:\/\/games.tactic.net\/pl\/wp-json\/wp\/v2\/target-group?post=559456"},{"taxonomy":"discontinued","embeddable":true,"href":"https:\/\/games.tactic.net\/pl\/wp-json\/wp\/v2\/discontinued?post=559456"}],"curies":[{"name":"wp","href":"https:\/\/api.w.org\/{rel}","templated":true}]}}