{"id":555641,"date":"2022-04-29T13:07:52","date_gmt":"2022-04-29T10:07:52","guid":{"rendered":"http:\/\/games.tactic.net\/tuote\/metro-domino-paris\/"},"modified":"2023-10-25T16:43:31","modified_gmt":"2023-10-25T13:43:31","slug":"metro-domino-paris","status":"publish","type":"product","link":"https:\/\/games.tactic.net\/pl\/tuote\/metro-domino-paris\/","title":{"rendered":"Tactic Metro Domino Paris"},"content":{"rendered":"<p>Klasyka w\u015br\u00f3d gier w nowej ods\u0142onie! W domino grano w Chinach ju\u017c za czas\u00f3w dynastii Song, ale gra ta nadal ekscytuje graczy. Metro Domino przedstawia najbardziej znane stacje metra w Pary\u017cu, kt\u00f3re nadaj\u0105 grze ca\u0142kiem nowego charakteru!<\/p>\n","protected":false},"excerpt":{"rendered":"<p>Klasyka w\u015br\u00f3d gier w nowej ods\u0142onie! W domino grano w Chinach ju\u017c za czas\u00f3w dynastii Song, ale gra ta nadal ekscytuje graczy. Metro Domino przedstawia najbardziej znane stacje metra w Pary\u017cu, kt\u00f3re nadaj\u0105 grze ca\u0142kiem nowego charakteru!<\/p>\n","protected":false},"featured_media":0,"template":"","meta":{"content-type":"","_monsterinsights_skip_tracking":false,"_monsterinsights_sitenote_active":false,"_monsterinsights_sitenote_note":"","_monsterinsights_sitenote_category":0},"product_brand":[],"product_cat":[1806,1807],"product_tag":[],"brand":[],"target-group":[],"discontinued":[],"class_list":{"0":"post-555641","1":"product","2":"type-product","3":"status-publish","5":"product_cat-klasyczne-gry-dla-doroslych","6":"product_cat-klasyczne-gry-rodzinne","8":"first","9":"instock","10":"taxable","11":"shipping-taxable","12":"product-type-simple"},"aioseo_notices":[],"_links":{"self":[{"href":"https:\/\/games.tactic.net\/pl\/wp-json\/wp\/v2\/product\/555641","targetHints":{"allow":["GET"]}}],"collection":[{"href":"https:\/\/games.tactic.net\/pl\/wp-json\/wp\/v2\/product"}],"about":[{"href":"https:\/\/games.tactic.net\/pl\/wp-json\/wp\/v2\/types\/product"}],"wp:attachment":[{"href":"https:\/\/games.tactic.net\/pl\/wp-json\/wp\/v2\/media?parent=555641"}],"wp:term":[{"taxonomy":"product_brand","embeddable":true,"href":"https:\/\/games.tactic.net\/pl\/wp-json\/wp\/v2\/product_brand?post=555641"},{"taxonomy":"product_cat","embeddable":true,"href":"https:\/\/games.tactic.net\/pl\/wp-json\/wp\/v2\/product_cat?post=555641"},{"taxonomy":"product_tag","embeddable":true,"href":"https:\/\/games.tactic.net\/pl\/wp-json\/wp\/v2\/product_tag?post=555641"},{"taxonomy":"brand","embeddable":true,"href":"https:\/\/games.tactic.net\/pl\/wp-json\/wp\/v2\/brand?post=555641"},{"taxonomy":"target-group","embeddable":true,"href":"https:\/\/games.tactic.net\/pl\/wp-json\/wp\/v2\/target-group?post=555641"},{"taxonomy":"discontinued","embeddable":true,"href":"https:\/\/games.tactic.net\/pl\/wp-json\/wp\/v2\/discontinued?post=555641"}],"curies":[{"name":"wp","href":"https:\/\/api.w.org\/{rel}","templated":true}]}}