{"id":546308,"date":"2022-04-13T08:26:40","date_gmt":"2022-04-13T05:26:40","guid":{"rendered":"http:\/\/games.tactic.net\/tuote\/molkky\/"},"modified":"2023-10-06T18:33:36","modified_gmt":"2023-10-06T15:33:36","slug":"molkky","status":"publish","type":"product","link":"https:\/\/games.tactic.net\/pl\/tuote\/molkky\/","title":{"rendered":"M\u00f6lkky\u00ae"},"content":{"rendered":"<p>JEDNA Z NAJPOPULARNIEJSZYCH GIER PLENEROWYCH EUROPY! M\u00f6lkky\u00ae to gra, kt\u00f3rej prostota czyni j\u0105 atrakcyjn\u0105 dla os\u00f3b w ka\u017cdym wieku. Sukces jest w niej wypadkow\u0105 umiej\u0119tno\u015bci celnego rzucania, odpowiedniej taktyki i szcz\u0119\u015bcia. W swojej kolejce zawodnicy rzucaj\u0105 drewnianym zbijakiem, tak aby wywr\u00f3ci\u0107 nim, upatrzone wcze\u015bniej, ponumerowane kr\u0119gle. Celem jest uzbieranie dok\u0142adnie 50 punkt\u00f3w. W ko\u0144c\u00f3wce trzeba jednak uwa\u017ca\u0107, gdy\u017c przekroczenie tej liczby skutkuje cofni\u0119ciem do poziomu 25 punkt\u00f3w. Zawarto\u015b\u0107: 12 kr\u0119gli (drewniane paliki z numerami od 1 do 12), zbijak, instrukcja + zeszyt punkt\u00f3w. Wymiary element\u00f3w: kr\u0119gle 15 cm wysoko\u015bci oraz 5,5 cm \u015brednicy, zbijak 22 cm d\u0142ugo\u015bci, 6 cm \u015brednicy oraz 400 g masy. Elementy &#8211; drewno brzozowe; skrzynka &#8211; drewno \u015bwierkowe. Gra plenerowa dla 2 i wi\u0119cej graczy w wieku 6+.<\/p>\n","protected":false},"excerpt":{"rendered":"<p>PRAWDOPODOBNIE NAJLEPSZA GRA PLENEROWA M\u00f6lkky\u00ae to gra, kt\u00f3rej prostota czyni j\u0105 atrakcyjn\u0105 dla os\u00f3b w ka\u017cdym wieku. Sukces jest w niej wypadkow\u0105 umiej\u0119tno\u015bci celnego rzucania, odpowiedniej taktyki i szcz\u0119\u015bcia. W swojej kolejce zawodnicy rzucaj\u0105 drewnianym zbijakiem, tak aby wywr\u00f3ci\u0107 nim, upatrzone wcze\u015bniej, ponumerowane kr\u0119gle. Celem jest uzbieranie dok\u0142adnie 50 punkt\u00f3w. W ko\u0144c\u00f3wce trzeba jednak uwa\u017ca\u0107, gdy\u017c przekroczenie tej liczby skutkuje cofni\u0119ciem do poziomu 25 punkt\u00f3w.<\/p>\n","protected":false},"featured_media":0,"template":"","meta":{"content-type":"","_monsterinsights_skip_tracking":false,"_monsterinsights_sitenote_active":false,"_monsterinsights_sitenote_note":"","_monsterinsights_sitenote_category":0},"product_brand":[],"product_cat":[1837],"product_tag":[1230,263,1253],"brand":[{"id":1843,"name":"M\u00f6lkky","slug":"molkky_pl"}],"target-group":[],"discontinued":[],"class_list":{"0":"post-546308","1":"product","2":"type-product","3":"status-publish","5":"product_cat-zestawy-do-gry-molkky-gry-plenerowe-2","6":"product_tag-dzialanie-pl","7":"product_tag-molkky-2","8":"product_tag-umiejetnosc-pl","9":"brand-molkky_pl","11":"first","12":"instock","13":"taxable","14":"shipping-taxable","15":"product-type-simple"},"aioseo_notices":[],"_links":{"self":[{"href":"https:\/\/games.tactic.net\/pl\/wp-json\/wp\/v2\/product\/546308","targetHints":{"allow":["GET"]}}],"collection":[{"href":"https:\/\/games.tactic.net\/pl\/wp-json\/wp\/v2\/product"}],"about":[{"href":"https:\/\/games.tactic.net\/pl\/wp-json\/wp\/v2\/types\/product"}],"wp:attachment":[{"href":"https:\/\/games.tactic.net\/pl\/wp-json\/wp\/v2\/media?parent=546308"}],"wp:term":[{"taxonomy":"product_brand","embeddable":true,"href":"https:\/\/games.tactic.net\/pl\/wp-json\/wp\/v2\/product_brand?post=546308"},{"taxonomy":"product_cat","embeddable":true,"href":"https:\/\/games.tactic.net\/pl\/wp-json\/wp\/v2\/product_cat?post=546308"},{"taxonomy":"product_tag","embeddable":true,"href":"https:\/\/games.tactic.net\/pl\/wp-json\/wp\/v2\/product_tag?post=546308"},{"taxonomy":"brand","embeddable":true,"href":"https:\/\/games.tactic.net\/pl\/wp-json\/wp\/v2\/brand?post=546308"},{"taxonomy":"target-group","embeddable":true,"href":"https:\/\/games.tactic.net\/pl\/wp-json\/wp\/v2\/target-group?post=546308"},{"taxonomy":"discontinued","embeddable":true,"href":"https:\/\/games.tactic.net\/pl\/wp-json\/wp\/v2\/discontinued?post=546308"}],"curies":[{"name":"wp","href":"https:\/\/api.w.org\/{rel}","templated":true}]}}