{"id":537168,"date":"2022-04-07T08:48:13","date_gmt":"2022-04-07T05:48:13","guid":{"rendered":"http:\/\/games.tactic.net\/tuote\/hugo-simberg-the-garden-of-death\/"},"modified":"2023-10-17T18:41:42","modified_gmt":"2023-10-17T15:41:42","slug":"hugo-simberg-the-garden-of-death","status":"publish","type":"product","link":"https:\/\/games.tactic.net\/pl\/tuote\/hugo-simberg-the-garden-of-death\/","title":{"rendered":"Tactic Puzzle Lovers Hugo Simberg, The Garden of Death 1000 el. puzzle"},"content":{"rendered":"<p>Puzzle Tactic s\u0105 starannie zaprojektowane zar\u00f3wno dla entuzjast\u00f3w i mi\u0142o\u015bnik\u00f3w puzzli, jak i dla nowych pocz\u0105tkuj\u0105cych. Oferujemy tylko najlepsz\u0105 jako\u015b\u0107 zar\u00f3wno zdj\u0119\u0107, jak i materia\u0142\u00f3w. Witamy w ekscytuj\u0105cym \u015bwiecie puzzli Tactic! Rozmiar obrazka po z\u0142o\u017ceniu 67x48cm<\/p>\n","protected":false},"excerpt":{"rendered":"<p>Puzzle Tactic s\u0105 starannie zaprojektowane zar\u00f3wno dla entuzjast\u00f3w i mi\u0142o\u015bnik\u00f3w puzzli, jak i dla nowych pocz\u0105tkuj\u0105cych. Oferujemy tylko najlepsz\u0105 jako\u015b\u0107 zar\u00f3wno zdj\u0119\u0107, jak i materia\u0142\u00f3w. Witamy w ekscytuj\u0105cym \u015bwiecie puzzli Tactic! Rozmiar obrazka po z\u0142o\u017ceniu 67x48cm<\/p>\n","protected":false},"featured_media":0,"template":"","meta":{"content-type":"","_monsterinsights_skip_tracking":false,"_monsterinsights_sitenote_active":false,"_monsterinsights_sitenote_note":"","_monsterinsights_sitenote_category":0},"product_brand":[],"product_cat":[926],"product_tag":[],"brand":[{"id":607,"name":"PuzzleLovers","slug":"puzzlelovers_pl"}],"target-group":[],"discontinued":[],"class_list":{"0":"post-537168","1":"product","2":"type-product","3":"status-publish","5":"product_cat-1000-elementow","6":"brand-puzzlelovers_pl","8":"first","9":"instock","10":"taxable","11":"shipping-taxable","12":"product-type-simple"},"aioseo_notices":[],"_links":{"self":[{"href":"https:\/\/games.tactic.net\/pl\/wp-json\/wp\/v2\/product\/537168","targetHints":{"allow":["GET"]}}],"collection":[{"href":"https:\/\/games.tactic.net\/pl\/wp-json\/wp\/v2\/product"}],"about":[{"href":"https:\/\/games.tactic.net\/pl\/wp-json\/wp\/v2\/types\/product"}],"wp:attachment":[{"href":"https:\/\/games.tactic.net\/pl\/wp-json\/wp\/v2\/media?parent=537168"}],"wp:term":[{"taxonomy":"product_brand","embeddable":true,"href":"https:\/\/games.tactic.net\/pl\/wp-json\/wp\/v2\/product_brand?post=537168"},{"taxonomy":"product_cat","embeddable":true,"href":"https:\/\/games.tactic.net\/pl\/wp-json\/wp\/v2\/product_cat?post=537168"},{"taxonomy":"product_tag","embeddable":true,"href":"https:\/\/games.tactic.net\/pl\/wp-json\/wp\/v2\/product_tag?post=537168"},{"taxonomy":"brand","embeddable":true,"href":"https:\/\/games.tactic.net\/pl\/wp-json\/wp\/v2\/brand?post=537168"},{"taxonomy":"target-group","embeddable":true,"href":"https:\/\/games.tactic.net\/pl\/wp-json\/wp\/v2\/target-group?post=537168"},{"taxonomy":"discontinued","embeddable":true,"href":"https:\/\/games.tactic.net\/pl\/wp-json\/wp\/v2\/discontinued?post=537168"}],"curies":[{"name":"wp","href":"https:\/\/api.w.org\/{rel}","templated":true}]}}