{"id":531898,"date":"2022-04-01T08:48:22","date_gmt":"2022-04-01T05:48:22","guid":{"rendered":"http:\/\/games.tactic.net\/tuote\/lets-learn-school-day\/"},"modified":"2023-10-17T19:23:54","modified_gmt":"2023-10-17T16:23:54","slug":"lets-learn-school-day","status":"publish","type":"product","link":"https:\/\/games.tactic.net\/pl\/tuote\/lets-learn-school-day\/","title":{"rendered":"Tactic Let\u00b4s learn School Day"},"content":{"rendered":"<p>Nauka mo\u017ce by\u0107 zabaw\u0105 pe\u0142n\u0105 gier! Czy umiesz narysowa\u0107 swoje ulubione jedzenie? Jakie s\u0105 trzy r\u00f3\u017cne rodzaje pogody?<br \/>\nW tej kreatywnej kooperacyjnej grze jedna osoba wciela si\u0119 w rol\u0119 nauczyciela, kt\u00f3ry odczytuje zadania z kart pozosta\u0142ym graczom-uczniom. Zadaniem uczni\u00f3w jest wsp\u00f3lne zgromadzenie wszystkich kafelk\u00f3w przedmiot\u00f3w szkolnych poprzez wykonywanie najr\u00f3\u017cniejszych zada\u0144. Od czasu do czasu dobrana zostanie karta przerwy zach\u0119caj\u0105ca do weso\u0142ych aktywno\u015bci. Gdy na zegarze nauczyciela wybije godzina 15:00, nast\u0119puje koniec lekcji \u2013 i koniec gry. Czy Wasza klasa zdo\u0142a zebra\u0107 siedem kafelk\u00f3w?<br \/>\nGdy sko\u0144cz\u0105 si\u0119 lekcje, zestawu do gry mo\u017cna dowolnie u\u017cywa\u0107 do w\u0142asnych zabaw!<br \/>\nZawarto\u015b\u0107: Plansza gry, plansza kolekcji + 7 kafelk\u00f3w przedmiot\u00f3w szkolnych, pionek (tekturowe postaci + podstawka), 100 kart z zadaniami, plansza nauczyciela\/zegar + plastikowa pinezka i wskaz\u00f3wki zegara,  4 \u015bcieralne zeszyty, 5 \u015bcieralnych flamastr\u00f3w + g\u0105bka, kostka + naklejki, instrukcja.<br \/>\nGra dla 2-5 graczy w wieku 5-9 lat.<\/p>\n","protected":false},"excerpt":{"rendered":"<p>W tej grze nawet najm\u0142odsi gracze mog\u0105 dowiedzie\u0107 si\u0119, jak to jest chodzi\u0107 do szko\u0142y. Gra zawiera karty z zadaniami z siedmiu r\u00f3\u017cnych kategorii odpowiadaj\u0105cych przedmiotom w szkole. Jeden z graczy jest nauczycielem, a reszta odgrywa rol\u0119 uczni\u00f3w i zapisuje swoje odpowiedzi na \u015bcieralnych tablicach. Zbierz po jednym kafelku z ka\u017cdego przedmiotu, zanim zegar wska\u017ce godzin\u0119 trzeci\u0105.<\/p>\n","protected":false},"featured_media":0,"template":"","meta":{"content-type":"","_monsterinsights_skip_tracking":false,"_monsterinsights_sitenote_active":false,"_monsterinsights_sitenote_note":"","_monsterinsights_sitenote_category":0},"product_brand":[],"product_cat":[1819],"product_tag":[1000],"brand":[{"id":869,"name":"Let's Learn","slug":"letslearn-pl"}],"target-group":[],"discontinued":[],"class_list":{"0":"post-531898","1":"product","2":"type-product","3":"status-publish","5":"product_cat-gry-edukacyjne","6":"product_tag-edukacyjny","7":"brand-letslearn-pl","9":"first","10":"instock","11":"taxable","12":"shipping-taxable","13":"product-type-simple"},"aioseo_notices":[],"_links":{"self":[{"href":"https:\/\/games.tactic.net\/pl\/wp-json\/wp\/v2\/product\/531898","targetHints":{"allow":["GET"]}}],"collection":[{"href":"https:\/\/games.tactic.net\/pl\/wp-json\/wp\/v2\/product"}],"about":[{"href":"https:\/\/games.tactic.net\/pl\/wp-json\/wp\/v2\/types\/product"}],"wp:attachment":[{"href":"https:\/\/games.tactic.net\/pl\/wp-json\/wp\/v2\/media?parent=531898"}],"wp:term":[{"taxonomy":"product_brand","embeddable":true,"href":"https:\/\/games.tactic.net\/pl\/wp-json\/wp\/v2\/product_brand?post=531898"},{"taxonomy":"product_cat","embeddable":true,"href":"https:\/\/games.tactic.net\/pl\/wp-json\/wp\/v2\/product_cat?post=531898"},{"taxonomy":"product_tag","embeddable":true,"href":"https:\/\/games.tactic.net\/pl\/wp-json\/wp\/v2\/product_tag?post=531898"},{"taxonomy":"brand","embeddable":true,"href":"https:\/\/games.tactic.net\/pl\/wp-json\/wp\/v2\/brand?post=531898"},{"taxonomy":"target-group","embeddable":true,"href":"https:\/\/games.tactic.net\/pl\/wp-json\/wp\/v2\/target-group?post=531898"},{"taxonomy":"discontinued","embeddable":true,"href":"https:\/\/games.tactic.net\/pl\/wp-json\/wp\/v2\/discontinued?post=531898"}],"curies":[{"name":"wp","href":"https:\/\/api.w.org\/{rel}","templated":true}]}}