{"id":528948,"date":"2022-03-29T14:45:47","date_gmt":"2022-03-29T11:45:47","guid":{"rendered":"http:\/\/games.tactic.net\/tuote\/chinczyk\/"},"modified":"2023-10-25T14:18:42","modified_gmt":"2023-10-25T11:18:42","slug":"chinczyk","status":"publish","type":"product","link":"https:\/\/games.tactic.net\/pl\/tuote\/chinczyk\/","title":{"rendered":"Tactic Chi\u0144czyk gra planszowa"},"content":{"rendered":"<p>CZAS NA WY\u015aCIGI! Przemieszczaj si\u0119 po planszy, tak aby wszystkie Twoje pionki dotar\u0142y na miejsce przeznaczenia zanim zdo\u0142aj\u0105 tego dokona\u0107 inni. Kostka zdecyduje, o ile p\u00f3l mo\u017cesz si\u0119 przemie\u015bci\u0107. Reszta zale\u017cy tylko od Ciebie! Zawarto\u015b\u0107: plansza z wbudowan\u0105 kostk\u0105, 16 pionk\u00f3w (po 4 w ka\u017cdym z 4 kolor\u00f3w), zasady. Klasyczna gra dla 2-4 graczy w wieku 4+.<\/p>\n","protected":false},"excerpt":{"rendered":"<p>CZAS NA WY\u015aCIGI! Przemieszczaj si\u0119 po planszy, tak aby wszystkie Twoje pionki dotar\u0142y na miejsce przeznaczenia zanim zdo\u0142aj\u0105 tego dokona\u0107 inni. Kostka zdecyduje, o ile p\u00f3l mo\u017cesz si\u0119 przemie\u015bci\u0107. Reszta zale\u017cy tylko od Ciebie!<\/p>\n","protected":false},"featured_media":0,"template":"","meta":{"content-type":"","_monsterinsights_skip_tracking":false,"_monsterinsights_sitenote_active":false,"_monsterinsights_sitenote_note":"","_monsterinsights_sitenote_category":0},"product_brand":[],"product_cat":[1796],"product_tag":[1230,1033,995],"brand":[],"target-group":[],"discontinued":[],"class_list":{"0":"post-528948","1":"product","2":"type-product","3":"status-publish","5":"product_cat-gry-planszowe-dla-dzieci","6":"product_tag-dzialanie-pl","7":"product_tag-losowosc","8":"product_tag-wieloosobowe","10":"first","11":"instock","12":"taxable","13":"shipping-taxable","14":"product-type-simple"},"aioseo_notices":[],"_links":{"self":[{"href":"https:\/\/games.tactic.net\/pl\/wp-json\/wp\/v2\/product\/528948","targetHints":{"allow":["GET"]}}],"collection":[{"href":"https:\/\/games.tactic.net\/pl\/wp-json\/wp\/v2\/product"}],"about":[{"href":"https:\/\/games.tactic.net\/pl\/wp-json\/wp\/v2\/types\/product"}],"wp:attachment":[{"href":"https:\/\/games.tactic.net\/pl\/wp-json\/wp\/v2\/media?parent=528948"}],"wp:term":[{"taxonomy":"product_brand","embeddable":true,"href":"https:\/\/games.tactic.net\/pl\/wp-json\/wp\/v2\/product_brand?post=528948"},{"taxonomy":"product_cat","embeddable":true,"href":"https:\/\/games.tactic.net\/pl\/wp-json\/wp\/v2\/product_cat?post=528948"},{"taxonomy":"product_tag","embeddable":true,"href":"https:\/\/games.tactic.net\/pl\/wp-json\/wp\/v2\/product_tag?post=528948"},{"taxonomy":"brand","embeddable":true,"href":"https:\/\/games.tactic.net\/pl\/wp-json\/wp\/v2\/brand?post=528948"},{"taxonomy":"target-group","embeddable":true,"href":"https:\/\/games.tactic.net\/pl\/wp-json\/wp\/v2\/target-group?post=528948"},{"taxonomy":"discontinued","embeddable":true,"href":"https:\/\/games.tactic.net\/pl\/wp-json\/wp\/v2\/discontinued?post=528948"}],"curies":[{"name":"wp","href":"https:\/\/api.w.org\/{rel}","templated":true}]}}