{"id":528919,"date":"2022-03-29T14:05:15","date_gmt":"2022-03-29T11:05:15","guid":{"rendered":"http:\/\/games.tactic.net\/tuote\/seekfind-flowers-and-bugs\/"},"modified":"2024-09-26T13:58:32","modified_gmt":"2024-09-26T10:58:32","slug":"seekfind-flowers-and-bugs","status":"archive","type":"product","link":"https:\/\/games.tactic.net\/pl\/tuote\/seekfind-flowers-and-bugs\/","title":{"rendered":"SeekFind Flowers and Bugs"},"content":{"rendered":"<p>U\u0142\u00f3\u017c ogromn\u0105 plansz\u0119 z du\u017cych element\u00f3w uk\u0142adanki i rozpocznij poszukiwania. W tej grze ukry\u0142o si\u0119 wiele r\u00f3\u017cnych ma\u0142ych pe\u0142zaj\u0105cych robaczk\u00f3w i wi\u0119kszych stworze\u0144, ale czy znajdziesz je wszystkie, zanim zrobi\u0105 to pozostali gracze? Najszybszy gracz otrzymuje super figurk\u0119 owada, a ten, kto zbierze pi\u0119\u0107 takich figurek, wygrywa gr\u0119.<\/p>\n<p><img decoding=\"async\" src=\"https:\\\\games.tactic.net\\pic\\logo\\Awarded_concept.png\"><\/p>\n","protected":false},"excerpt":{"rendered":"<p>U\u0142\u00f3\u017c ogromn\u0105 plansz\u0119 z du\u017cych element\u00f3w uk\u0142adanki i rozpocznij poszukiwania. W tej grze ukry\u0142o si\u0119 wiele r\u00f3\u017cnych ma\u0142ych pe\u0142zaj\u0105cych robaczk\u00f3w i wi\u0119kszych stworze\u0144, ale czy znajdziesz je wszystkie, zanim zrobi\u0105 to pozostali gracze? Najszybszy gracz otrzymuje super figurk\u0119 owada, a ten, kto zbierze pi\u0119\u0107 takich figurek, wygrywa gr\u0119.<\/p>\n","protected":false},"featured_media":0,"template":"","meta":{"content-type":"","_monsterinsights_skip_tracking":false,"_monsterinsights_sitenote_active":false,"_monsterinsights_sitenote_note":"","_monsterinsights_sitenote_category":0},"product_brand":[],"product_cat":[1796],"product_tag":[],"brand":[],"target-group":[],"discontinued":[],"class_list":{"0":"post-528919","1":"product","2":"type-product","3":"status-archive","5":"product_cat-gry-planszowe-dla-dzieci","7":"first","8":"outofstock","9":"taxable","10":"shipping-taxable","11":"product-type-simple"},"aioseo_notices":[],"_links":{"self":[{"href":"https:\/\/games.tactic.net\/pl\/wp-json\/wp\/v2\/product\/528919","targetHints":{"allow":["GET"]}}],"collection":[{"href":"https:\/\/games.tactic.net\/pl\/wp-json\/wp\/v2\/product"}],"about":[{"href":"https:\/\/games.tactic.net\/pl\/wp-json\/wp\/v2\/types\/product"}],"wp:attachment":[{"href":"https:\/\/games.tactic.net\/pl\/wp-json\/wp\/v2\/media?parent=528919"}],"wp:term":[{"taxonomy":"product_brand","embeddable":true,"href":"https:\/\/games.tactic.net\/pl\/wp-json\/wp\/v2\/product_brand?post=528919"},{"taxonomy":"product_cat","embeddable":true,"href":"https:\/\/games.tactic.net\/pl\/wp-json\/wp\/v2\/product_cat?post=528919"},{"taxonomy":"product_tag","embeddable":true,"href":"https:\/\/games.tactic.net\/pl\/wp-json\/wp\/v2\/product_tag?post=528919"},{"taxonomy":"brand","embeddable":true,"href":"https:\/\/games.tactic.net\/pl\/wp-json\/wp\/v2\/brand?post=528919"},{"taxonomy":"target-group","embeddable":true,"href":"https:\/\/games.tactic.net\/pl\/wp-json\/wp\/v2\/target-group?post=528919"},{"taxonomy":"discontinued","embeddable":true,"href":"https:\/\/games.tactic.net\/pl\/wp-json\/wp\/v2\/discontinued?post=528919"}],"curies":[{"name":"wp","href":"https:\/\/api.w.org\/{rel}","templated":true}]}}