{"id":519826,"date":"2022-03-21T12:05:24","date_gmt":"2022-03-21T10:05:24","guid":{"rendered":"http:\/\/games.tactic.net\/tuote\/totem-2\/"},"modified":"2023-10-25T16:03:31","modified_gmt":"2023-10-25T13:03:31","slug":"totem-2","status":"publish","type":"product","link":"https:\/\/games.tactic.net\/pl\/tuote\/totem-2\/","title":{"rendered":"Tactic Totem"},"content":{"rendered":"<p>U\u017cyj symboli i znajd\u017a drog\u0119 na drug\u0105 stron\u0119! W tej grze dla ca\u0142ej rodziny gracze korzystaj\u0105 z symboli znajduj\u0105cych si\u0119 na kafelkach i planszy, aby u\u0142o\u017cy\u0107 najlepsz\u0105 dla siebie \u015bcie\u017ck\u0119 i powstrzyma\u0107 innych uczestnik\u00f3w. Zasady gry w Totem s\u0105 \u0142atwe do przyswojenia, ale rozgrywka b\u0119dzie dla graczy wyzwaniem.<\/p>\n","protected":false},"excerpt":{"rendered":"<p>U\u017cyj symboli i znajd\u017a drog\u0119 na drug\u0105 stron\u0119! W tej grze dla ca\u0142ej rodziny gracze korzystaj\u0105 z symboli znajduj\u0105cych si\u0119 na kafelkach i planszy, aby u\u0142o\u017cy\u0107 najlepsz\u0105 dla siebie \u015bcie\u017ck\u0119 i powstrzyma\u0107 innych uczestnik\u00f3w. Zasady gry w Totem s\u0105 \u0142atwe do przyswojenia, ale rozgrywka b\u0119dzie dla graczy wyzwaniem.<\/p>\n","protected":false},"featured_media":0,"template":"","meta":{"content-type":"","_monsterinsights_skip_tracking":false,"_monsterinsights_sitenote_active":false,"_monsterinsights_sitenote_note":"","_monsterinsights_sitenote_category":0},"product_brand":[],"product_cat":[1806,1783],"product_tag":[1247],"brand":[],"target-group":[],"discontinued":[],"class_list":{"0":"post-519826","1":"product","2":"type-product","3":"status-publish","5":"product_cat-klasyczne-gry-dla-doroslych","6":"product_cat-strategiczne-gry-rodzinne","7":"product_tag-strategia-pl","9":"first","10":"instock","11":"taxable","12":"shipping-taxable","13":"product-type-simple"},"aioseo_notices":[],"_links":{"self":[{"href":"https:\/\/games.tactic.net\/pl\/wp-json\/wp\/v2\/product\/519826","targetHints":{"allow":["GET"]}}],"collection":[{"href":"https:\/\/games.tactic.net\/pl\/wp-json\/wp\/v2\/product"}],"about":[{"href":"https:\/\/games.tactic.net\/pl\/wp-json\/wp\/v2\/types\/product"}],"wp:attachment":[{"href":"https:\/\/games.tactic.net\/pl\/wp-json\/wp\/v2\/media?parent=519826"}],"wp:term":[{"taxonomy":"product_brand","embeddable":true,"href":"https:\/\/games.tactic.net\/pl\/wp-json\/wp\/v2\/product_brand?post=519826"},{"taxonomy":"product_cat","embeddable":true,"href":"https:\/\/games.tactic.net\/pl\/wp-json\/wp\/v2\/product_cat?post=519826"},{"taxonomy":"product_tag","embeddable":true,"href":"https:\/\/games.tactic.net\/pl\/wp-json\/wp\/v2\/product_tag?post=519826"},{"taxonomy":"brand","embeddable":true,"href":"https:\/\/games.tactic.net\/pl\/wp-json\/wp\/v2\/brand?post=519826"},{"taxonomy":"target-group","embeddable":true,"href":"https:\/\/games.tactic.net\/pl\/wp-json\/wp\/v2\/target-group?post=519826"},{"taxonomy":"discontinued","embeddable":true,"href":"https:\/\/games.tactic.net\/pl\/wp-json\/wp\/v2\/discontinued?post=519826"}],"curies":[{"name":"wp","href":"https:\/\/api.w.org\/{rel}","templated":true}]}}