{"id":519458,"date":"2022-03-21T10:58:42","date_gmt":"2022-03-21T08:58:42","guid":{"rendered":"http:\/\/games.tactic.net\/tuote\/bardzo-przecietny-quiz\/"},"modified":"2023-09-20T17:04:00","modified_gmt":"2023-09-20T14:04:00","slug":"bardzo-przecietny-quiz","status":"publish","type":"product","link":"https:\/\/games.tactic.net\/pl\/tuote\/bardzo-przecietny-quiz\/","title":{"rendered":"Tactic Bardzo Przeci\u0119tny Quiz"},"content":{"rendered":"<p>Kto powiedzia\u0142, \u017ce bycie przeci\u0119tnym jest nudne? Witamy w grze, w kt\u00f3rej przeci\u0119tni zgarniaj\u0105 punkty, a najzwyczajniejsi wygrywaj\u0105! Je\u015bli chcesz zatriumfowa\u0107, nie celuj ani zbyt wysoko, ani zbyt nisko.<br \/>\nW Bardzo Przeci\u0119tnym Quizie chodzi o wpasowanie si\u0119, bycie gdzie\u015b po\u015brodku \u2013 po prostu bycie asem zwyczajno\u015bci. Rywalizuj w serii zada\u0144, ale celuj odpowiedziami w sam \u015brodek, bo w tej grze to najbardziej przeci\u0119tna osoba wygrywa! Dzi\u0119ki \u015bcieralnym kartom, 200 zadaniom i por\u0119cznemu przeci\u0119tnomierzowi do oceniania odpowiedzi \u2013 ten Bardzo Przeci\u0119tny Quiz gwarantuje ponadprzeci\u0119tn\u0105 rozrywk\u0119!<br \/>\nZawarto\u015b\u0107: 200 kart z zadaniami, przeci\u0119tnomierz, 5 kart odpowiedzi, 5 mazak\u00f3w, 5 pionk\u00f3w, g\u0105bka, plansza, instrukcja.<br \/>\nGra dla 3-5 graczy w wieku 10+.<\/p>\n","protected":false},"excerpt":{"rendered":"<p>Kto powiedzia\u0142, \u017ce bycie przeci\u0119tnym jest nudne? Witamy w grze, w kt\u00f3rej przeci\u0119tni zgarniaj\u0105 punkty, a najzwyczajniejsi wygrywaj\u0105! Je\u015bli chcesz zatriumfowa\u0107, nie celuj ani zbyt wysoko, ani zbyt nisko. W Bardzo Przeci\u0119tnym Quizie chodzi o wpasowanie si\u0119, bycie gdzie\u015b po\u015brodku \u2013 po prostu bycie asem zwyczajno\u015bci. Rywalizuj w serii zada\u0144, ale celuj odpowiedziami w sam \u015brodek, bo w tej grze to najbardziej przeci\u0119tna osoba wygrywa!<\/p>\n","protected":false},"featured_media":0,"template":"","meta":{"content-type":"","_monsterinsights_skip_tracking":false,"_monsterinsights_sitenote_active":false,"_monsterinsights_sitenote_note":"","_monsterinsights_sitenote_category":0},"product_brand":[],"product_cat":[1805,1811],"product_tag":[1247],"brand":[],"target-group":[],"discontinued":[],"class_list":{"0":"post-519458","1":"product","2":"type-product","3":"status-publish","5":"product_cat-gry-planszowe","6":"product_cat-imprezowe-gry-dla-doroslych","7":"product_tag-strategia-pl","9":"first","10":"outofstock","11":"taxable","12":"shipping-taxable","13":"product-type-simple"},"aioseo_notices":[],"_links":{"self":[{"href":"https:\/\/games.tactic.net\/pl\/wp-json\/wp\/v2\/product\/519458","targetHints":{"allow":["GET"]}}],"collection":[{"href":"https:\/\/games.tactic.net\/pl\/wp-json\/wp\/v2\/product"}],"about":[{"href":"https:\/\/games.tactic.net\/pl\/wp-json\/wp\/v2\/types\/product"}],"wp:attachment":[{"href":"https:\/\/games.tactic.net\/pl\/wp-json\/wp\/v2\/media?parent=519458"}],"wp:term":[{"taxonomy":"product_brand","embeddable":true,"href":"https:\/\/games.tactic.net\/pl\/wp-json\/wp\/v2\/product_brand?post=519458"},{"taxonomy":"product_cat","embeddable":true,"href":"https:\/\/games.tactic.net\/pl\/wp-json\/wp\/v2\/product_cat?post=519458"},{"taxonomy":"product_tag","embeddable":true,"href":"https:\/\/games.tactic.net\/pl\/wp-json\/wp\/v2\/product_tag?post=519458"},{"taxonomy":"brand","embeddable":true,"href":"https:\/\/games.tactic.net\/pl\/wp-json\/wp\/v2\/brand?post=519458"},{"taxonomy":"target-group","embeddable":true,"href":"https:\/\/games.tactic.net\/pl\/wp-json\/wp\/v2\/target-group?post=519458"},{"taxonomy":"discontinued","embeddable":true,"href":"https:\/\/games.tactic.net\/pl\/wp-json\/wp\/v2\/discontinued?post=519458"}],"curies":[{"name":"wp","href":"https:\/\/api.w.org\/{rel}","templated":true}]}}