{"id":517327,"date":"2022-03-18T16:02:22","date_gmt":"2022-03-18T14:02:22","guid":{"rendered":"http:\/\/games.tactic.net\/tuote\/touche\/"},"modified":"2023-10-25T15:09:32","modified_gmt":"2023-10-25T12:09:32","slug":"touche","status":"publish","type":"product","link":"https:\/\/games.tactic.net\/pl\/tuote\/touche\/","title":{"rendered":"Tactic Touch\u00e9"},"content":{"rendered":"<p>UDANE PO\u0141\u0104CZENIE GRY KARCIANEJ Z PLANSZOW\u0104!  Ka\u017cdy gracz, wykorzystuj\u0105c trzymane w r\u0119kach karty, uk\u0142ada pionki na planszy, tak aby zbudowa\u0107 wybrane wcze\u015bniej przez siebie wzory. Gracze staraj\u0105 si\u0119 utworzy\u0107 trzy r\u00f3\u017cne wzory, a jednocze\u015bnie udaremnia\u0107 dzia\u0142ania innych os\u00f3b! Aby zwyci\u0119\u017cy\u0107, konieczny jest dobry pomys\u0142 i odpowiednia taktyka. Na nic to jednak bez odrobiny szcz\u0119\u015bcia. Odpowiednia strategia, troch\u0119 szcz\u0119\u015bcia, du\u017co emocji&#8230; Gra idealna! Mo\u017cna gra\u0107 indywidualnie lub w zespo\u0142ach.<br \/>\nZawarto\u015b\u0107: Plansza, 2 talie kart (110 kart), 160 pionk\u00f3w-znacznik\u00f3w(30 \u017c\u00f3\u0142tych, 30 niebieskich, 30 zielonych, 30 czerwonych oraz 40 czarnych), instrukcja.<br \/>\nGra dla 2-6 graczy w wieku 8+. <\/p>\n<p><img decoding=\"async\" src=\"https:\\\\\\\\games.tactic.net\\\\pic\\\\logo\\\\Awarded_concept.png\"><img decoding=\"async\" src=\"https:\\\\\\\\games.tactic.net\\\\pic\\\\logo\\\\Mensa_Select.png\"><\/p>\n","protected":false},"excerpt":{"rendered":"<p>Zagraj kartami z r\u0119ki i podbij plansz\u0119 za pomoc\u0105 swoich \u017ceton\u00f3w. Ta klasyczna gra wymaga zastosowania taktyki, ale b\u0119dzie ci tak\u017ce potrzebna odrobina szcz\u0119\u015bcia. Jedno jest pewne \u2013 nie b\u0119dziesz si\u0119 nudzi\u0107! Czy potrafisz przewidzie\u0107, co zrobi\u0105 inni gracze? Czy zostaniesz mistrzem Touch\u00e9 w swojej rodzinie?<\/p>\n","protected":false},"featured_media":0,"template":"","meta":{"content-type":"","_monsterinsights_skip_tracking":false,"_monsterinsights_sitenote_active":false,"_monsterinsights_sitenote_note":"","_monsterinsights_sitenote_category":0},"product_brand":[],"product_cat":[1783,1782],"product_tag":[1247],"brand":[],"target-group":[],"discontinued":[],"class_list":{"0":"post-517327","1":"product","2":"type-product","3":"status-publish","5":"product_cat-strategiczne-gry-rodzinne","6":"product_cat-strategiczne-dla-doroslych-gry-dla-doroslych","7":"product_tag-strategia-pl","9":"first","10":"instock","11":"taxable","12":"shipping-taxable","13":"product-type-simple"},"aioseo_notices":[],"_links":{"self":[{"href":"https:\/\/games.tactic.net\/pl\/wp-json\/wp\/v2\/product\/517327","targetHints":{"allow":["GET"]}}],"collection":[{"href":"https:\/\/games.tactic.net\/pl\/wp-json\/wp\/v2\/product"}],"about":[{"href":"https:\/\/games.tactic.net\/pl\/wp-json\/wp\/v2\/types\/product"}],"wp:attachment":[{"href":"https:\/\/games.tactic.net\/pl\/wp-json\/wp\/v2\/media?parent=517327"}],"wp:term":[{"taxonomy":"product_brand","embeddable":true,"href":"https:\/\/games.tactic.net\/pl\/wp-json\/wp\/v2\/product_brand?post=517327"},{"taxonomy":"product_cat","embeddable":true,"href":"https:\/\/games.tactic.net\/pl\/wp-json\/wp\/v2\/product_cat?post=517327"},{"taxonomy":"product_tag","embeddable":true,"href":"https:\/\/games.tactic.net\/pl\/wp-json\/wp\/v2\/product_tag?post=517327"},{"taxonomy":"brand","embeddable":true,"href":"https:\/\/games.tactic.net\/pl\/wp-json\/wp\/v2\/brand?post=517327"},{"taxonomy":"target-group","embeddable":true,"href":"https:\/\/games.tactic.net\/pl\/wp-json\/wp\/v2\/target-group?post=517327"},{"taxonomy":"discontinued","embeddable":true,"href":"https:\/\/games.tactic.net\/pl\/wp-json\/wp\/v2\/discontinued?post=517327"}],"curies":[{"name":"wp","href":"https:\/\/api.w.org\/{rel}","templated":true}]}}