{"id":509929,"date":"2022-03-14T11:15:30","date_gmt":"2022-03-14T09:15:30","guid":{"rendered":"http:\/\/games.tactic.net\/tuote\/czarodziejski-las\/"},"modified":"2023-10-25T13:25:09","modified_gmt":"2023-10-25T10:25:09","slug":"czarodziejski-las","status":"publish","type":"product","link":"https:\/\/games.tactic.net\/pl\/tuote\/czarodziejski-las\/","title":{"rendered":"Tactic Czarodziejski las"},"content":{"rendered":"<p>Magiczna rozgrywka w Twoim domu! Czarodziejski Las to tajemnicze miejsce pe\u0142ne pradawnej magii wr\u00f3\u017cek. Jednak pewne z\u0142o\u015bliwe trolle ukrad\u0142y klejnoty, w kt\u00f3rych drzemie magia tego miejsca i porozrzuca\u0142y je po ca\u0142ym lesie! Teraz to wy musicie pozbiera\u0107 klejnoty i od\u0142o\u017cy\u0107 na w\u0142a\u015bciwe miejsce, unikaj\u0105c trolli. By wygra\u0107, musisz jako pierwszy z graczy dostarczy\u0107 wszystkie klejnoty w swoim kolorze do domu i do niego wr\u00f3ci\u0107! Zawarto\u015b\u0107: plansza, 50 kart ruchu, 4 pionki postaci, 1 tr\u00f3jwymiarowe drzewo, 12 klejnot\u00f3w, 3 \u017cetony trolli, 1 kostka, instrukcja. Gra rodzinna dla 2-4 graczy w wieku 5+.<\/p>\n<p><img decoding=\"async\" src=\"https:\\\\\\\\games.tactic.net\\\\pic\\\\logo\\\\DK_2022_Guldbrikken_Aarets_Boernespil_nomineret.png\"><img decoding=\"async\" src=\"https:\\\\\\\\games.tactic.net\\\\pic\\\\logo\\\\DK_2022_Legebranchen_Aarets_Boernespil.png\"><img decoding=\"async\" src=\"https:\\\\\\\\games.tactic.net\\\\pic\\\\logo\\\\FI_2022_Vuoden_Peli_Lastenpelit_finalisti.png\"><\/p>\n","protected":false},"excerpt":{"rendered":"<p>Kapitan pirat\u00f3w uzbiera\u0142 ca\u0142kiem poka\u017any skarb, a niezno\u015bne ma\u0142py chc\u0105 mu go zabra\u0107! Poruszaj si\u0119 po planszy tak, aby dosta\u0107 si\u0119 do kryj\u00f3wki kapitana, i zabierz mu tyle monet, ile zdo\u0142asz. Tylko uwa\u017caj, bo kapitan nie lubi si\u0119 dzieli\u0107 swoim skarbem!<\/p>\n","protected":false},"featured_media":0,"template":"","meta":{"content-type":"","_monsterinsights_skip_tracking":false,"_monsterinsights_sitenote_active":false,"_monsterinsights_sitenote_note":"","_monsterinsights_sitenote_category":0},"product_brand":[],"product_cat":[1796],"product_tag":[],"brand":[],"target-group":[],"discontinued":[],"class_list":{"0":"post-509929","1":"product","2":"type-product","3":"status-publish","5":"product_cat-gry-planszowe-dla-dzieci","7":"first","8":"instock","9":"taxable","10":"shipping-taxable","11":"product-type-simple"},"aioseo_notices":[],"_links":{"self":[{"href":"https:\/\/games.tactic.net\/pl\/wp-json\/wp\/v2\/product\/509929","targetHints":{"allow":["GET"]}}],"collection":[{"href":"https:\/\/games.tactic.net\/pl\/wp-json\/wp\/v2\/product"}],"about":[{"href":"https:\/\/games.tactic.net\/pl\/wp-json\/wp\/v2\/types\/product"}],"wp:attachment":[{"href":"https:\/\/games.tactic.net\/pl\/wp-json\/wp\/v2\/media?parent=509929"}],"wp:term":[{"taxonomy":"product_brand","embeddable":true,"href":"https:\/\/games.tactic.net\/pl\/wp-json\/wp\/v2\/product_brand?post=509929"},{"taxonomy":"product_cat","embeddable":true,"href":"https:\/\/games.tactic.net\/pl\/wp-json\/wp\/v2\/product_cat?post=509929"},{"taxonomy":"product_tag","embeddable":true,"href":"https:\/\/games.tactic.net\/pl\/wp-json\/wp\/v2\/product_tag?post=509929"},{"taxonomy":"brand","embeddable":true,"href":"https:\/\/games.tactic.net\/pl\/wp-json\/wp\/v2\/brand?post=509929"},{"taxonomy":"target-group","embeddable":true,"href":"https:\/\/games.tactic.net\/pl\/wp-json\/wp\/v2\/target-group?post=509929"},{"taxonomy":"discontinued","embeddable":true,"href":"https:\/\/games.tactic.net\/pl\/wp-json\/wp\/v2\/discontinued?post=509929"}],"curies":[{"name":"wp","href":"https:\/\/api.w.org\/{rel}","templated":true}]}}