{"id":506748,"date":"2022-03-08T15:53:57","date_gmt":"2022-03-08T13:53:57","guid":{"rendered":"http:\/\/games.tactic.net\/tuote\/word-bingo\/"},"modified":"2023-10-25T16:37:54","modified_gmt":"2023-10-25T13:37:54","slug":"word-bingo","status":"publish","type":"product","link":"https:\/\/games.tactic.net\/pl\/tuote\/word-bingo\/","title":{"rendered":"Tactic Rzu\u0107 S\u0142owem!"},"content":{"rendered":"<p>Szybka i rozrywkowa gra s\u0142owna! Przed Tob\u0105 plansza pe\u0142na liter oraz wy\u015bcig z czasem i wsp\u00f3\u0142graczami! Podaj s\u0142owo pasuj\u0105ce do bie\u017c\u0105cej kategorii z karty i rozpoczynaj\u0105ce si\u0119 od litery z Twojej planszy. Musisz zd\u0105\u017cy\u0107, zanim przesypie si\u0119 piasek w klepsydrze! Tylko uwa\u017caj &#8211; w talii s\u0105 karty, kt\u00f3re mog\u0105 Ci pom\u00f3c, albo pokrzy\u017cowa\u0107 Twoje plany&#8230;<br \/>\nZawarto\u015b\u0107: 6 plansz z literami, 110 kart, 80 okr\u0105g\u0142ych \u017ceton\u00f3w, 1 klepsydra, instrukcja.<br \/>\nGra s\u0142owna dla 2-6 graczy w wieku 8+.<\/p>\n","protected":false},"excerpt":{"rendered":"<p>U\u0142\u00f3\u017c w\u0142a\u015bciwe s\u0142owa na podstawie liter, zanim sko\u0144czy si\u0119 czas! Karty wska\u017c\u0105 ci temat, a litery znajdziesz na swojej tabliczce. Wymy\u015bl s\u0142owa, kt\u00f3re zaczynaj\u0105 si\u0119 na litery widniej\u0105ce na twojej tabliczce i pasuj\u0105 do danego tematu, zanim sko\u0144czy ci si\u0119 czas. Dzi\u0119ki kartom specjalnym gra ulega zmianie w najmniej oczekiwanym momencie!<\/p>\n","protected":false},"featured_media":0,"template":"","meta":{"content-type":"","_monsterinsights_skip_tracking":false,"_monsterinsights_sitenote_active":false,"_monsterinsights_sitenote_note":"","_monsterinsights_sitenote_category":0},"product_brand":[],"product_cat":[1805,1674],"product_tag":[],"brand":[],"target-group":[],"discontinued":[],"class_list":{"0":"post-506748","1":"product","2":"type-product","3":"status-publish","5":"product_cat-gry-planszowe","6":"product_cat-inne-gry","8":"first","9":"outofstock","10":"taxable","11":"shipping-taxable","12":"product-type-simple"},"aioseo_notices":[],"_links":{"self":[{"href":"https:\/\/games.tactic.net\/pl\/wp-json\/wp\/v2\/product\/506748","targetHints":{"allow":["GET"]}}],"collection":[{"href":"https:\/\/games.tactic.net\/pl\/wp-json\/wp\/v2\/product"}],"about":[{"href":"https:\/\/games.tactic.net\/pl\/wp-json\/wp\/v2\/types\/product"}],"wp:attachment":[{"href":"https:\/\/games.tactic.net\/pl\/wp-json\/wp\/v2\/media?parent=506748"}],"wp:term":[{"taxonomy":"product_brand","embeddable":true,"href":"https:\/\/games.tactic.net\/pl\/wp-json\/wp\/v2\/product_brand?post=506748"},{"taxonomy":"product_cat","embeddable":true,"href":"https:\/\/games.tactic.net\/pl\/wp-json\/wp\/v2\/product_cat?post=506748"},{"taxonomy":"product_tag","embeddable":true,"href":"https:\/\/games.tactic.net\/pl\/wp-json\/wp\/v2\/product_tag?post=506748"},{"taxonomy":"brand","embeddable":true,"href":"https:\/\/games.tactic.net\/pl\/wp-json\/wp\/v2\/brand?post=506748"},{"taxonomy":"target-group","embeddable":true,"href":"https:\/\/games.tactic.net\/pl\/wp-json\/wp\/v2\/target-group?post=506748"},{"taxonomy":"discontinued","embeddable":true,"href":"https:\/\/games.tactic.net\/pl\/wp-json\/wp\/v2\/discontinued?post=506748"}],"curies":[{"name":"wp","href":"https:\/\/api.w.org\/{rel}","templated":true}]}}