{"id":502225,"date":"2022-02-24T12:03:22","date_gmt":"2022-02-24T10:03:22","guid":{"rendered":"http:\/\/games.tactic.net\/tuote\/veggies-and-berries-cloudberry-hilla\/"},"modified":"2023-10-20T13:43:42","modified_gmt":"2023-10-20T10:43:42","slug":"veggies-and-berries-cloudberry-hilla","status":"publish","type":"product","link":"https:\/\/games.tactic.net\/pl\/tuote\/veggies-and-berries-cloudberry-hilla\/","title":{"rendered":"Lumo Stars Veggies and Berries Cloudberry Hilla plush"},"content":{"rendered":"<p>Classic 15 cm. Pluszowe zwierz\u0105tko do kolekcjonowania. Szcz\u0119\u015bliwa, przytulna, przyjazna, mi\u0142a i urocza. U\u015bmiechamy si\u0119 wi\u0119cej! Urocza kolekcja plusz\u00f3w Northern Brights oparta jest na prawdziwej nordyckiej naturze i dzikiej przyrodzie. Czysty fi\u0144ski design. Czy wiesz, \u017ce mam na imi\u0119 Hilla, bo po fi\u0144sku oznacza malina moroszka? Jak masz na imi\u0119 kochanie? Miejmy mi\u0142\u0105 pogaw\u0119dk\u0119 i zdrad\u017amy sobie sekrety!<\/p>\n","protected":false},"excerpt":{"rendered":"<p>Classic 15 cm. Pluszowe zwierz\u0105tko do kolekcjonowania. Szcz\u0119\u015bliwa, przytulna, przyjazna, mi\u0142a i urocza. U\u015bmiechamy si\u0119 wi\u0119cej! Urocza kolekcja plusz\u00f3w Northern Brights oparta jest na prawdziwej nordyckiej naturze i dzikiej przyrodzie. Czysty fi\u0144ski design. Czy wiesz, \u017ce mam na imi\u0119 Hilla, bo po fi\u0144sku oznacza malina moroszka? Jak masz na imi\u0119 kochanie? Miejmy mi\u0142\u0105 pogaw\u0119dk\u0119 i [&hellip;]<\/p>\n","protected":false},"featured_media":0,"template":"","meta":{"content-type":"","_monsterinsights_skip_tracking":false,"_monsterinsights_sitenote_active":false,"_monsterinsights_sitenote_note":"","_monsterinsights_sitenote_category":0},"product_brand":[],"product_cat":[1797],"product_tag":[1260],"brand":[],"target-group":[],"discontinued":[],"class_list":{"0":"post-502225","1":"product","2":"type-product","3":"status-publish","5":"product_cat-veggies-and-berries-zabawki-pluszowe","6":"product_tag-lumo-stars-pl","8":"first","9":"outofstock","10":"taxable","11":"shipping-taxable","12":"product-type-simple"},"aioseo_notices":[],"_links":{"self":[{"href":"https:\/\/games.tactic.net\/pl\/wp-json\/wp\/v2\/product\/502225","targetHints":{"allow":["GET"]}}],"collection":[{"href":"https:\/\/games.tactic.net\/pl\/wp-json\/wp\/v2\/product"}],"about":[{"href":"https:\/\/games.tactic.net\/pl\/wp-json\/wp\/v2\/types\/product"}],"wp:attachment":[{"href":"https:\/\/games.tactic.net\/pl\/wp-json\/wp\/v2\/media?parent=502225"}],"wp:term":[{"taxonomy":"product_brand","embeddable":true,"href":"https:\/\/games.tactic.net\/pl\/wp-json\/wp\/v2\/product_brand?post=502225"},{"taxonomy":"product_cat","embeddable":true,"href":"https:\/\/games.tactic.net\/pl\/wp-json\/wp\/v2\/product_cat?post=502225"},{"taxonomy":"product_tag","embeddable":true,"href":"https:\/\/games.tactic.net\/pl\/wp-json\/wp\/v2\/product_tag?post=502225"},{"taxonomy":"brand","embeddable":true,"href":"https:\/\/games.tactic.net\/pl\/wp-json\/wp\/v2\/brand?post=502225"},{"taxonomy":"target-group","embeddable":true,"href":"https:\/\/games.tactic.net\/pl\/wp-json\/wp\/v2\/target-group?post=502225"},{"taxonomy":"discontinued","embeddable":true,"href":"https:\/\/games.tactic.net\/pl\/wp-json\/wp\/v2\/discontinued?post=502225"}],"curies":[{"name":"wp","href":"https:\/\/api.w.org\/{rel}","templated":true}]}}