{"id":501666,"date":"2022-02-24T11:03:42","date_gmt":"2022-02-24T09:03:42","guid":{"rendered":"http:\/\/games.tactic.net\/tuote\/veggies-and-berries-cabbage-teikku\/"},"modified":"2025-07-17T14:06:04","modified_gmt":"2025-07-17T11:06:04","slug":"veggies-and-berries-cabbage-teikku","status":"archive","type":"product","link":"https:\/\/games.tactic.net\/pl\/tuote\/veggies-and-berries-cabbage-teikku\/","title":{"rendered":"Lumo Stars Veggies and Berries Cabbage Teikku plush"},"content":{"rendered":"<p>Classic 15 cm. Pluszowe zwierz\u0105tko do kolekcjonowania. Szcz\u0119\u015bliwa, przytulna, przyjazna, mi\u0142a i urocza. U\u015bmiechamy si\u0119 wi\u0119cej! Urocza kolekcja plusz\u00f3w Northern Brights oparta jest na prawdziwej nordyckiej naturze i dzikiej przyrodzie. Czysty fi\u0144ski design. Jestem super zdrowym i po\u017cywnym warzywem, kt\u00f3re uwielbia by\u0107 mi\u0142a i opieku\u0144cza. Chc\u0119 by\u0107 twoim przyjacielem.<\/p>\n","protected":false},"excerpt":{"rendered":"<p>Classic 15 cm. Pluszowe zwierz\u0105tko do kolekcjonowania. Szcz\u0119\u015bliwa, przytulna, przyjazna, mi\u0142a i urocza. U\u015bmiechamy si\u0119 wi\u0119cej! Urocza kolekcja plusz\u00f3w Northern Brights oparta jest na prawdziwej nordyckiej naturze i dzikiej przyrodzie. Czysty fi\u0144ski design. Jestem super zdrowym i po\u017cywnym warzywem, kt\u00f3re uwielbia by\u0107 mi\u0142a i opieku\u0144cza. Chc\u0119 by\u0107 twoim przyjacielem.<\/p>\n","protected":false},"featured_media":0,"template":"","meta":{"content-type":"","_monsterinsights_skip_tracking":false,"_monsterinsights_sitenote_active":false,"_monsterinsights_sitenote_note":"","_monsterinsights_sitenote_category":0},"product_brand":[],"product_cat":[1797],"product_tag":[1260],"brand":[],"target-group":[],"discontinued":[],"class_list":{"0":"post-501666","1":"product","2":"type-product","3":"status-archive","5":"product_cat-veggies-and-berries-zabawki-pluszowe","6":"product_tag-lumo-stars-pl","8":"first","9":"outofstock","10":"taxable","11":"shipping-taxable","12":"product-type-simple"},"aioseo_notices":[],"_links":{"self":[{"href":"https:\/\/games.tactic.net\/pl\/wp-json\/wp\/v2\/product\/501666","targetHints":{"allow":["GET"]}}],"collection":[{"href":"https:\/\/games.tactic.net\/pl\/wp-json\/wp\/v2\/product"}],"about":[{"href":"https:\/\/games.tactic.net\/pl\/wp-json\/wp\/v2\/types\/product"}],"wp:attachment":[{"href":"https:\/\/games.tactic.net\/pl\/wp-json\/wp\/v2\/media?parent=501666"}],"wp:term":[{"taxonomy":"product_brand","embeddable":true,"href":"https:\/\/games.tactic.net\/pl\/wp-json\/wp\/v2\/product_brand?post=501666"},{"taxonomy":"product_cat","embeddable":true,"href":"https:\/\/games.tactic.net\/pl\/wp-json\/wp\/v2\/product_cat?post=501666"},{"taxonomy":"product_tag","embeddable":true,"href":"https:\/\/games.tactic.net\/pl\/wp-json\/wp\/v2\/product_tag?post=501666"},{"taxonomy":"brand","embeddable":true,"href":"https:\/\/games.tactic.net\/pl\/wp-json\/wp\/v2\/brand?post=501666"},{"taxonomy":"target-group","embeddable":true,"href":"https:\/\/games.tactic.net\/pl\/wp-json\/wp\/v2\/target-group?post=501666"},{"taxonomy":"discontinued","embeddable":true,"href":"https:\/\/games.tactic.net\/pl\/wp-json\/wp\/v2\/discontinued?post=501666"}],"curies":[{"name":"wp","href":"https:\/\/api.w.org\/{rel}","templated":true}]}}