{"id":494412,"date":"2022-02-19T20:06:25","date_gmt":"2022-02-19T18:06:25","guid":{"rendered":"http:\/\/games.tactic.net\/tuote\/lumo-panda-toto-classic\/"},"modified":"2025-07-17T14:44:39","modified_gmt":"2025-07-17T11:44:39","slug":"lumo-panda-toto-classic","status":"archive","type":"product","link":"https:\/\/games.tactic.net\/pl\/tuote\/lumo-panda-toto-classic\/","title":{"rendered":"Lumo Stars Panda Toto classic plush"},"content":{"rendered":"<p>Classic 15 cm. Pluszowe zwierz\u0105tko do kolekcjonowania. Szcz\u0119\u015bliwa, przytulna, przyjazna, mi\u0142a i urocza. U\u015bmiechamy si\u0119 wi\u0119cej! Urocza kolekcja plusz\u00f3w Northern Brights oparta jest na prawdziwej nordyckiej naturze i dzikiej przyrodzie. Czysty fi\u0144ski design. W\u0142a\u015bciwie jestem mi\u0142y, ale czasami lubi\u0119 oszuka\u0107 moich kumpli! Wymy\u015blmy \u017cart!<\/p>\n","protected":false},"excerpt":{"rendered":"<p>Mini 8,5 cm.<\/p>\n","protected":false},"featured_media":0,"template":"","meta":{"content-type":"","_monsterinsights_skip_tracking":false,"_monsterinsights_sitenote_active":false,"_monsterinsights_sitenote_note":"","_monsterinsights_sitenote_category":0},"product_brand":[],"product_cat":[1511],"product_tag":[1260],"brand":[{"id":1023,"name":"Lumo Stars","slug":"lumo-stars_pl"}],"target-group":[],"discontinued":[],"class_list":{"0":"post-494412","1":"product","2":"type-product","3":"status-archive","5":"product_cat-classic-zabawki-pluszowe","6":"product_tag-lumo-stars-pl","7":"brand-lumo-stars_pl","9":"first","10":"outofstock","11":"taxable","12":"shipping-taxable","13":"product-type-simple"},"aioseo_notices":[],"_links":{"self":[{"href":"https:\/\/games.tactic.net\/pl\/wp-json\/wp\/v2\/product\/494412","targetHints":{"allow":["GET"]}}],"collection":[{"href":"https:\/\/games.tactic.net\/pl\/wp-json\/wp\/v2\/product"}],"about":[{"href":"https:\/\/games.tactic.net\/pl\/wp-json\/wp\/v2\/types\/product"}],"wp:attachment":[{"href":"https:\/\/games.tactic.net\/pl\/wp-json\/wp\/v2\/media?parent=494412"}],"wp:term":[{"taxonomy":"product_brand","embeddable":true,"href":"https:\/\/games.tactic.net\/pl\/wp-json\/wp\/v2\/product_brand?post=494412"},{"taxonomy":"product_cat","embeddable":true,"href":"https:\/\/games.tactic.net\/pl\/wp-json\/wp\/v2\/product_cat?post=494412"},{"taxonomy":"product_tag","embeddable":true,"href":"https:\/\/games.tactic.net\/pl\/wp-json\/wp\/v2\/product_tag?post=494412"},{"taxonomy":"brand","embeddable":true,"href":"https:\/\/games.tactic.net\/pl\/wp-json\/wp\/v2\/brand?post=494412"},{"taxonomy":"target-group","embeddable":true,"href":"https:\/\/games.tactic.net\/pl\/wp-json\/wp\/v2\/target-group?post=494412"},{"taxonomy":"discontinued","embeddable":true,"href":"https:\/\/games.tactic.net\/pl\/wp-json\/wp\/v2\/discontinued?post=494412"}],"curies":[{"name":"wp","href":"https:\/\/api.w.org\/{rel}","templated":true}]}}