{"id":487112,"date":"2022-02-11T10:47:02","date_gmt":"2022-02-11T08:47:02","guid":{"rendered":"https:\/\/games.tactic.net\/tuote\/lumo-stars-racers-speedy\/"},"modified":"2023-10-20T13:35:30","modified_gmt":"2023-10-20T10:35:30","slug":"lumo-stars-racers-speedy","status":"publish","type":"product","link":"https:\/\/games.tactic.net\/pl\/tuote\/lumo-stars-racers-speedy\/","title":{"rendered":"Lumo Stars Racers Speedy plush"},"content":{"rendered":"<p>Rozmiar 20 cm. Pluszowe samochody Lumo Stars szeleszcz\u0105 w Twoim sercu! Cudownie mi\u0119kkie samochody nadaj\u0105 si\u0119 do gier z potworami pr\u0119dko\u015bci w ka\u017cdym wieku. \u201eSzybko to moje drugie imi\u0119, moje imi\u0119, Speedy. Nie mo\u017cesz zgadn\u0105\u0107, jak szybki potrafi\u0119 by\u0107!\u201d<\/p>\n","protected":false},"excerpt":{"rendered":"<p>Rozmiar 20 cm. Pluszowe samochody Lumo Stars szeleszcz\u0105 w Twoim sercu! Cudownie mi\u0119kkie samochody nadaj\u0105 si\u0119 do gier z potworami pr\u0119dko\u015bci w ka\u017cdym wieku. \u201eSzybko to moje drugie imi\u0119, moje imi\u0119, Speedy. Nie mo\u017cesz zgadn\u0105\u0107, jak szybki potrafi\u0119 by\u0107!\u201d<\/p>\n","protected":false},"featured_media":0,"template":"","meta":{"content-type":"","_monsterinsights_skip_tracking":false,"_monsterinsights_sitenote_active":false,"_monsterinsights_sitenote_note":"","_monsterinsights_sitenote_category":0},"product_brand":[],"product_cat":[2008],"product_tag":[1260],"brand":[{"id":1023,"name":"Lumo Stars","slug":"lumo-stars_pl"}],"target-group":[],"discontinued":[],"class_list":{"0":"post-487112","1":"product","2":"type-product","3":"status-publish","5":"product_cat-racers-zabawki-pluszowe","6":"product_tag-lumo-stars-pl","7":"brand-lumo-stars_pl","9":"first","10":"instock","11":"taxable","12":"shipping-taxable","13":"product-type-simple"},"aioseo_notices":[],"_links":{"self":[{"href":"https:\/\/games.tactic.net\/pl\/wp-json\/wp\/v2\/product\/487112","targetHints":{"allow":["GET"]}}],"collection":[{"href":"https:\/\/games.tactic.net\/pl\/wp-json\/wp\/v2\/product"}],"about":[{"href":"https:\/\/games.tactic.net\/pl\/wp-json\/wp\/v2\/types\/product"}],"wp:attachment":[{"href":"https:\/\/games.tactic.net\/pl\/wp-json\/wp\/v2\/media?parent=487112"}],"wp:term":[{"taxonomy":"product_brand","embeddable":true,"href":"https:\/\/games.tactic.net\/pl\/wp-json\/wp\/v2\/product_brand?post=487112"},{"taxonomy":"product_cat","embeddable":true,"href":"https:\/\/games.tactic.net\/pl\/wp-json\/wp\/v2\/product_cat?post=487112"},{"taxonomy":"product_tag","embeddable":true,"href":"https:\/\/games.tactic.net\/pl\/wp-json\/wp\/v2\/product_tag?post=487112"},{"taxonomy":"brand","embeddable":true,"href":"https:\/\/games.tactic.net\/pl\/wp-json\/wp\/v2\/brand?post=487112"},{"taxonomy":"target-group","embeddable":true,"href":"https:\/\/games.tactic.net\/pl\/wp-json\/wp\/v2\/target-group?post=487112"},{"taxonomy":"discontinued","embeddable":true,"href":"https:\/\/games.tactic.net\/pl\/wp-json\/wp\/v2\/discontinued?post=487112"}],"curies":[{"name":"wp","href":"https:\/\/api.w.org\/{rel}","templated":true}]}}