{"id":484584,"date":"2022-02-09T15:40:47","date_gmt":"2022-02-09T13:40:47","guid":{"rendered":"https:\/\/games.tactic.net\/tuote\/veggies-and-berries-morri\/"},"modified":"2023-10-20T13:52:39","modified_gmt":"2023-10-20T10:52:39","slug":"veggies-and-berries-morri","status":"publish","type":"product","link":"https:\/\/games.tactic.net\/pl\/tuote\/veggies-and-berries-morri\/","title":{"rendered":"Lumo Stars Veggies and Berries M\u00f6rri plush"},"content":{"rendered":"<p>Classic 15 cm. Weso\u0142e, przytulanki, przyjazne, mi\u0142e i s\u0142odkie pluszaki. Zbierz wszystkich i wi\u0119cej si\u0119 u\u015bmiechaj! Urocze pluszaki z kolekcji Northern Brights oparte s\u0105 na modelach dzikiej przyrody w nordyckiej przyrodzie. Oryginalne fi\u0144skie wzornictwo. Chocia\u017c nie jestem jadalny, mog\u0119 by\u0107 przyjacielem na ca\u0142e \u017cycie, kt\u00f3ry lubi \u017cartowa\u0107 i bawi\u0107 si\u0119 z tob\u0105.<\/p>\n","protected":false},"excerpt":{"rendered":"<p>Classic 15 cm. Weso\u0142e, przytulanki, przyjazne, mi\u0142e i s\u0142odkie pluszaki. Zbierz wszystkich i wi\u0119cej si\u0119 u\u015bmiechaj! Urocze pluszaki z kolekcji Northern Brights oparte s\u0105 na modelach dzikiej przyrody w nordyckiej przyrodzie. Oryginalne fi\u0144skie wzornictwo. Chocia\u017c nie jestem jadalny, mog\u0119 by\u0107 przyjacielem na ca\u0142e \u017cycie, kt\u00f3ry lubi \u017cartowa\u0107 i bawi\u0107 si\u0119 z tob\u0105.<\/p>\n","protected":false},"featured_media":0,"template":"","meta":{"content-type":"","_monsterinsights_skip_tracking":false,"_monsterinsights_sitenote_active":false,"_monsterinsights_sitenote_note":"","_monsterinsights_sitenote_category":0},"product_brand":[],"product_cat":[1797],"product_tag":[1260],"brand":[{"id":1023,"name":"Lumo Stars","slug":"lumo-stars_pl"}],"target-group":[],"discontinued":[],"class_list":{"0":"post-484584","1":"product","2":"type-product","3":"status-publish","5":"product_cat-veggies-and-berries-zabawki-pluszowe","6":"product_tag-lumo-stars-pl","7":"brand-lumo-stars_pl","9":"first","10":"outofstock","11":"taxable","12":"shipping-taxable","13":"product-type-simple"},"aioseo_notices":[],"_links":{"self":[{"href":"https:\/\/games.tactic.net\/pl\/wp-json\/wp\/v2\/product\/484584","targetHints":{"allow":["GET"]}}],"collection":[{"href":"https:\/\/games.tactic.net\/pl\/wp-json\/wp\/v2\/product"}],"about":[{"href":"https:\/\/games.tactic.net\/pl\/wp-json\/wp\/v2\/types\/product"}],"wp:attachment":[{"href":"https:\/\/games.tactic.net\/pl\/wp-json\/wp\/v2\/media?parent=484584"}],"wp:term":[{"taxonomy":"product_brand","embeddable":true,"href":"https:\/\/games.tactic.net\/pl\/wp-json\/wp\/v2\/product_brand?post=484584"},{"taxonomy":"product_cat","embeddable":true,"href":"https:\/\/games.tactic.net\/pl\/wp-json\/wp\/v2\/product_cat?post=484584"},{"taxonomy":"product_tag","embeddable":true,"href":"https:\/\/games.tactic.net\/pl\/wp-json\/wp\/v2\/product_tag?post=484584"},{"taxonomy":"brand","embeddable":true,"href":"https:\/\/games.tactic.net\/pl\/wp-json\/wp\/v2\/brand?post=484584"},{"taxonomy":"target-group","embeddable":true,"href":"https:\/\/games.tactic.net\/pl\/wp-json\/wp\/v2\/target-group?post=484584"},{"taxonomy":"discontinued","embeddable":true,"href":"https:\/\/games.tactic.net\/pl\/wp-json\/wp\/v2\/discontinued?post=484584"}],"curies":[{"name":"wp","href":"https:\/\/api.w.org\/{rel}","templated":true}]}}