{"id":479122,"date":"2022-02-08T23:20:47","date_gmt":"2022-02-08T21:20:47","guid":{"rendered":"https:\/\/games.tactic.net\/tuote\/go-go-eskimo\/"},"modified":"2022-02-08T23:20:47","modified_gmt":"2022-02-08T21:20:47","slug":"go-go-eskimo","status":"archive","type":"product","link":"https:\/\/games.tactic.net\/pl\/tuote\/go-go-eskimo\/","title":{"rendered":"Go Go Eskimo"},"content":{"rendered":"<p><span style=\"font-size: 8pt;font-family: MyriadPro\">Przesuwaj poszukiwaczy przyg\u00f3d po \u015bcie\u017ckach i spr\u00f3buj zebra\u0107 jak najwi\u0119cej jednakowych kr\u0105\u017ck\u00f3w z rybami! Wygrywa osoba, kt\u00f3ra zarobi najwi\u0119cej na sprzeda\u017cy z\u0142owionych ryb! Aby zwyci\u0119\u017cy\u0107 w tej przygodzie, kt\u00f3ra jest przeznaczona dla ca\u0142ej rodziny, trzeba zastosowa\u0107 odrobin\u0119 strategii i mie\u0107 troch\u0119 szcz\u0119\u015bcia.<\/span><\/p>\n<ul>\n<li style=\"font-size: 9pt;font-family: MyriadPro\">\n<p><span style=\"font-size: 9pt\">W zestawie z wysokiej jako\u015bci elementami wykonanymi z drewna oraz nied\u017awiedziem polarnym.<\/span><\/p>\n<\/li>\n<li style=\"font-size: 9pt;font-family: MyriadPro\">\n<p><span style=\"font-size: 9pt\">Nied\u017awied\u017a wywo\u0142uje jeszcze wi\u0119ksze emocje.<\/span><\/p>\n<\/li>\n<li style=\"font-size: 9pt;font-family: MyriadPro\">\n<p><span style=\"font-size: 9pt\">Ekscytuj\u0105ca rozgrywka, opracowana przez<\/span><span style=\"font-size: 9pt\">\u015bwiatowej s\u0142awy projektanta gier!<\/span><\/p>\n<\/li>\n<\/ul>\n<div><font color=\"#1a171b\" face=\"MyriadPro\"><span style=\"font-size: 12px\"><\/p>\n<div>\n<div>Zawarto\u015b\u0107: plansza do gry, 6 g\u00f3r lodowych, 6 figur Eskimos\u00f3w, 1 figura nied\u017awiedzia polarnego, 18 p\u0142ytek-ryb, 24 \u017cetony ryb, 54 karty, 47 kartonowych monet, zasady.<\/div>\n<div><\/div>\n<div>Gra przeznaczona dla 2-6 graczy w wieku 7+.<\/div>\n<\/div>\n<p><\/span><\/font><\/div>\n","protected":false},"excerpt":{"rendered":"\n<div class=\"page\" title=\"Page 11\">\n<div class=\"layoutArea\">\n<div class=\"column\">\n<p><span style=\"font-family: MyriadPro\"><font size=\"4\">Przesuwaj poszukiwaczy przyg\u00f3d po \u015bcie\u017ckach i spr\u00f3buj<br \/>\nzebra\u0107 jak najwi\u0119cej jednakowych kr\u0105\u017ck\u00f3w z rybami!<\/font><\/span><\/p>\n<\/p><\/div>\n<\/p><\/div>\n<\/p><\/div>\n","protected":false},"featured_media":0,"template":"","meta":{"content-type":"","_monsterinsights_skip_tracking":false,"_monsterinsights_sitenote_active":false,"_monsterinsights_sitenote_note":"","_monsterinsights_sitenote_category":0},"product_brand":[],"product_cat":[1805],"product_tag":[],"brand":[],"target-group":[],"discontinued":[],"class_list":{"0":"post-479122","1":"product","2":"type-product","3":"status-archive","5":"product_cat-gry-planszowe","7":"first","8":"outofstock","9":"taxable","10":"shipping-taxable","11":"product-type-simple"},"aioseo_notices":[],"_links":{"self":[{"href":"https:\/\/games.tactic.net\/pl\/wp-json\/wp\/v2\/product\/479122","targetHints":{"allow":["GET"]}}],"collection":[{"href":"https:\/\/games.tactic.net\/pl\/wp-json\/wp\/v2\/product"}],"about":[{"href":"https:\/\/games.tactic.net\/pl\/wp-json\/wp\/v2\/types\/product"}],"wp:attachment":[{"href":"https:\/\/games.tactic.net\/pl\/wp-json\/wp\/v2\/media?parent=479122"}],"wp:term":[{"taxonomy":"product_brand","embeddable":true,"href":"https:\/\/games.tactic.net\/pl\/wp-json\/wp\/v2\/product_brand?post=479122"},{"taxonomy":"product_cat","embeddable":true,"href":"https:\/\/games.tactic.net\/pl\/wp-json\/wp\/v2\/product_cat?post=479122"},{"taxonomy":"product_tag","embeddable":true,"href":"https:\/\/games.tactic.net\/pl\/wp-json\/wp\/v2\/product_tag?post=479122"},{"taxonomy":"brand","embeddable":true,"href":"https:\/\/games.tactic.net\/pl\/wp-json\/wp\/v2\/brand?post=479122"},{"taxonomy":"target-group","embeddable":true,"href":"https:\/\/games.tactic.net\/pl\/wp-json\/wp\/v2\/target-group?post=479122"},{"taxonomy":"discontinued","embeddable":true,"href":"https:\/\/games.tactic.net\/pl\/wp-json\/wp\/v2\/discontinued?post=479122"}],"curies":[{"name":"wp","href":"https:\/\/api.w.org\/{rel}","templated":true}]}}